{"id":10636,"date":"2013-06-17T19:28:02","date_gmt":"2013-06-17T19:28:02","guid":{"rendered":"http:\/\/centrowhite.org.br\/?page_id=10636"},"modified":"2013-06-17T19:28:02","modified_gmt":"2013-06-17T19:28:02","slug":"serie-150-anos-iasd","status":"publish","type":"page","link":"https:\/\/brendolin.com.br\/centrowhite\/iasd\/serie-150-anos-iasd\/","title":{"rendered":"S\u00e9rie 150 anos IASD"},"content":{"rendered":"<p>\t\t\t\t<a href=\"http:\/\/centrowhite.org.br\/wp-content\/uploads\/2013\/06\/S\u00c3\u00a9rie-150-anos-da-IASD-Parte-1-A.mp4\">S\u00e9rie 150 anos da IASD &#8211; Parte 1 (A)<\/a><\/p>\n<p><a href=\"http:\/\/centrowhite.org.br\/wp-content\/uploads\/2013\/06\/S\u00c3\u00a9rie-150-anos-da-IASD-Parte-1-B.mp4\">S\u00e9rie 150 anos da IASD &#8211; Parte 1 (B)<\/a><\/p>\n<p><a href=\"http:\/\/centrowhite.org.br\/wp-content\/uploads\/2013\/06\/S\u00c3\u00a9rie-150-anos-da-IASD-Parte-2-A.mp4\">S\u00e9rie 150 anos da IASD &#8211; Parte 2 (A)<\/a><\/p>\n<p><a href=\"http:\/\/centrowhite.org.br\/wp-content\/uploads\/2013\/06\/S\u00c3\u00a9rie-150-anos-da-IASD-Parte-2-B.mp4\">S\u00e9rie 150 anos da IASD &#8211; Parte 2 (B)<\/a><\/p>\n<p><a href=\"http:\/\/centrowhite.org.br\/wp-content\/uploads\/2013\/06\/S\u00c3\u00a9rie-150-anos-da-IASD-Parte-3-A.mp4\">S\u00e9rie 150 anos da IASD &#8211; Parte 3 (A)<\/a><\/p>\n<p><a href=\"http:\/\/centrowhite.org.br\/wp-content\/uploads\/2013\/06\/S\u00c3\u00a9rie-150-anos-da-IASD-Parte-3-B.mp4\">S\u00e9rie 150 anos da IASD &#8211; Parte 3 (B)<\/a><\/p>\n<p><a href=\"http:\/\/centrowhite.org.br\/wp-content\/uploads\/2013\/06\/S\u00c3\u00a9rie-150-anos-da-IASD-Parte-4.mp4\">S\u00e9rie 150 anos da IASD &#8211; Parte 4<\/a><\/p>\n<p><a href=\"http:\/\/centrowhite.org.br\/wp-content\/uploads\/2013\/06\/S\u00c3\u00a9rie-150-anos-da-IASD-Parte-5-Final.mp4\">S\u00e9rie 150 anos da IASD &#8211; Parte 5 (Final)<\/a>\t\t<\/p>\n","protected":false},"excerpt":{"rendered":"<p>S\u00e9rie 150 anos da IASD &#8211; Parte 1 (A) S\u00e9rie 150 anos da IASD &#8211; Parte 1 (B) S\u00e9rie 150 anos da IASD &#8211; Parte 2 (A) S\u00e9rie 150 anos da IASD &#8211; Parte 2 (B) S\u00e9rie 150 anos da IASD &#8211; Parte 3 (A) S\u00e9rie 150 anos da IASD &#8211; Parte 3 (B) S\u00e9rie [&hellip;]<\/p>\n","protected":false},"author":1,"featured_media":0,"parent":498,"menu_order":0,"comment_status":"closed","ping_status":"open","template":"","meta":{"footnotes":""},"class_list":["post-10636","page","type-page","status-publish","hentry"],"_links":{"self":[{"href":"https:\/\/brendolin.com.br\/centrowhite\/wp-json\/wp\/v2\/pages\/10636","targetHints":{"allow":["GET"]}}],"collection":[{"href":"https:\/\/brendolin.com.br\/centrowhite\/wp-json\/wp\/v2\/pages"}],"about":[{"href":"https:\/\/brendolin.com.br\/centrowhite\/wp-json\/wp\/v2\/types\/page"}],"author":[{"embeddable":true,"href":"https:\/\/brendolin.com.br\/centrowhite\/wp-json\/wp\/v2\/users\/1"}],"replies":[{"embeddable":true,"href":"https:\/\/brendolin.com.br\/centrowhite\/wp-json\/wp\/v2\/comments?post=10636"}],"version-history":[{"count":0,"href":"https:\/\/brendolin.com.br\/centrowhite\/wp-json\/wp\/v2\/pages\/10636\/revisions"}],"up":[{"embeddable":true,"href":"https:\/\/brendolin.com.br\/centrowhite\/wp-json\/wp\/v2\/pages\/498"}],"wp:attachment":[{"href":"https:\/\/brendolin.com.br\/centrowhite\/wp-json\/wp\/v2\/media?parent=10636"}],"curies":[{"name":"wp","href":"https:\/\/api.w.org\/{rel}","templated":true}]}}