{"id":11247,"date":"2014-01-15T12:16:38","date_gmt":"2014-01-15T12:16:38","guid":{"rendered":"http:\/\/centrowhite.org.br\/?page_id=11247"},"modified":"2014-01-15T12:16:38","modified_gmt":"2014-01-15T12:16:38","slug":"videos","status":"publish","type":"page","link":"https:\/\/brendolin.com.br\/centrowhite\/videos\/","title":{"rendered":"V\u00eddeos"},"content":{"rendered":"<ul>\n<li><strong style=\"font-size: 17px;\">A Quest\u00e3o da Trindade:\u00a0<\/strong><a style=\"font-size: 17px;\" title=\"Video: O Esp\u00edrito Santo como Pessoa da Divindade\" href=\"http:\/\/centrowhite.org.br\/videos\/video-o-espirito-santo-como-pessoa-da-divindade\/\">O Esp\u00edrito Santo como Pessoa da Divindade<\/a><\/li>\n<li><a style=\"font-size: 17px;\" title=\"150 anos de Associa\u00e7\u00e3o Geral\" href=\"http:\/\/www.youtube.com\/watch?v=ckS_iKAwPLQ\" target=\"_blank\" rel=\"noopener\">150 anos de Associa\u00e7\u00e3o Geral<\/a><\/li>\n<li><a title=\"Vida de 27 pioneiros do Movimento Adventista\" href=\"http:\/\/www.fredbischoff.com\/?page_id=21\" target=\"_blank\" rel=\"noopener\">Vida de 27 pioneiros do Movimento Adventista<\/a> (em ingl\u00eas)<\/li>\n<li><a title=\"O Presente de Nick\" href=\"http:\/\/www.centrowhite.org.br\/?p=13302\">O Presente de Nick<\/a>\u00a0(<span style=\"color: #111111;\">A hist\u00f3ria de Ellen G. White, escritora e pioneira da igreja Adventista, contada para crian\u00e7as.)<\/span><\/li>\n<\/ul>\n","protected":false},"excerpt":{"rendered":"<p>A Quest\u00e3o da Trindade:\u00a0O Esp\u00edrito Santo como Pessoa da Divindade 150 anos de Associa\u00e7\u00e3o Geral Vida de 27 pioneiros do Movimento Adventista (em ingl\u00eas) O Presente de Nick\u00a0(A hist\u00f3ria de Ellen G. White, escritora e pioneira da igreja Adventista, contada para crian\u00e7as.)<\/p>\n","protected":false},"author":1,"featured_media":0,"parent":0,"menu_order":0,"comment_status":"closed","ping_status":"closed","template":"","meta":{"footnotes":""},"class_list":["post-11247","page","type-page","status-publish","hentry"],"_links":{"self":[{"href":"https:\/\/brendolin.com.br\/centrowhite\/wp-json\/wp\/v2\/pages\/11247","targetHints":{"allow":["GET"]}}],"collection":[{"href":"https:\/\/brendolin.com.br\/centrowhite\/wp-json\/wp\/v2\/pages"}],"about":[{"href":"https:\/\/brendolin.com.br\/centrowhite\/wp-json\/wp\/v2\/types\/page"}],"author":[{"embeddable":true,"href":"https:\/\/brendolin.com.br\/centrowhite\/wp-json\/wp\/v2\/users\/1"}],"replies":[{"embeddable":true,"href":"https:\/\/brendolin.com.br\/centrowhite\/wp-json\/wp\/v2\/comments?post=11247"}],"version-history":[{"count":0,"href":"https:\/\/brendolin.com.br\/centrowhite\/wp-json\/wp\/v2\/pages\/11247\/revisions"}],"wp:attachment":[{"href":"https:\/\/brendolin.com.br\/centrowhite\/wp-json\/wp\/v2\/media?parent=11247"}],"curies":[{"name":"wp","href":"https:\/\/api.w.org\/{rel}","templated":true}]}}