{"id":11310,"date":"2014-01-15T12:48:03","date_gmt":"2014-01-15T12:48:03","guid":{"rendered":"http:\/\/centrowhite.org.br\/?page_id=11310"},"modified":"2014-01-15T12:48:03","modified_gmt":"2014-01-15T12:48:03","slug":"materiais-em-ingles","status":"publish","type":"page","link":"https:\/\/brendolin.com.br\/centrowhite\/downloads\/materiais-em-ingles\/","title":{"rendered":"Materiais em Ingl\u00eas"},"content":{"rendered":"<h2>V\u00eddeos dos 27 Pioneiros (<a title=\"Vida dos 27 pioneiros (revis\u00e3o em v\u00eddeo)\" href=\"http:\/\/www.fredbischoff.com\/?page_id=21\" target=\"_blank\" rel=\"noopener\">link externo<\/a>)<\/h2>\n<h2>Livros de Ellen White em \u00e1udio (<a title=\"Livros de Ellen White em \u00e1udio (ingl\u00eas)\" href=\"http:\/\/ellenwhiteaudio.org\/\" target=\"_blank\" rel=\"noopener\">link externo<\/a>)<\/h2>\n<h2>Serm\u00f5es da Confer\u00eancia dos Jovens nos EUA (<a title=\"Serm\u00f5es em \u00e1udio da GYC\" href=\"http:\/\/gycweb.org\/resources\/\" target=\"_blank\" rel=\"noopener\">link externo<\/a>)<\/h2>\n<h2>Serm\u00f5es em Geral (<a title=\"Serm\u00f5es de reavivamento em ingl\u00eas\" href=\"https:\/\/www.audioverse.org\/english\/\" target=\"_blank\" rel=\"noopener\">link externo<\/a>)<\/h2>\n<h2>TVs Adventistas:<\/h2>\n<table border=\"0\" width=\"600\" align=\"center\">\n<tbody>\n<tr>\n<th style=\"background: white; text-align: center;\" scope=\"col\" align=\"center\"><a href=\"http:\/\/3abn.org\/\">3ABN<\/a><\/th>\n<th style=\"background: white; text-align: center;\" scope=\"col\" align=\"center\"><a href=\"http:\/\/www.amazingfacts.org\/\">Amazing Facts<\/a><\/th>\n<th style=\"background: white; text-align: center;\" scope=\"col\" align=\"center\"><a href=\"http:\/\/www.amazingfacts.tv\/\">Amazing Facts TV<\/a><\/th>\n<th style=\"background: white; text-align: center;\" scope=\"col\" align=\"center\"><a href=\"http:\/\/www.hopetv.org\/\">Hope Channel<\/a><\/th>\n<\/tr>\n<\/tbody>\n<\/table>\n","protected":false},"excerpt":{"rendered":"<p>V\u00eddeos dos 27 Pioneiros (link externo) Livros de Ellen White em \u00e1udio (link externo) Serm\u00f5es da Confer\u00eancia dos Jovens nos EUA (link externo) Serm\u00f5es em Geral (link externo) TVs Adventistas: 3ABN Amazing Facts Amazing Facts TV Hope Channel<\/p>\n","protected":false},"author":1,"featured_media":0,"parent":2142,"menu_order":0,"comment_status":"closed","ping_status":"closed","template":"","meta":{"footnotes":""},"class_list":["post-11310","page","type-page","status-publish","hentry"],"_links":{"self":[{"href":"https:\/\/brendolin.com.br\/centrowhite\/wp-json\/wp\/v2\/pages\/11310","targetHints":{"allow":["GET"]}}],"collection":[{"href":"https:\/\/brendolin.com.br\/centrowhite\/wp-json\/wp\/v2\/pages"}],"about":[{"href":"https:\/\/brendolin.com.br\/centrowhite\/wp-json\/wp\/v2\/types\/page"}],"author":[{"embeddable":true,"href":"https:\/\/brendolin.com.br\/centrowhite\/wp-json\/wp\/v2\/users\/1"}],"replies":[{"embeddable":true,"href":"https:\/\/brendolin.com.br\/centrowhite\/wp-json\/wp\/v2\/comments?post=11310"}],"version-history":[{"count":0,"href":"https:\/\/brendolin.com.br\/centrowhite\/wp-json\/wp\/v2\/pages\/11310\/revisions"}],"up":[{"embeddable":true,"href":"https:\/\/brendolin.com.br\/centrowhite\/wp-json\/wp\/v2\/pages\/2142"}],"wp:attachment":[{"href":"https:\/\/brendolin.com.br\/centrowhite\/wp-json\/wp\/v2\/media?parent=11310"}],"curies":[{"name":"wp","href":"https:\/\/api.w.org\/{rel}","templated":true}]}}