{"id":1134,"date":"2013-01-15T18:17:17","date_gmt":"2013-01-15T18:17:17","guid":{"rendered":"http:\/\/centrowhite.org.br\/?page_id=1134"},"modified":"2013-01-15T18:17:17","modified_gmt":"2013-01-15T18:17:17","slug":"imagens","status":"publish","type":"page","link":"https:\/\/brendolin.com.br\/centrowhite\/downloads\/imagens\/","title":{"rendered":"Imagens"},"content":{"rendered":"<h2 style=\"text-align: center;\">Ellen White e da hist\u00f3ria\u00a0da Igreja Adventista do S\u00e9timo Dia<\/h2>\n<div class=\"links-icones\">\n<ul class=\"links-icones\">\n<li><a title=\"Educa\u00e7\u00e3o\" href=\"http:\/\/centrowhite.org.br\/downloads\/imagens\/educacao\/\"><img loading=\"lazy\" decoding=\"async\" class=\"alignnone size-full wp-image-3946\" src=\"http:\/\/centrowhite.org.br\/wp-content\/uploads\/2013\/01\/educacao.png\" alt=\"Educa\u00e7\u00e3o\" width=\"133\" height=\"143\" \/>Educa\u00e7\u00e3o<\/a><\/li>\n<li><a title=\"Espiritismo Moderno\" href=\"http:\/\/centrowhite.org.br\/downloads\/imagens\/espiritismo-moderno\/\"><img loading=\"lazy\" decoding=\"async\" class=\"alignnone size-full wp-image-3947\" src=\"http:\/\/centrowhite.org.br\/wp-content\/uploads\/2013\/01\/espiritismo.png\" alt=\"Espiritismo\" width=\"133\" height=\"143\" \/>Espiritismo Moderno<\/a><\/li>\n<li><a title=\"Eventos\" href=\"http:\/\/centrowhite.org.br\/downloads\/imagens\/eventos\/\"><img loading=\"lazy\" decoding=\"async\" class=\"alignnone size-full wp-image-3949\" src=\"http:\/\/centrowhite.org.br\/wp-content\/uploads\/2013\/01\/eventos.png\" alt=\"Eventos\" width=\"133\" height=\"143\" \/>Eventos<\/a><\/li>\n<li><a title=\"Fam\u00edlia White\" href=\"http:\/\/centrowhite.org.br\/downloads\/imagens\/familia-white\/\"><img loading=\"lazy\" decoding=\"async\" class=\"alignnone size-full wp-image-3951\" src=\"http:\/\/centrowhite.org.br\/wp-content\/uploads\/2013\/01\/familia-white.png\" alt=\"Tiago White\" width=\"133\" height=\"143\" \/>Fam\u00edlia White<\/a><\/li>\n<li><a title=\"Guilherme Miller\" href=\"http:\/\/centrowhite.org.br\/downloads\/imagens\/guilherme-miller\/\"><img loading=\"lazy\" decoding=\"async\" class=\"alignnone size-full wp-image-3958\" src=\"http:\/\/centrowhite.org.br\/wp-content\/uploads\/2013\/01\/william-miller.png\" alt=\"William Miller\" width=\"133\" height=\"143\" \/>Guilherme Miller<\/a><\/li>\n<li><a title=\"Dr. John Harvey Kellogg\" href=\"http:\/\/centrowhite.org.br\/downloads\/imagens\/dr-john-harvey-kellogg\/\"><img loading=\"lazy\" decoding=\"async\" class=\"alignnone size-full wp-image-3948\" src=\"http:\/\/centrowhite.org.br\/wp-content\/uploads\/2013\/01\/kellogg.png\" alt=\"Dr. John Harvey Kellogg\" width=\"133\" height=\"143\" \/>John Harvey Kellogg<\/a><\/li>\n<li><a title=\"Hospitais\" href=\"http:\/\/centrowhite.org.br\/downloads\/imagens\/hospitais\/\"><img loading=\"lazy\" decoding=\"async\" class=\"alignnone size-full wp-image-4050\" src=\"http:\/\/centrowhite.org.br\/wp-content\/uploads\/2013\/01\/hospitais.png\" alt=\"Sanat\u00f3rio de Battle Creek\" width=\"133\" height=\"143\" \/>Hospitais<\/a><\/li>\n<li><a title=\"Institui\u00e7\u00f5es e Igrejas\" href=\"http:\/\/centrowhite.org.br\/downloads\/imagens\/instituicoes-e-igrejas\/\"><img loading=\"lazy\" decoding=\"async\" class=\"alignnone size-full wp-image-4051\" src=\"http:\/\/centrowhite.org.br\/wp-content\/uploads\/2013\/01\/igrejas.png\" alt=\"Tabern\u00e1culo Dime\" width=\"133\" height=\"143\" \/>Institui\u00e7\u00f5es e Igrejas<\/a><\/li>\n<li><a title=\"Lugares Hist\u00f3ricos\" href=\"http:\/\/centrowhite.org.br\/downloads\/imagens\/lugares-historicos\/\"><img loading=\"lazy\" decoding=\"async\" class=\"alignnone size-full wp-image-4052\" src=\"http:\/\/centrowhite.org.br\/wp-content\/uploads\/2013\/01\/lugares-historicos.png\" alt=\"Casa de Joseph Bates\" width=\"133\" height=\"143\" \/>Lugares Hist\u00f3ricos<\/a><\/li>\n<li><a title=\"Meios de Transporte\" href=\"http:\/\/centrowhite.org.br\/downloads\/imagens\/meios-de-transporte\/\"><img loading=\"lazy\" decoding=\"async\" class=\"alignnone size-full wp-image-4053\" src=\"http:\/\/centrowhite.org.br\/wp-content\/uploads\/2013\/01\/meios-de-transporte.png\" alt=\"Navio Pitcairn\" width=\"133\" height=\"143\" \/>Meios de Transporte<\/a><\/li>\n<li><a title=\"Pioneiros Mundiais\" href=\"http:\/\/centrowhite.org.br\/downloads\/imagens\/pioneiros-mundiais\/\"><img loading=\"lazy\" decoding=\"async\" class=\"alignnone size-full wp-image-3557\" src=\"http:\/\/centrowhite.org.br\/wp-content\/uploads\/2013\/01\/imagens.png\" alt=\"J. N. Andrews\" width=\"133\" height=\"143\" \/>Pioneiros Mundiais<\/a><\/li>\n<li><a title=\"Publica\u00e7\u00f5es\" href=\"http:\/\/centrowhite.org.br\/downloads\/imagens\/publicacoes\/\"><img loading=\"lazy\" decoding=\"async\" class=\"alignnone size-full wp-image-4055\" src=\"http:\/\/centrowhite.org.br\/wp-content\/uploads\/2013\/01\/publicacoes.png\" alt=\"Publica\u00e7\u00f5es\" width=\"133\" height=\"143\" \/>Publica\u00e7\u00f5es<\/a><\/li>\n<li><a title=\"Pessoas\" href=\"http:\/\/centrowhite.org.br\/downloads\/imagens\/pessoas\/\"><img loading=\"lazy\" decoding=\"async\" class=\"alignnone size-full wp-image-4058\" src=\"http:\/\/centrowhite.org.br\/wp-content\/uploads\/2013\/01\/pessoas.png\" alt=\"E. A. Sutherland\" width=\"133\" height=\"143\" \/>Personalidades Hist\u00f3ricas Mundiais<\/a><\/li>\n<li><a title=\"Servidores da IASD no Brasil\" href=\"http:\/\/centrowhite.org.br\/downloads\/imagens\/\"><img loading=\"lazy\" decoding=\"async\" class=\"alignnone size-full wp-image-7883\" src=\"http:\/\/centrowhite.org.br\/wp-content\/uploads\/2013\/01\/brasil.png\" alt=\"Roberto Rabello\" width=\"133\" height=\"143\" \/>Personalidades Hist\u00f3ricas Brasileiras<br \/>\n<\/a><\/li>\n<\/ul>\n<\/div>\n","protected":false},"excerpt":{"rendered":"<p>Ellen White e da hist\u00f3ria\u00a0da Igreja Adventista do S\u00e9timo Dia Educa\u00e7\u00e3o Espiritismo Moderno Eventos Fam\u00edlia White Guilherme Miller John Harvey Kellogg Hospitais Institui\u00e7\u00f5es e Igrejas Lugares Hist\u00f3ricos Meios de Transporte Pioneiros Mundiais Publica\u00e7\u00f5es Personalidades Hist\u00f3ricas Mundiais Personalidades Hist\u00f3ricas Brasileiras<\/p>\n","protected":false},"author":1,"featured_media":0,"parent":2142,"menu_order":0,"comment_status":"closed","ping_status":"open","template":"page-imagens.php","meta":{"footnotes":""},"class_list":["post-1134","page","type-page","status-publish","hentry"],"_links":{"self":[{"href":"https:\/\/brendolin.com.br\/centrowhite\/wp-json\/wp\/v2\/pages\/1134","targetHints":{"allow":["GET"]}}],"collection":[{"href":"https:\/\/brendolin.com.br\/centrowhite\/wp-json\/wp\/v2\/pages"}],"about":[{"href":"https:\/\/brendolin.com.br\/centrowhite\/wp-json\/wp\/v2\/types\/page"}],"author":[{"embeddable":true,"href":"https:\/\/brendolin.com.br\/centrowhite\/wp-json\/wp\/v2\/users\/1"}],"replies":[{"embeddable":true,"href":"https:\/\/brendolin.com.br\/centrowhite\/wp-json\/wp\/v2\/comments?post=1134"}],"version-history":[{"count":0,"href":"https:\/\/brendolin.com.br\/centrowhite\/wp-json\/wp\/v2\/pages\/1134\/revisions"}],"up":[{"embeddable":true,"href":"https:\/\/brendolin.com.br\/centrowhite\/wp-json\/wp\/v2\/pages\/2142"}],"wp:attachment":[{"href":"https:\/\/brendolin.com.br\/centrowhite\/wp-json\/wp\/v2\/media?parent=1134"}],"curies":[{"name":"wp","href":"https:\/\/api.w.org\/{rel}","templated":true}]}}