{"id":12315,"date":"2018-03-05T10:25:25","date_gmt":"2018-03-05T13:25:25","guid":{"rendered":"http:\/\/www.centrowhite.org.br\/?page_id=12315"},"modified":"2018-03-05T10:25:25","modified_gmt":"2018-03-05T13:25:25","slug":"artigos-de-periodicos","status":"publish","type":"page","link":"https:\/\/brendolin.com.br\/centrowhite\/artigos-de-periodicos\/","title":{"rendered":"Artigos de Peri\u00f3dicos"},"content":{"rendered":"<h2>Ultimas atualiza\u00e7\u00f5es<\/h2>\n<ul>\n<li><a title=\"Frederick Griggs: sua vida, obra e influ\u00eancia como l\u00edder da educa\u00e7\u00e3o adventista do s\u00e9timo dia\" href=\"http:\/\/www.centrowhite.org.br\/wp-content\/uploads\/2018\/03\/1frederickgriggs.pdf\" target=\"_blank\" rel=\"noopener\">Frederick Griggs: sua vida, obra e influ\u00eancia como l\u00edder da educa\u00e7\u00e3o adventista do s\u00e9timo dia<\/a><\/li>\n<li><a title=\"O g\u00eanesis em documentos mesopot\u00e2micos\" href=\"http:\/\/www.centrowhite.org.br\/wp-content\/uploads\/2018\/03\/2ogenesisemdocumentos.pdf\" target=\"_blank\" rel=\"noopener\">O g\u00eanesis em documentos mesopot\u00e2micos<\/a><\/li>\n<\/ul>\n<hr \/>\n<ul>\n<li><a title=\"The relationship between creation and redemption in old testament scholarly debate\" href=\"http:\/\/www.centrowhite.org.br\/wp-content\/uploads\/2018\/03\/3therelationship.pdf\" target=\"_blank\" rel=\"noopener\">The relationship between creation and redemption in old testament scholarly debate (A rela\u00e7\u00e3o entre cria\u00e7\u00e3o e reden\u00e7\u00e3o no debate acad\u00eamico do antigo testamento)<\/a><\/li>\n<\/ul>\n<hr \/>\n<ul>\n<li><a title=\"Princ\u00edpios gerais para a educa\u00e7\u00e3o dos filhos\" href=\"http:\/\/www.centrowhite.org.br\/wp-content\/uploads\/2018\/03\/4principiosgeraisparaosfilhos.pdf\" target=\"_blank\" rel=\"noopener\">Princ\u00edpios gerais para a educa\u00e7\u00e3o dos filhos<\/a><\/li>\n<li><a title=\"Os filhos de Deus em G\u00eanesis 6.1-4\" href=\"http:\/\/www.centrowhite.org.br\/wp-content\/uploads\/2018\/03\/5osfilhosdedeus.pdf\" target=\"_blank\" rel=\"noopener\">Os &#8220;filhos de Deus&#8221; em G\u00eanesis 6.1-4<\/a><\/li>\n<li><a title=\"As teorias da interpreta\u00e7\u00e3o da hist\u00f3ria e a profecia\" href=\"http:\/\/www.centrowhite.org.br\/wp-content\/uploads\/2018\/03\/6asteoriasda.pdf\" target=\"_blank\" rel=\"noopener\">As teorias da interpreta\u00e7\u00e3o da hist\u00f3ria e a profecia<\/a><\/li>\n<\/ul>\n<hr \/>\n<ul>\n<li><a title=\"Os 1.290 e 1.335 dias de Daniel 12\" href=\"http:\/\/www.centrowhite.org.br\/wp-content\/uploads\/2018\/03\/7osdiasdedaniel 12.pdf\" target=\"_blank\" rel=\"noopener\">Os 1.290 e 1.335 dias de Daniel 12<\/a><\/li>\n<li><a title=\"A b\u00edblia e a inerr\u00e2ncia\" href=\"http:\/\/www.centrowhite.org.br\/wp-content\/uploads\/2018\/03\/8abiblia.pdf\" target=\"_blank\" rel=\"noopener\">A b\u00edblia e a inerr\u00e2ncia<\/a><\/li>\n<li><a title=\"A forma liter\u00e1ria do \u201cor\u00e1culo contra Israel\u201d em Am\u00f3s 2.6-16\" href=\"http:\/\/www.centrowhite.org.br\/wp-content\/uploads\/2018\/03\/9aforma.pdf\" target=\"_blank\" rel=\"noopener\">A forma liter\u00e1ria do \u201cor\u00e1culo contra Israel\u201d em Am\u00f3s 2.6-16<\/a><\/li>\n<li><a title=\"A historicidade de Nabucodonosor\" href=\"http:\/\/www.centrowhite.org.br\/wp-content\/uploads\/2018\/03\/10ahistoricidade.pdf\" target=\"_blank\" rel=\"noopener\">A historicidade de Nabucodonosor<\/a><\/li>\n<li><a title=\"A \u201calian\u00e7a\u201d e a economia patriarcal\" href=\"http:\/\/www.centrowhite.org.br\/wp-content\/uploads\/2018\/03\/11aalianca.pdf\" target=\"_blank\" rel=\"noopener\">A \u201calian\u00e7a\u201d e a economia patriarcal<\/a><\/li>\n<\/ul>\n","protected":false},"excerpt":{"rendered":"<p>Ultimas atualiza\u00e7\u00f5es Frederick Griggs: sua vida, obra e influ\u00eancia como l\u00edder da educa\u00e7\u00e3o adventista do s\u00e9timo dia O g\u00eanesis em documentos mesopot\u00e2micos The relationship between creation and redemption in old testament scholarly debate (A rela\u00e7\u00e3o entre cria\u00e7\u00e3o e reden\u00e7\u00e3o no debate acad\u00eamico do antigo testamento) Princ\u00edpios gerais para a educa\u00e7\u00e3o dos filhos Os &#8220;filhos de [&hellip;]<\/p>\n","protected":false},"author":1,"featured_media":0,"parent":0,"menu_order":0,"comment_status":"closed","ping_status":"closed","template":"","meta":{"footnotes":""},"class_list":["post-12315","page","type-page","status-publish","hentry"],"_links":{"self":[{"href":"https:\/\/brendolin.com.br\/centrowhite\/wp-json\/wp\/v2\/pages\/12315","targetHints":{"allow":["GET"]}}],"collection":[{"href":"https:\/\/brendolin.com.br\/centrowhite\/wp-json\/wp\/v2\/pages"}],"about":[{"href":"https:\/\/brendolin.com.br\/centrowhite\/wp-json\/wp\/v2\/types\/page"}],"author":[{"embeddable":true,"href":"https:\/\/brendolin.com.br\/centrowhite\/wp-json\/wp\/v2\/users\/1"}],"replies":[{"embeddable":true,"href":"https:\/\/brendolin.com.br\/centrowhite\/wp-json\/wp\/v2\/comments?post=12315"}],"version-history":[{"count":0,"href":"https:\/\/brendolin.com.br\/centrowhite\/wp-json\/wp\/v2\/pages\/12315\/revisions"}],"wp:attachment":[{"href":"https:\/\/brendolin.com.br\/centrowhite\/wp-json\/wp\/v2\/media?parent=12315"}],"curies":[{"name":"wp","href":"https:\/\/api.w.org\/{rel}","templated":true}]}}