{"id":14370,"date":"2021-03-30T08:55:43","date_gmt":"2021-03-30T11:55:43","guid":{"rendered":"http:\/\/www.centrowhite.org.br\/?page_id=14370"},"modified":"2021-03-30T08:55:43","modified_gmt":"2021-03-30T11:55:43","slug":"principais-ensinos","status":"publish","type":"page","link":"https:\/\/brendolin.com.br\/centrowhite\/ellen-g-white\/principais-ensinos\/","title":{"rendered":"Principais Ensinos (Em Breve)"},"content":{"rendered":"<p>\t\t\t\t<strong>Educa\u00e7\u00e3o<\/strong><br \/>\nEstabelecimento de Escolas<br \/>\nPrinc\u00edpios Orientadores<br \/>\nValor da Educa\u00e7\u00e3o Adventista<\/p>\n<p><strong>Sa\u00fade<\/strong><br \/>\nAutocontrole<br \/>\nDepress\u00e3o e sa\u00fade mental<br \/>\nDieta \u00e0 base de plantas<br \/>\nPrinc\u00edpios Chave de Sa\u00fade<br \/>\nRelacionamentos<br \/>\nSexualidade<br \/>\nV\u00edcios<br \/>\nVida Saud\u00e1vel<\/p>\n<p><strong>Teologia<\/strong><br \/>\nA B\u00edblia<br \/>\nEstilo de Vida Crist\u00e3o<br \/>\nJesus Cristo<br \/>\nO amor de deus<br \/>\nO fim do mundo<br \/>\nO tema do grande conflito<br \/>\nSegunda vinda de Cristo\t\t<\/p>\n","protected":false},"excerpt":{"rendered":"<p>Educa\u00e7\u00e3o Estabelecimento de Escolas Princ\u00edpios Orientadores Valor da Educa\u00e7\u00e3o Adventista Sa\u00fade Autocontrole Depress\u00e3o e sa\u00fade mental Dieta \u00e0 base de plantas Princ\u00edpios Chave de Sa\u00fade Relacionamentos Sexualidade V\u00edcios Vida Saud\u00e1vel Teologia A B\u00edblia Estilo de Vida Crist\u00e3o Jesus Cristo O amor de deus O fim do mundo O tema do grande conflito Segunda vinda de [&hellip;]<\/p>\n","protected":false},"author":1,"featured_media":0,"parent":36,"menu_order":0,"comment_status":"closed","ping_status":"closed","template":"page-no-indent-narrow.php","meta":{"footnotes":""},"class_list":["post-14370","page","type-page","status-publish","hentry"],"_links":{"self":[{"href":"https:\/\/brendolin.com.br\/centrowhite\/wp-json\/wp\/v2\/pages\/14370","targetHints":{"allow":["GET"]}}],"collection":[{"href":"https:\/\/brendolin.com.br\/centrowhite\/wp-json\/wp\/v2\/pages"}],"about":[{"href":"https:\/\/brendolin.com.br\/centrowhite\/wp-json\/wp\/v2\/types\/page"}],"author":[{"embeddable":true,"href":"https:\/\/brendolin.com.br\/centrowhite\/wp-json\/wp\/v2\/users\/1"}],"replies":[{"embeddable":true,"href":"https:\/\/brendolin.com.br\/centrowhite\/wp-json\/wp\/v2\/comments?post=14370"}],"version-history":[{"count":0,"href":"https:\/\/brendolin.com.br\/centrowhite\/wp-json\/wp\/v2\/pages\/14370\/revisions"}],"up":[{"embeddable":true,"href":"https:\/\/brendolin.com.br\/centrowhite\/wp-json\/wp\/v2\/pages\/36"}],"wp:attachment":[{"href":"https:\/\/brendolin.com.br\/centrowhite\/wp-json\/wp\/v2\/media?parent=14370"}],"curies":[{"name":"wp","href":"https:\/\/api.w.org\/{rel}","templated":true}]}}