{"id":14372,"date":"2021-03-30T08:56:47","date_gmt":"2021-03-30T11:56:47","guid":{"rendered":"http:\/\/www.centrowhite.org.br\/?page_id=14372"},"modified":"2021-03-30T08:56:47","modified_gmt":"2021-03-30T11:56:47","slug":"vida-como-a-mensageira-do-senhor","status":"publish","type":"page","link":"https:\/\/brendolin.com.br\/centrowhite\/ellen-g-white\/vida-como-a-mensageira-do-senhor\/","title":{"rendered":"Vida como &#8220;A Mensageira do Senhor&#8221; (Em Breve)"},"content":{"rendered":"<p>\t\t\t\t<strong>Primeira Vis\u00e3o e Chamado ao Minist\u00e9rio<\/strong><\/p>\n<p><strong>Cofundadora do Adventismo<\/strong><\/p>\n<p><strong>Europa, Austr\u00e1lia e entre elas<\/strong><\/p>\n<p><strong>Uma m\u00e3o firme nas Crises<\/strong>\t\t<\/p>\n","protected":false},"excerpt":{"rendered":"<p>Primeira Vis\u00e3o e Chamado ao Minist\u00e9rio Cofundadora do Adventismo Europa, Austr\u00e1lia e entre elas Uma m\u00e3o firme nas Crises<\/p>\n","protected":false},"author":1,"featured_media":0,"parent":36,"menu_order":0,"comment_status":"closed","ping_status":"closed","template":"page-no-indent-narrow.php","meta":{"footnotes":""},"class_list":["post-14372","page","type-page","status-publish","hentry"],"_links":{"self":[{"href":"https:\/\/brendolin.com.br\/centrowhite\/wp-json\/wp\/v2\/pages\/14372","targetHints":{"allow":["GET"]}}],"collection":[{"href":"https:\/\/brendolin.com.br\/centrowhite\/wp-json\/wp\/v2\/pages"}],"about":[{"href":"https:\/\/brendolin.com.br\/centrowhite\/wp-json\/wp\/v2\/types\/page"}],"author":[{"embeddable":true,"href":"https:\/\/brendolin.com.br\/centrowhite\/wp-json\/wp\/v2\/users\/1"}],"replies":[{"embeddable":true,"href":"https:\/\/brendolin.com.br\/centrowhite\/wp-json\/wp\/v2\/comments?post=14372"}],"version-history":[{"count":0,"href":"https:\/\/brendolin.com.br\/centrowhite\/wp-json\/wp\/v2\/pages\/14372\/revisions"}],"up":[{"embeddable":true,"href":"https:\/\/brendolin.com.br\/centrowhite\/wp-json\/wp\/v2\/pages\/36"}],"wp:attachment":[{"href":"https:\/\/brendolin.com.br\/centrowhite\/wp-json\/wp\/v2\/media?parent=14372"}],"curies":[{"name":"wp","href":"https:\/\/api.w.org\/{rel}","templated":true}]}}