{"id":14400,"date":"2021-04-02T12:06:02","date_gmt":"2021-04-02T15:06:02","guid":{"rendered":"http:\/\/www.centrowhite.org.br\/?page_id=14400"},"modified":"2021-04-02T12:06:02","modified_gmt":"2021-04-02T15:06:02","slug":"audiobooks-apl","status":"publish","type":"page","link":"https:\/\/brendolin.com.br\/centrowhite\/downloads\/audiobooks-apl\/","title":{"rendered":"Audiolivros | Pioneiros Adventistas"},"content":{"rendered":"<h1>Audiolivros | Pioneiros Adventistas<\/h1>\n<p><img loading=\"lazy\" decoding=\"async\" class=\"alignleft  wp-image-1227\" src=\"http:\/\/centrowhite.org.br\/wp-content\/uploads\/2013\/01\/stockfresh_1625681_phone-and-headphone-on-white-background-isolated-3d-image_sizeXS_8f0d5a-cortada-small-281x300.jpg\" alt=\"iPod com Headfone ao redor\" width=\"118\" height=\"126\" \/><\/p>\n<p>&nbsp;<\/p>\n<p>Ou\u00e7a diversos livros de Pioneiros Adventistas. Aqui voc\u00ea pode baixar a narra\u00e7\u00e3o dos livros para seu computador, para seu carro, ou aparelho de mp3.<\/p>\n<p><strong>Em breve!<\/strong><\/p>\n<p><!-- FINAL FORMULARIO BOTAO PAGSEGURO -->\t\t<\/p>\n","protected":false},"excerpt":{"rendered":"<p>Audiolivros | Pioneiros Adventistas &nbsp; Ou\u00e7a diversos livros de Pioneiros Adventistas. Aqui voc\u00ea pode baixar a narra\u00e7\u00e3o dos livros para seu computador, para seu carro, ou aparelho de mp3. Em breve!<\/p>\n","protected":false},"author":1,"featured_media":0,"parent":2142,"menu_order":0,"comment_status":"closed","ping_status":"closed","template":"page-no-title-no-indent.php","meta":{"footnotes":""},"class_list":["post-14400","page","type-page","status-publish","hentry"],"_links":{"self":[{"href":"https:\/\/brendolin.com.br\/centrowhite\/wp-json\/wp\/v2\/pages\/14400","targetHints":{"allow":["GET"]}}],"collection":[{"href":"https:\/\/brendolin.com.br\/centrowhite\/wp-json\/wp\/v2\/pages"}],"about":[{"href":"https:\/\/brendolin.com.br\/centrowhite\/wp-json\/wp\/v2\/types\/page"}],"author":[{"embeddable":true,"href":"https:\/\/brendolin.com.br\/centrowhite\/wp-json\/wp\/v2\/users\/1"}],"replies":[{"embeddable":true,"href":"https:\/\/brendolin.com.br\/centrowhite\/wp-json\/wp\/v2\/comments?post=14400"}],"version-history":[{"count":0,"href":"https:\/\/brendolin.com.br\/centrowhite\/wp-json\/wp\/v2\/pages\/14400\/revisions"}],"up":[{"embeddable":true,"href":"https:\/\/brendolin.com.br\/centrowhite\/wp-json\/wp\/v2\/pages\/2142"}],"wp:attachment":[{"href":"https:\/\/brendolin.com.br\/centrowhite\/wp-json\/wp\/v2\/media?parent=14400"}],"curies":[{"name":"wp","href":"https:\/\/api.w.org\/{rel}","templated":true}]}}