{"id":16122,"date":"2012-02-29T17:45:57","date_gmt":"2012-02-29T17:45:57","guid":{"rendered":"http:\/\/unasp-ec.educacao.ws\/centrowhite\/?page_id=7"},"modified":"2012-02-29T17:45:57","modified_gmt":"2012-02-29T17:45:57","slug":"o-que-e-a-igreja-adventista-do-setimo-dia-iasd","status":"publish","type":"page","link":"https:\/\/brendolin.com.br\/centrowhite\/iasd\/o-que-e-a-igreja-adventista-do-setimo-dia-iasd\/","title":{"rendered":"Sobre a Igreja Adventista do S\u00e9timo Dia"},"content":{"rendered":"<figure id=\"attachment_347\" aria-describedby=\"caption-attachment-347\" style=\"width: 235px\" class=\"wp-caption alignright\"><a href=\"\/wp-content\/uploads\/2012\/02\/Imagem1.jpg\"><img loading=\"lazy\" decoding=\"async\" class=\"wp-image-347 \" title=\"Guilherme Miller (William Miller)\" src=\"\/wp-content\/uploads\/2012\/02\/Imagem1-235x300.jpg\" alt=\"\" width=\"235\" height=\"300\" \/><\/a><figcaption id=\"caption-attachment-347\" class=\"wp-caption-text\">Guilherme Miller<\/figcaption><\/figure>\n<p>Os Adventistas do S\u00e9timo Dia s\u00e3o, doutrinariamente falando, herdeiros do Movimento Milerita da d\u00e9cada de 1840. Apesar do nome \u201cAdventista do S\u00e9timo Dia\u201d ter sido escolhido em 1860, a denomina\u00e7\u00e3o s\u00f3 foi organizada oficialmente em 21 de maio de 1863, quando o movimento era composto de 125 igrejas e 3.500 membros. O trabalho se concentrava mais na Am\u00e9rica do Norte at\u00e9 1874, quando J. N. Andrews foi enviado para a Su\u00ed\u00e7a como primeiro mission\u00e1rio oficial al\u00e9m-mar. A \u00c1frica foi penetrada em 1879, quando o Dr. H. P. Ribton, um rec\u00e9m-convertido na It\u00e1lia, mudou-se para o Egito e abriu uma escola, mas o projeto foi encerrado quando houve uma revolu\u00e7\u00e3o nas redondezas da escola. O primeiro pa\u00eds n\u00e3o-protestante a ser atingido foi a R\u00fassia em 1889 com a chegada de um ministro.<\/p>\n<figure id=\"attachment_347\" aria-describedby=\"caption-attachment-347\" style=\"width: 232px\" class=\"wp-caption alignleft\"><a href=\"\/wp-content\/uploads\/2012\/02\/Imagem2.jpg\"><img loading=\"lazy\" decoding=\"async\" class=\"size-medium wp-image-348 \" title=\"J. N. Andrews\" src=\"\/wp-content\/uploads\/2012\/02\/Imagem2-232x300.jpg\" alt=\"\" width=\"232\" height=\"300\" \/><\/a><figcaption id=\"caption-attachment-347\" class=\"wp-caption-text\">J. N. Andrews<\/figcaption><\/figure>\n<p>Em 20 de outubro de 1890, a escuna Pitcairn aportou em S\u00e3o Francisco, Calif\u00f3rnia e logo se ocupou em levar mission\u00e1rios para as Ilhas do Pac\u00edfico. Os Adventistas do S\u00e9timo Dia entraram em pa\u00edses n\u00e3o-crist\u00e3os pela primeira vez em 1894 \u2013 Costa Dourada (Ghana), \u00c1frica Ocidental,\u00a0 Matabeleland e\u00a0\u00c1frica do Sul. Neste mesmo ano mission\u00e1rios foram enviados \u00e0 Am\u00e9rica do Sul, e em 1896 havia tamb\u00e9m representantes no Jap\u00e3o. A Igreja atualmente tem seu trabalho estabelecido em 209 pa\u00edses.<\/p>\n<figure id=\"attachment_352\" aria-describedby=\"caption-attachment-352\" style=\"width: 300px\" class=\"wp-caption alignright\"><a href=\"\/wp-content\/uploads\/2012\/02\/Imagem11.jpg\"><img loading=\"lazy\" decoding=\"async\" class=\"size-medium wp-image-352 \" title=\"Advent Review and Sabbath Herald (23\/10\/1860)\" src=\"\/wp-content\/uploads\/2012\/02\/Imagem11-300x243.jpg\" alt=\"\" width=\"300\" height=\"243\" \/><\/a><figcaption id=\"caption-attachment-352\" class=\"wp-caption-text\">Adventist Review \u2013 23\/10\/1860<\/figcaption><\/figure>\n<p>A publica\u00e7\u00e3o e distribui\u00e7\u00e3o de literatura foram os fatores mais importantes no crescimento do Movimento Adventista. O Adventist Review and Sabbath Herald (atual Adventist Review), o principal peri\u00f3dico da igreja, foi fundado em Paris, Maine, em 1850; a Youth Instructor em Rochester, Nova York, em 1852; e a Signs of the Times em Oakland, Calif\u00f3rnia, em 1874. A primeira casa publicadora denominacional em Battle Creek, Michigan, come\u00e7ou a funcionar em 1855 e foi legalmente incorporada em 1861 com o nome de Associa\u00e7\u00e3o de Publica\u00e7\u00f5es dos Adventistas do S\u00e9timo Dia.<\/p>\n<figure id=\"attachment_353\" aria-describedby=\"caption-attachment-353\" style=\"width: 300px\" class=\"wp-caption alignleft\"><a href=\"\/wp-content\/uploads\/2012\/02\/Imagem12.jpg\"><img loading=\"lazy\" decoding=\"async\" class=\"size-medium wp-image-353 \" title=\"Sanat\u00f3rio de Battle Creek\" src=\"\/wp-content\/uploads\/2012\/02\/Imagem12-300x134.jpg\" alt=\"\" width=\"300\" height=\"134\" \/><\/a><figcaption id=\"caption-attachment-353\" class=\"wp-caption-text\">Sanat\u00f3rio de Battle Creek<\/figcaption><\/figure>\n<p>O Instituto de Reforma de Sa\u00fade, mais tarde conhecido como Sanat\u00f3rio de Battle Creek, no Michigan, abriu suas portas em 1866, e a sociedade de trabalho mission\u00e1rio foi organizada a n\u00edvel de estados em 1870. A primeira escola da rede mundial de ensino da Igreja foi estabelecida em 1872, e em 1877 deu-se in\u00edcio \u00e0 associa\u00e7\u00e3o de Escolas Sabatinas. Em 1903 o escrit\u00f3rio central da denomina\u00e7\u00e3o mudou-se de Battle Creek para Washington, DC, e em 1989 para Silver Spring, Maryland.<\/p>\n<p>A principal mensagem dos Adventistas do S\u00e9timo Dia pode ser sintetizada no \u201cevangelho eterno\u201d, a mensagem crist\u00e3 b\u00e1sica de salva\u00e7\u00e3o pela gra\u00e7a mediante a f\u00e9 em Cristo, a tr\u00edplice mensagem de Apocalipse 14:6-12, o chamado para adorar ao Criador, \u201cpois \u00e9 chegada a hora do Seu ju\u00edzo.\u201d Essa mensagem \u00e9 resumida na frase \u201cos mandamentos de Deus e a f\u00e9 de Jesus.\u201d<\/p>\n<hr \/>\n","protected":false},"excerpt":{"rendered":"<p>Os Adventistas do S\u00e9timo Dia s\u00e3o, doutrinariamente falando, herdeiros do Movimento Milerita da d\u00e9cada de 1840. Apesar do nome \u201cAdventista do S\u00e9timo Dia\u201d ter sido escolhido em 1860, a denomina\u00e7\u00e3o s\u00f3 foi organizada oficialmente em 21 de maio de 1863, quando o movimento era composto de 125 igrejas e 3.500 membros. O trabalho se concentrava [&hellip;]<\/p>\n","protected":false},"author":1,"featured_media":0,"parent":498,"menu_order":1,"comment_status":"closed","ping_status":"closed","template":"","meta":{"footnotes":""},"class_list":["post-16122","page","type-page","status-publish","hentry"],"_links":{"self":[{"href":"https:\/\/brendolin.com.br\/centrowhite\/wp-json\/wp\/v2\/pages\/16122","targetHints":{"allow":["GET"]}}],"collection":[{"href":"https:\/\/brendolin.com.br\/centrowhite\/wp-json\/wp\/v2\/pages"}],"about":[{"href":"https:\/\/brendolin.com.br\/centrowhite\/wp-json\/wp\/v2\/types\/page"}],"author":[{"embeddable":true,"href":"https:\/\/brendolin.com.br\/centrowhite\/wp-json\/wp\/v2\/users\/1"}],"replies":[{"embeddable":true,"href":"https:\/\/brendolin.com.br\/centrowhite\/wp-json\/wp\/v2\/comments?post=16122"}],"version-history":[{"count":0,"href":"https:\/\/brendolin.com.br\/centrowhite\/wp-json\/wp\/v2\/pages\/16122\/revisions"}],"up":[{"embeddable":true,"href":"https:\/\/brendolin.com.br\/centrowhite\/wp-json\/wp\/v2\/pages\/498"}],"wp:attachment":[{"href":"https:\/\/brendolin.com.br\/centrowhite\/wp-json\/wp\/v2\/media?parent=16122"}],"curies":[{"name":"wp","href":"https:\/\/api.w.org\/{rel}","templated":true}]}}