{"id":16124,"date":"2012-02-29T19:49:17","date_gmt":"2012-02-29T19:49:17","guid":{"rendered":"http:\/\/unasp-ec.educacao.ws\/centrowhite\/?page_id=23"},"modified":"2012-02-29T19:49:17","modified_gmt":"2012-02-29T19:49:17","slug":"desenvolvimento-cronologico-da-iasd-no-brasil","status":"publish","type":"page","link":"https:\/\/brendolin.com.br\/centrowhite\/iasd\/desenvolvimento-cronologico-da-iasd-no-brasil\/","title":{"rendered":"Datas Importantes da Igreja Adventista no Brasil"},"content":{"rendered":"<h1>Datas Importantes da Igreja Adventista no Brasil<\/h1>\n<p><strong>1879 &#8211;\u00a0<\/strong>Deu entrada no Brasil, atrav\u00e9s do porto de Itaja\u00ed, SC, o primeiro pacote de literatura adventista que continha 10 exemplares do peri\u00f3dico Stimme der Warheit (Voz da Verdade), publicado em Battle Creek, Estados Unidos.<\/p>\n<p><strong>1884 &#8211;<\/strong>\u00a0Um alem\u00e3o por nome Dresler, professor prim\u00e1rio em Brusque, SC, resolveu voluntariamente tomar sobre si o encargo de pagar e distribuir toda publica\u00e7\u00e3o adventista que lhe chegasse \u00e0s m\u00e3os. Ele n\u00e3o era adventista e sua conduta at\u00e9 pouco recomend\u00e1vel, pois era um alc\u00f3olatra.<\/p>\n<p><strong>1887 &#8211;<\/strong> Guilherme Belz, residente em Gaspar Alto, SC, deparou-se com o livro Gedanken \u00fcber das Buch Daniel (Coment\u00e1rios sobre o Livro de Daniel) de Urias Smith.<\/p>\n<p><strong>1890 &#8211;<\/strong>\u00a0Em princ\u00edpios desse ano Guilherme Belz e fam\u00edlia, seguidos por v\u00e1rios vizinhos, inclusive as fam\u00edlias Olm, Look e Thrun, decidiram guardar o s\u00e1bado, mesmo sem conhecer qualquer adventista.<\/p>\n<p><strong>1893 &#8211;<\/strong>\u00a0Chega ao Brasil, desembarcando em S\u00e3o Paulo, o primeiro mission\u00e1rio designado pela Associa\u00e7\u00e3o Geral da IASD, o colportor Albert B. Stauffer.<\/p>\n<p><strong>1894 &#8211;<\/strong>\u00a0Chega ao Brasil, desembarcando no Rio de Janeiro, o segundo mission\u00e1rio adventista, o colportor W. H. Thurston acompanhado da esposa, vindos dos Estados Unidos. Sua miss\u00e3o era estabelecer naquela cidade um dep\u00f3sito de livros denominacionais para suprir as necessidades da colportagem local.<br \/>\n<strong><br \/>\n1895 &#8211;<\/strong>\u00a0Em abril desse ano o Pr. Francisco H. Westphal realizou o primeiro batismo de conversos adventistas no Brasil, na cidade de Piracicaba, interior de S\u00e3o Paulo. O segundo batismo ocorreu em Rio Claro, no mesmo Estado. Depois houve outros batismos em Indaiatuba, Brusque e Gaspar Alto, esses dois \u00faltimos em Santa Catarina. Chega ao Brasil o primeiro pastor, por nome Huldreich Graf. Criada a Miss\u00e3o Brasileira da IASD e organizada a primeira igreja no Rio de Janeiro. No dia 14 de dezembro, o Pr. Graf realiza um batismo de 23 pessoas em Santa Maria do Jetib\u00e1, ES.<\/p>\n<p><strong>1896 &#8211;\u00a0<\/strong>Nesse ano foi organizada a Igreja Adventista de Gaspar Alto, SC, sob a supervis\u00e3o do Pr. Huldreich Graf. Em 1\u00ba de julho passou a funcionar em Curitiba, PR, o primeiro educand\u00e1rio adventista, Col\u00e9gio Internacional de Curitiba, dirigido pelo Prof. Vicente Schmidt e logo a seguir pelo Prof. Guilherme Stein Jr. Chega ao Brasil o segundo pastor, Frederico W. Spies, vindo da Alemanha, onde havia sido Diretor de Colportagem.<\/p>\n<p><strong>1897 &#8211;<\/strong>\u00a0Em 15 de outubro foi estabelecida uma escola mission\u00e1ria adventista em Gaspar Alto, SC, iniciada pelo Prof. Guilherme Stein Jr.<\/p>\n<p><strong>1900 &#8211;<\/strong>\u00a0Inicia-se no Rio de Janeiro a publica\u00e7\u00e3o da mensagem adventista em l\u00edngua portuguesa com a edi\u00e7\u00e3o da revista O Arauto da Verdade; em 1913 passou a se chamar Sinais dos Tempos, e em 1923 O Atalaia.<\/p>\n<p><strong>1902 &#8211;<\/strong>\u00a0A Miss\u00e3o Brasileira da IASD passa a ser Associa\u00e7\u00e3o Brasil (atual associa\u00e7\u00e3o Rio de Janeiro, que foi reorganizada em 1951, em 1980 e em 1998) com 15 igrejas e 860 membros.<\/p>\n<p><strong>1903 &#8211;<\/strong>\u00a0Uma segunda escola mission\u00e1ria foi fundada em Taquar\u00ed, RS, tendo como seu primeiro diretor o Prof. Em\u00edlio Schenk.<\/p>\n<p><strong>1905 &#8211;<\/strong>\u00a0Com o nome de \u201cSociedade Internacional de Tratados no Brasil,\u201d a tipografia em Taquari, Rio Grande do Sul, inicia sua produ\u00e7\u00e3o.<\/p>\n<p><strong>1906 &#8211;<\/strong>\u00a0Inicia-se a publica\u00e7\u00e3o da Revista Trimestral (erroneamente chamada Trimensal). Em 1908 foi substitu\u00edda pela Revista Mensal, e de 1931 em diante passou a denominar-se Revista Adventista. Funda-se as seguintes associa\u00e7\u00f5es e miss\u00f5es da IASD: Associa\u00e7\u00e3o Sul-Riograndense \u00e9 composta de seis igrejas e 444 membros, enquanto que Associa\u00e7\u00e3o Paran\u00e1-Santa Catarina tem 12 igrejas e 427 membros. A Miss\u00e3o Paulista \u00e9 composta de apenas uma igreja com 23 membros e a Miss\u00e3o Norte tem tr\u00eas igrejas com 176 membros.<\/p>\n<p><strong>1907 &#8211;<\/strong>\u00a0Transfere-se para Santo Andr\u00e9, S\u00e3o Paulo, pr\u00f3ximo \u00e0 esta\u00e7\u00e3o de S\u00e3o Bernardo, a tipografia adventista de Taquari, que mais tarde passou a se chamar \u201cCasa Publicadora Brasileira.\u201d<\/p>\n<p><strong>1908 &#8211;<\/strong>\u00a0Chegam da Alemanha para a Casa Publicadora dois prelos movidos com motor a gasolina.<\/p>\n<p><strong>1910 &#8211;\u00a0<\/strong>Em face de novos e mais abarcantes planos, e tamb\u00e9m devido a n\u00e3o estar bem localizada, a IASD decidiu fechar a escola de Taquari. \u00c9 estabelecida a Associa\u00e7\u00e3o Esp\u00edrito-Santense, que foi reorganizada em 1955 e 1980.<br \/>\n<strong><br \/>\n1911 &#8211;<\/strong>\u00a0\u00c9 organizada a Uni\u00e3o Brasileira com sete campos, 68 igrejas e 1.550 membros.<br \/>\n<strong><br \/>\n1915 &#8211;<\/strong>\u00a0\u00c9 fundado o Col\u00e9gio Adventista Brasileiro, hoje Instituto Adventista de Ensino &#8211; Campus 1 (IAE- C1).<\/p>\n<p><strong>1919 &#8211;<\/strong>\u00a0\u00c9 organizada duas uni\u00f5es no Brasil: a Sul e Este. A Miss\u00e3o Bahia \u00e9 composta de uma igreja com 91 membros.<\/p>\n<p><strong>1920 &#8211;<\/strong>\u00a0\u00c9 ordenado ao minist\u00e9rio o primeiro pastor evangelista brasileiro, Pr. Jos\u00e9 Amador dos Reis. O Brasil j\u00e1 tem 12 campos, 68 igrejas e 3.571 membros.<\/p>\n<p><strong>1921 &#8211;<\/strong>\u00a0Estabelecida a Miss\u00e3o Mato-Grossense com cinco membros.<\/p>\n<p><strong>1922 &#8211;<\/strong>\u00a0No ent\u00e3o Col\u00e9gio Adventista gradua-se a primeira turma de formandos do semin\u00e1rio de Teologia. \u00c9 fundada a Associa\u00e7\u00e3o Paulista com 750 membros. No pa\u00eds existe 84 igrejas e 7.015 membros.<\/p>\n<p><strong>1924<\/strong> &#8211; O Pr. J. Berger Johnson, ent\u00e3o gerente da Casa Publicadora Brasileira, realizou no dia 29 de novembro o batismo dos primeiros conversos no Estado de Goi\u00e1s.<br \/>\n<strong><br \/>\n1927<\/strong> &#8211; Fundada a Associa\u00e7\u00e3o Brasil Central da IASD.<\/p>\n<p><strong>1928 &#8211;\u00a0<\/strong>Iniciou-se o trabalho entre os ind\u00edgenas caraj\u00e1s, na miss\u00e3o do Rio Araguaia, pelo Pr. A. N. Allen. Funda-se o Gin\u00e1sio Adventista de Taquara, hoje Instituto Adventista Cruzeiro do Sul (IACS), no Rio Grande do Sul.<\/p>\n<p><strong>1931 &#8211;<\/strong>\u00a0No vasto Amazonas a lancha m\u00e9dico-mission\u00e1ria \u201cLuzeiro I\u201d, pilotada pelo mission\u00e1rio Leo B. Halliwell, iniciou o grande trabalho filantr\u00f3pico da regi\u00e3o.<\/p>\n<p><strong>1932 &#8211;<\/strong>\u00a0Organizada a Miss\u00e3o Nordeste da IASD.<\/p>\n<p><strong>1936 &#8211;<\/strong>\u00a0Organiza-se a Uni\u00e3o Norte-Brasileira da IASD, com a Miss\u00e3o Costa-Norte. Foi estabelecida a F\u00e1brica de Produtos Aliment\u00edcios Superbom, anexo ao Col\u00e9gio Adventista Brasileiro.<\/p>\n<p><strong>1937 &#8211;<\/strong>\u00a0A Uni\u00e3o Norte Brasileira da IASD \u00e9 organizada com tr\u00eas igrejas e 226 membros.<\/p>\n<p><strong>1939 &#8211;<\/strong>\u00a0Inicia-se a publica\u00e7\u00e3o da revista Vida e Sa\u00fade. O Dr. Ant\u00f4nio Alves de Miranda passou a dirigir uma pequena cl\u00ednica, estabelecida na capital de S\u00e3o Paulo, sob o nome de Sanat\u00f3rio Boa Vista, precursor do Hospital Adventista de S\u00e3o Paulo. Foi fundado o Instituto Teol\u00f3gico Adventista, hoje Instituto Petropolitano Adventista de Ensino (IPAE), em Petr\u00f3polis, RJ.<br \/>\n<strong><br \/>\n1940 &#8211;<\/strong>\u00a0O Brasil j\u00e1 conta com 11 campos, 106 igrejas e 13.849 membros. A Associa\u00e7\u00e3o Baixo-Amazonas, bem como a Miss\u00e3o Central Amazonas e Federa\u00e7\u00e3o Sul-Paranaense da IASD s\u00e3o organizadas.<\/p>\n<p><strong>1942 &#8211;<\/strong>\u00a0Funda-se em S\u00e3o Paulo a Casa de Sa\u00fade Liberdade, hoje Hospital Adventista de S\u00e3o Paulo (HASP). A Cl\u00ednica de Repouso White foi estabelecida no Rio de Janeiro, sob a dire\u00e7\u00e3o do Dr. Chester S. Schneider, sendo substitu\u00edda, em 1948, pelo moderno Hospital Adventista Silvestre (HAS).<\/p>\n<p><strong>1943 &#8211;<\/strong>\u00a0Funda-se o Educand\u00e1rio Nordestino Adventista (ENA), em Bel\u00e9m de Maria, PE. O programa de \u201cA Voz da Profecia\u201d come\u00e7a a ser irradiado atrav\u00e9s de 17 emissoras, sob a dire\u00e7\u00e3o do Pr. Roberto M. Rabello.<\/p>\n<p><strong>1947 &#8211;<\/strong>\u00a0Funda-se, em Buti\u00e1, PR, o Gin\u00e1sio Adventista Paranaense, hoje Instituto Adventista Paranense (IAP), transferido posteriormente para Curitiba e anos mais tarde para o munic\u00edpio de Ivatuba, PR, onde est\u00e1 atualmente.<\/p>\n<p><strong>1948\u00a0&#8211;<\/strong> Iniciou-se o curso de enfermeiro-padioleiro, sob o comando de Pr. Domingos Peixoto da Silva, ent\u00e3o Secret\u00e1rio da Liberdade Religiosa e Deveres C\u00edvicos para o Brasil. Estabelecido o Hospital Adventista Silvestre no Rio de Janeiro.<br \/>\n<strong><br \/>\n1949 &#8211;<\/strong>\u00a0Em Santo Amaro, SP, foi estabelecido o \u201cLar da Velhice\u201d. No munic\u00edpio de Sumar\u00e9, pr\u00f3ximo de Campinas, interior de S\u00e3o Paulo, come\u00e7ou a funcionar o Gin\u00e1sio Adventista Campineiro, hoje Instituto Adventista S\u00e3o Paulo (IASP).<\/p>\n<p><strong>1950 &#8211;<\/strong> Na capital do estado do Par\u00e1, Bel\u00e9m, come\u00e7a a funcionar o Hospital Adventista de Bel\u00e9m (HAB). Sob a dire\u00e7\u00e3o do Dr. Edgar Bentes Rodrigues, teve in\u00edcio a Cl\u00ednica Adventista de Mato Grosso, depois conhecida como Hospital Adventista do P\u00eanfigo, e hoje como Hospital Adventista de Campo Grande, na cidade de Campo Grande. O pa\u00eds conta com 106 igrejas divididas entre 13 campos, e 13.849 membros. A 3 de dezembro inicia-se o programa evangel\u00edstico de televis\u00e3o \u201cF\u00e9 para Hoje\u201d.<\/p>\n<p><strong>1953 &#8211;<\/strong>\u00a0Surge a revista Nosso Amiguinho, destinada ao p\u00fablico infanto-juvenil.<\/p>\n<p><strong>1955 &#8211;<\/strong>\u00a0Fundada a Associa\u00e7\u00e3o Minas Gerais da IASD, que foi reorganizada em 1968, 1980 e 1983.<\/p>\n<p><strong>1956 &#8211;<\/strong>\u00a0Realiza-se o primeiro congresso Sul-Americano da Juventude Adventista no Hotel Quitandinha, em Petr\u00f3polis, RJ. Comemorou-se ali o 40\u00ba anivers\u00e1rio da Divis\u00e3o Sul-Americana da IASD.<\/p>\n<p><strong>1957 &#8211;<\/strong>\u00a0Com a divis\u00e3o da Associa\u00e7\u00e3o Paran\u00e1-Santa Catarina surge a Miss\u00e3o<br \/>\nCatarinense, com sede em Florian\u00f3polis, hoje chamada Federa\u00e7\u00e3o Catarinense da IASD.<\/p>\n<p><strong>1958 &#8211;<\/strong>\u00a0\u00c9 lan\u00e7ada a revista Mocidade para os jovens brasileiros.<\/p>\n<p><strong>1960 &#8211;<\/strong>\u00a0O Brasil passa da casa dos 59 mil membros divididos entre 279 igrejas.<\/p>\n<p><strong>1961 &#8211;<\/strong>\u00a0\u00c9 fundado o primeiro Clube de Desbravadores do Brasil, na cidade de Ribeir\u00e3o Preto, SP, bem como o Instituto Adventista Gr\u00e3o-Par\u00e1 em Bel\u00e9m, PA.<\/p>\n<p><strong>1962 &#8211;<\/strong>\u00a0O programa evangel\u00edstico \u201cF\u00e9 para Hoje\u201d passa a ser transmitido pela TV em S\u00e3o Paulo, sob a dire\u00e7\u00e3o do Pr. Alcides Campolongo.<\/p>\n<p><strong>1963 &#8211;<\/strong>\u00a0\u00c9 fundado o Educand\u00e1rio Esp\u00edrito-Santense Adventista (EDESSA), no munic\u00edpio de Colatina, ES. Inaugurado o primeiro templo no Distrito Federal, em Taguatinga.<br \/>\n<strong><br \/>\n1968 &#8211;<\/strong>\u00a0\u00c9 doado pelo INCRA \u00e1rea para o estabelecimento do Instituto Adventista Agro-Industrial da Amaz\u00f4nia Ocidental, em Mirante da Serra, RO.<\/p>\n<p><strong>1969 &#8211;<\/strong>\u00a0Come\u00e7a a funcionar a Faculdade Adventista de Enfermagem (FAE), no IAE, SP.<\/p>\n<p><strong>1970 &#8211;<\/strong>\u00a0Com 15 campos e 554 igrejas o pa\u00eds chega a 150.580 membros.<\/p>\n<p><strong>1972 &#8211;<\/strong>\u00a0Em julho desse ano \u00e9 fundado o Lar Infantil Neanderthal, em Hortol\u00e2ndia, SP.<\/p>\n<p><strong>1973 &#8211;<\/strong>\u00a0Inicia-se a programa\u00e7\u00e3o radiof\u00f4nica \u201cUma Luz no Caminho\u201d, sob a orienta\u00e7\u00e3o do Pr. Paulo Sarli. Come\u00e7a a funcionar a Faculdade Adventista de Educa\u00e7\u00e3o (FAED), no IAE, SP.<br \/>\n<strong><br \/>\n1974 &#8211;<\/strong>\u00a0\u00c9 fundado o Instituto Adventista Agro-Industrial (IAAI), em Manaus, AM.<\/p>\n<p><strong>1975 &#8211;<\/strong>\u00a0O Centro Educacional Ilustrado (CEI) inaugura sua sede em Santo Amaro, SP.<\/p>\n<p><strong>1976 &#8211;<\/strong>\u00a0Inaugurada em Bras\u00edlia, no dia 22 de junho, a nova sede da Divis\u00e3o Sul-Americana da IASD, transferida de Montevid\u00e9u, Uruguai, para o Brasil.<br \/>\n<strong><br \/>\n1977 &#8211; <\/strong>Funda\u00e7\u00e3o da Cl\u00ednica M\u00e9dica Adventista em Manaus, bem como a forma\u00e7\u00e3o do Grupo Hospitalar Adventista do Brasil (GHAB). Aquisi\u00e7\u00e3o pela Golden Cross do Hospital S\u00e3o Lucas, no Rio de Janeiro, incorporado ao GHBA.<\/p>\n<p><strong>1978 &#8211;<\/strong>\u00a0Com a divis\u00e3o da Associa\u00e7\u00e3o Paulista da IASD em dois campos, s\u00e3o fundadas as Associa\u00e7\u00f5es Paulista Oeste e Paulista Leste. Inaugura\u00e7\u00e3o do edif\u00edcio do Semin\u00e1rio Adventista Latino-Americano de Teologia (SALT) no IAE-SP. Em mar\u00e7o desse ano, o Lar Adventista Paul Harris de Apucarana, PR, come\u00e7a suas atividades, bem como o Hospital Adventista de Manaus. O Instituto Adventista Transamaz\u00f4nico Agro-Industrial foi inaugurado.<\/p>\n<p><strong>1979 &#8211;<\/strong>\u00a0Foi fundado o Instituto Adventista de Ensino do Nordeste (IAENE), no Estado da Bahia. Com a divis\u00e3o da Miss\u00e3o Mato-Grossense da IASD, surge a nova Miss\u00e3o Mato-Grossense em Cuiab\u00e1, na Uni\u00e3o Sul-Brasileira.<\/p>\n<p><strong>1980 &#8211;<\/strong>\u00a0Com a divis\u00e3o da Miss\u00e3o Central-Amazonas da IASD, surge a Miss\u00e3o Amaz\u00f4nica Ocidental, com sede em Porto Velho, Rond\u00f4nia, na Uni\u00e3o Norte-Brasileira. Estabelecido o Col\u00e9gio Adventista de Salvador. Aquisi\u00e7\u00e3o do Hospital Santa M\u00f4nica, Belo Horizonte e da Cl\u00ednica Adventista de Terapia Natural, (S\u00e3o Roque) em Ibi\u00fana, SP, ambos incorporados ao GHBA.<\/p>\n<p><strong>1981 &#8211;<\/strong>\u00a0Estabelecimento do programa de mestrado em Teologia pelo Semin\u00e1rio Adventista Latino-Americano (SALT), do IAE\/SP (Reitor: Dr. M\u00e1rio Veloso), junto a Divis\u00e3o Sul-Americana, bem como do Instituto Adventista do Nordeste. \u00c9 fundado o Instituto Adventista Brasil Central, pr\u00f3ximo \u00e0 cidade de An\u00e1polis, GO. Aquisi\u00e7\u00e3o do terreno para a constru\u00e7\u00e3o do Instituto Adventista Catarinense, entre as cidades de Blumenau e Joinville, no Estado de Santa Catarina.<\/p>\n<p><strong>1982 &#8211;\u00a0<\/strong>Inicia-se a transmiss\u00e3o do programa de TV \u201cEncontro com a Vida\u201d com o Pr. Roberto Conrad. Inaugura\u00e7\u00e3o do Hospital Adventista de Vit\u00f3ria, incorporado ao GHBA. A Federa\u00e7\u00e3o Paulista Leste da IASD \u00e9 fundada.<\/p>\n<p><strong>1983 &#8211;<\/strong>\u00a0O Hospital Adventista Silvestre inaugura novas instala\u00e7\u00f5es para os setores de diet\u00e9tica e administra\u00e7\u00e3o. Enquanto a compra da fazenda para o novo IAE \u00e9 feita, \u00e9 estabelecido o Instituto Adventista de Ensino de Minas Gerais (IAEMG). As miss\u00f5es Brasil Central e Catarinense adquirem novo status, passando a Associa\u00e7\u00f5es. A Associa\u00e7\u00e3o Paulista Leste da IASD \u00e9 dividida em Leste e Sul.<br \/>\n<strong><br \/>\n1984 &#8211;<\/strong>\u00a0Iniciada a execu\u00e7\u00e3o do projeto da nova Casa Publicadora Brasileira, bem como \u00e9 lan\u00e7ada a pedra fundamental no Novo IAE, em Artur Nogueira, SP. Miss\u00e3o Mato-Grossense ganha novo pr\u00e9dio para acomodar a administra\u00e7\u00e3o do campo. Realizado, em Foz do Igua\u00e7\u00fa, o I Campori Sul-Americano de Desbravadores, com a presen\u00e7a de 3.500 desbravadores de oito pa\u00edses, e o I Congresso da Associa\u00e7\u00e3o Ministerial Feminina (AFAM) de Porto Alegre, RS. Dos 52% dos brasileiros que j\u00e1 ouviram falar nos adventistas mais da metade desconhece inteiramente a sua mensagem.<\/p>\n<p><strong>1985 &#8211;<\/strong>\u00a0\u00c9 inaugurado o Instituto Adventista Brasil Central (IABC).<\/p>\n<p><strong>1986 &#8211;\u00a0<\/strong>Reorganizada a Uni\u00e3o Sul Brasileira da IASD, que se dividiu formando a Uni\u00e3o Central Brasileira.<\/p>\n<p><strong>1987 &#8211;<\/strong>\u00a0Com a presen\u00e7a de representantes da Associa\u00e7\u00e3o Geral da IASD, foi fundado no IAE o \u201cCentro de Pesquisas Ellen G. White\u201d.<\/p>\n<p><strong>1988 &#8211;<\/strong>\u00a0Organizada a Miss\u00e3o Maranhense, bem como a Miss\u00e3o Sergipe-Alagoas. Cursos de Letras e Ci\u00eancias s\u00e3o acrescidos \u00e0 Faculdade de Educa\u00e7\u00e3o. No primeiro ano do Centro de Produ\u00e7\u00e3o Art\u00edstica (CPA\/IASP) 57.919 pessoas foram atingidas atrav\u00e9s de concertos, semanas de ora\u00e7\u00e3o, conc\u00edlios, cultos, programas jovens, congressos, vig\u00edlias e acampamentos, e como resultado 1.140 n\u00e3o adventistas pediram estudos b\u00edblicos.<\/p>\n<p><strong>1989 &#8211;<\/strong>\u00a0Divis\u00e3o da Associa\u00e7\u00e3o Paulista Oeste da IASD em duas: Paulista Oeste e Paulista Central.<\/p>\n<p><strong>1990 &#8211;<\/strong>\u00a0Compra de uma grande lancha para o trabalho mission\u00e1rio no Rio Pur\u00fas, da Miss\u00e3o Central Amazonas.<\/p>\n<p><strong>1991 &#8211;<\/strong>\u00a0Divis\u00e3o da Federa\u00e7\u00e3o Paulista Sul da IASD em duas: Paulistana e Paulista Sul. Em 3 de novembro \u00e9 lan\u00e7ado o programa de televis\u00e3o \u201cEst\u00e1 Escrito\u201d na Rede Bandeirantes. Os adventistas s\u00e3o em n\u00famero de 706.409.<br \/>\n<strong><br \/>\n1992 &#8211;<\/strong>\u00a0Organizada a Associa\u00e7\u00e3o de Obreiros Jubilados Adventistas de Hortol\u00e2ndia (AJAH), com sede pr\u00f3pria \u00e0 partir de agosto. A Miss\u00e3o Global penetra em 1.200 novas \u00e1reas no Brasil.<\/p>\n<p><strong>1993 &#8211;<\/strong>\u00a0O programa \u201cRevive\u201d na praia de Camburi em Vit\u00f3ria, ES, tem audi\u00eancia em m\u00e9dia de 15 mil por noite.<\/p>\n<p><strong>1994 &#8211;<\/strong>\u00a0Estabelecida a Federa\u00e7\u00e3o Planalto Central da IASD, com sede administrativa em Bras\u00edlia, DF.<\/p>\n<p><strong>1995 &#8211;<\/strong>\u00a0Criado o Sistema Adventista de Comunica\u00e7\u00e3o (SISAC).<br \/>\n<strong><br \/>\n1996 &#8211;<\/strong>\u00a0Fundada a Uni\u00e3o Nordeste Brasileira da IASD, bem como a Miss\u00e3o Ocidental Sul Riograndense. Celebra\u00e7\u00e3o do centen\u00e1rio da educa\u00e7\u00e3o adventista. Inaugurada a nova sede do SISAC em Nova Friburgo, RJ.<br \/>\n<strong><br \/>\n1997 &#8211;<\/strong>\u00a0N\u00famero de Adventistas nas Uni\u00f5es Brasileiras: Central \u2013 11.817; Este \u2013 8.652; Nordeste \u2013 15.937; Norte \u2013 18.460; Sul \u2013 7.671. Inaugura\u00e7\u00e3o do Centro Adventista de Vida Saud\u00e1vel (CAVS) em Nova Friburgo, RJ, bem como da Cl\u00ednica M\u00e9dica em Porto Alegre.<br \/>\n<strong><br \/>\n1998 &#8211;<\/strong>\u00a0Realizada a primeira defesa p\u00fablica, pelo Pr. Luiz Nunes, de tese doutoral pelo SALT, bem como o I Simp\u00f3sio da Mem\u00f3ria Adventista no Brasil com o tema \u201cHist\u00f3ria do IAE-Ct, 15 anos\u201d, ambos no IAE- C2. O Instituto Adventista Cruzeiro do Sul (IACS) comemora 70 anos. O n\u00famero de adventistas no Brasil chega a 882.352.<br \/>\n<strong><br \/>\n1999 &#8211;<\/strong>\u00a0Reorganizada a Miss\u00e3o Nordeste Brasileira da IASD, composta agora pelos Estados da Para\u00edba e Rio Grande do Norte, criando a Associa\u00e7\u00e3o Bahia Sul, e a Associa\u00e7\u00e3o Pernambucana. 50 anos do Instituto Adventista de Ensino (IASP). Conferido pelo MEC ao Instituto Adventista de Ensino o status de \u201cCentro Universit\u00e1rio\u201d, com sede no IAE \u2013 Campus 1, em S\u00e3o Paulo.<\/p>\n<p><strong>2000 &#8211;<\/strong>\u00a0Centen\u00e1rio da Casa Publicadora Brasileira.\t\t<\/p>\n","protected":false},"excerpt":{"rendered":"<p>Datas Importantes da Igreja Adventista no Brasil 1879 &#8211;\u00a0Deu entrada no Brasil, atrav\u00e9s do porto de Itaja\u00ed, SC, o primeiro pacote de literatura adventista que continha 10 exemplares do peri\u00f3dico Stimme der Warheit (Voz da Verdade), publicado em Battle Creek, Estados Unidos. 1884 &#8211;\u00a0Um alem\u00e3o por nome Dresler, professor prim\u00e1rio em Brusque, SC, resolveu voluntariamente [&hellip;]<\/p>\n","protected":false},"author":1,"featured_media":0,"parent":498,"menu_order":3,"comment_status":"closed","ping_status":"closed","template":"page-no-title-no-indent.php","meta":{"footnotes":""},"class_list":["post-16124","page","type-page","status-publish","hentry"],"_links":{"self":[{"href":"https:\/\/brendolin.com.br\/centrowhite\/wp-json\/wp\/v2\/pages\/16124","targetHints":{"allow":["GET"]}}],"collection":[{"href":"https:\/\/brendolin.com.br\/centrowhite\/wp-json\/wp\/v2\/pages"}],"about":[{"href":"https:\/\/brendolin.com.br\/centrowhite\/wp-json\/wp\/v2\/types\/page"}],"author":[{"embeddable":true,"href":"https:\/\/brendolin.com.br\/centrowhite\/wp-json\/wp\/v2\/users\/1"}],"replies":[{"embeddable":true,"href":"https:\/\/brendolin.com.br\/centrowhite\/wp-json\/wp\/v2\/comments?post=16124"}],"version-history":[{"count":0,"href":"https:\/\/brendolin.com.br\/centrowhite\/wp-json\/wp\/v2\/pages\/16124\/revisions"}],"up":[{"embeddable":true,"href":"https:\/\/brendolin.com.br\/centrowhite\/wp-json\/wp\/v2\/pages\/498"}],"wp:attachment":[{"href":"https:\/\/brendolin.com.br\/centrowhite\/wp-json\/wp\/v2\/media?parent=16124"}],"curies":[{"name":"wp","href":"https:\/\/api.w.org\/{rel}","templated":true}]}}