{"id":16127,"date":"2012-03-01T12:21:14","date_gmt":"2012-03-01T12:21:14","guid":{"rendered":"http:\/\/unasp-ec.educacao.ws\/centrowhite\/?page_id=59"},"modified":"2012-03-01T12:21:14","modified_gmt":"2012-03-01T12:21:14","slug":"centro-white","status":"publish","type":"page","link":"https:\/\/brendolin.com.br\/centrowhite\/centro-white\/","title":{"rendered":"Centro White"},"content":{"rendered":"<div class=\"links-icones\">\n<ul class=\"links-icones\">\n<li><a title=\"Servi\u00e7os\" href=\"http:\/\/centrowhite.org.br\/centro-white\/servicos\/\"><img loading=\"lazy\" decoding=\"async\" class=\"alignnone size-full wp-image-3596\" src=\"http:\/\/centrowhite.org.br\/wp-content\/uploads\/2012\/03\/logo.png\" alt=\"Logo\" width=\"133\" height=\"143\" \/>Servi\u00e7os<\/a><\/li>\n<li><a title=\"Acervo\" href=\"http:\/\/centrowhite.org.br\/centro-white\/recursos-internos-materiais-disponiveis\/\"><img loading=\"lazy\" decoding=\"async\" class=\"alignnone size-full wp-image-3590\" src=\"http:\/\/centrowhite.org.br\/wp-content\/uploads\/2012\/03\/acervo.png\" alt=\"Acervo\" width=\"133\" height=\"143\" \/>Acervo<\/a><\/li>\n<li><a title=\"Publica\u00e7\u00f5es\" href=\"http:\/\/centrowhite.org.br\/centro-white\/publicacoes\/\"><img loading=\"lazy\" decoding=\"async\" class=\"alignnone size-full wp-image-3598\" src=\"http:\/\/centrowhite.org.br\/wp-content\/uploads\/2012\/03\/ebooks.png\" alt=\"Ebooks\" width=\"133\" height=\"143\" \/>Publica\u00e7\u00f5es<\/a><\/li>\n<li><a title=\"Hist\u00f3rico e Objetivos\" href=\"http:\/\/centrowhite.org.br\/centro-white\/historico-e-objetivo\/\"><img loading=\"lazy\" decoding=\"async\" class=\"alignnone size-full wp-image-3667\" src=\"http:\/\/centrowhite.org.br\/wp-content\/uploads\/2012\/03\/sedes.png\" alt=\"Centro White\" width=\"133\" height=\"143\" \/>Hist\u00f3rico e Objetivos<\/a><\/li>\n<li><a title=\"Sedes Mundiais\" href=\"http:\/\/centrowhite.org.br\/centro-white\/centros-de-pesquisa-ellen-g-white-ao-redor-do-mundo\/\"><img loading=\"lazy\" decoding=\"async\" class=\"alignnone size-full wp-image-4995\" src=\"http:\/\/centrowhite.org.br\/wp-content\/uploads\/2012\/03\/centro-white-mundo.png\" alt=\"Centro White - Sedes Mundiais\" width=\"133\" height=\"143\" \/>Sedes Mundiais<\/a><\/li>\n<li><a title=\"Equipe do Centro White\" href=\"http:\/\/centrowhite.org.br\/centro-white\/equipe\/\"><img loading=\"lazy\" decoding=\"async\" class=\"alignnone size-full wp-image-6966\" src=\"http:\/\/centrowhite.org.br\/wp-content\/uploads\/2012\/03\/equipe.png\" alt=\"Equipe do Centro White\" width=\"133\" height=\"143\" \/>Equipe do Centro White<\/a><\/li>\n<li><a title=\"Eventos\" href=\"http:\/\/centrowhite.org.br\/centro-white\/eventos\/\">Eventos<img loading=\"lazy\" decoding=\"async\" class=\"alignleft wp-image-3596\" src=\"http:\/\/centrowhite.org.br\/wp-content\/uploads\/2013\/06\/Pr.-Alberto-Timm-no-JA.png\" alt=\"Logo\" width=\"133\" height=\"143\" \/><\/a><\/li>\n<li><a title=\"Li\u00e7\u00e3o Escola Sabatina - Numeros Faltantes\" href=\"#\">Li\u00e7\u00e3o Escola Sabatina <img loading=\"lazy\" decoding=\"async\" class=\"alignleft wp-image-3596\" src=\"http:\/\/www.centrowhite.org.br\/wp-content\/uploads\/2019\/04\/licoes2017.png\" alt=\"Logo\" width=\"133\" height=\"143\" \/>&#8211; N\u00fameros Faltantes<\/a><\/li>\n<li><a title=\"Loja Virtual CWa\" href=\"http:\/\/www.centrowhite.com.br\" target=\"_blank\" rel=\"noopener\"><img loading=\"lazy\" decoding=\"async\" class=\"alignnone size-full wp-image-7538\" src=\"http:\/\/centrowhite.org.br\/wp-content\/uploads\/2012\/03\/vendas.png\" alt=\"Loja Virtual CW\" width=\"133\" height=\"143\"\/>Loja Virtual CW<\/a><\/li>\n<\/ul>\n<\/div>\n","protected":false},"excerpt":{"rendered":"<p>Servi\u00e7os Acervo Publica\u00e7\u00f5es Hist\u00f3rico e Objetivos Sedes Mundiais Equipe do Centro White Eventos Li\u00e7\u00e3o Escola Sabatina &#8211; N\u00fameros Faltantes Loja Virtual CW<\/p>\n","protected":false},"author":1,"featured_media":0,"parent":0,"menu_order":4,"comment_status":"closed","ping_status":"closed","template":"page-no-indent.php","meta":{"footnotes":""},"class_list":["post-16127","page","type-page","status-publish","hentry"],"_links":{"self":[{"href":"https:\/\/brendolin.com.br\/centrowhite\/wp-json\/wp\/v2\/pages\/16127","targetHints":{"allow":["GET"]}}],"collection":[{"href":"https:\/\/brendolin.com.br\/centrowhite\/wp-json\/wp\/v2\/pages"}],"about":[{"href":"https:\/\/brendolin.com.br\/centrowhite\/wp-json\/wp\/v2\/types\/page"}],"author":[{"embeddable":true,"href":"https:\/\/brendolin.com.br\/centrowhite\/wp-json\/wp\/v2\/users\/1"}],"replies":[{"embeddable":true,"href":"https:\/\/brendolin.com.br\/centrowhite\/wp-json\/wp\/v2\/comments?post=16127"}],"version-history":[{"count":0,"href":"https:\/\/brendolin.com.br\/centrowhite\/wp-json\/wp\/v2\/pages\/16127\/revisions"}],"wp:attachment":[{"href":"https:\/\/brendolin.com.br\/centrowhite\/wp-json\/wp\/v2\/media?parent=16127"}],"curies":[{"name":"wp","href":"https:\/\/api.w.org\/{rel}","templated":true}]}}