{"id":16128,"date":"2012-03-01T12:53:51","date_gmt":"2012-03-01T12:53:51","guid":{"rendered":"http:\/\/unasp-ec.educacao.ws\/centrowhite\/?page_id=61"},"modified":"2012-03-01T12:53:51","modified_gmt":"2012-03-01T12:53:51","slug":"centros-de-pesquisa-ellen-g-white-ao-redor-do-mundo","status":"publish","type":"page","link":"https:\/\/brendolin.com.br\/centrowhite\/centro-white\/centros-de-pesquisa-ellen-g-white-ao-redor-do-mundo\/","title":{"rendered":"Sedes Mundiais"},"content":{"rendered":"<h1 style=\"text-align: center;\">Escrit\u00f3rios Mundiais do Patrim\u00f4nio Liter\u00e1rio Ellen G. White<\/h1>\n<p style=\"text-align: center;\"><img loading=\"lazy\" decoding=\"async\" class=\"aligncenter  wp-image-2461\" src=\"http:\/\/centrowhite.org.br\/wp-content\/uploads\/2012\/03\/Centros-White-no-mundo.png\" alt=\"Centros-White-no-mundo\" width=\"793\" height=\"403\" \/><\/p>\n<hr \/>\n<h1>Escrit\u00f3rio Central<\/h1>\n<h2>Ellen G. White Estate<\/h2>\n<p>12501 Old Columbia Pike<\/p>\n<p>Silver Spring, MD 20904-6600 U.S.A.<\/p>\n<p>Telefone: 301 680-6540<\/p>\n<p>FAX: 301 680-6559<\/p>\n<p>E-mail: <a href=\"mailto:mail@WhiteEstate.org\">mail@WhiteEstate.org<\/a><\/p>\n<hr \/>\n<h1>Filiais<\/h1>\n<h2>Michigan<\/h2>\n<p>Ellen G. White Estate Branch Office<\/p>\n<p>James White Library<\/p>\n<p>Andrews University<\/p>\n<p>Berrien Springs, MI 49104-1400<\/p>\n<p>Diretor:\u00a0 Merlin Burt<\/p>\n<p>Telefone:\u00a0\u00a0\u00a0 269 471-3209<\/p>\n<p>FAX:\u00a0\u00a0\u00a0\u00a0\u00a0\u00a0 269 471-2646<\/p>\n<p>E-mail:\u00a0\u00a0\u00a0 <a href=\"mailto:car@andrews.edu\">car@andrews.edu<\/a><\/p>\n<p>Web site: <a href=\"http:\/\/www.andrews.edu\/library\/car\/\">www.andrews.edu\/library\/car\/<\/a><\/p>\n<hr \/>\n<h2>California<\/h2>\n<p>Ellen G. White Estate Branch Office<\/p>\n<p>Del E. Webb Memorial Library<\/p>\n<p>Loma Linda University<\/p>\n<p>Loma Linda, CA 92350<\/p>\n<p>Diretor: Theodore Levterov<\/p>\n<p>Telefone:\u00a0\u00a0\u00a0 909 558-4942<\/p>\n<p>FAX:\u00a0\u00a0\u00a0\u00a0\u00a0\u00a0 909 558-0381<\/p>\n<p>E-mail:\u00a0\u00a0\u00a0 <a href=\"mailto:WhiteEstate@llu.edu\">WhiteEstate@llu.edu<\/a><\/p>\n<p>Web site:\u00a0 <a href=\"http:\/\/www.llu.edu\/library\/speccolls\/dbsearch.page\">www.llu.edu\/library\/speccolls\/dbsearch.page<\/a><\/p>\n<hr \/>\n<h2>Alabama<\/h2>\n<p>Ellen G. White Estate Branch Office\u00a0(inaugurado em 1999)<\/p>\n<p>Eva B. Dykes Library<\/p>\n<p>Oakwood University<\/p>\n<p>7000 Adventist Boulevard<\/p>\n<p>Huntsville, AL 35896<\/p>\n<p>Diretor:\u00a0 Jonathan Thompson<\/p>\n<p>Telefone:\u00a0\u00a0\u00a0 256 726-8423<\/p>\n<p>FAX:\u00a0\u00a0\u00a0\u00a0\u00a0\u00a0 256 726-8424<\/p>\n<p>E-mail:\u00a0\u00a0 <a href=\"mailto:egw@oakwood.edu\">egw@oakwood.edu<\/a><\/p>\n<hr \/>\n<h1>Centros de Pesquisa<\/h1>\n<h2>\u00c1frica do Sul<\/h2>\n<p>Ellen G. White Research Center\u00a0(inaugurado em 13\/02\/1983)<\/p>\n<p>Helderberg College<\/p>\n<p>P.O. Box 22<\/p>\n<p>Somerset West 7129, Cape<\/p>\n<p>South Africa<\/p>\n<p>Diretor:\u00a0 Michael Sokupa<\/p>\n<p>Telefone:\u00a0\u00a0\u00a0 27 (021) 850 7560<\/p>\n<p>FAX:\u00a0\u00a0\u00a0\u00a0\u00a0\u00a0 27 (021) 850 7560<\/p>\n<p>E-mail:\u00a0\u00a0\u00a0 <a href=\"mailto:clarkec@hbc.ac.za\">clarkec@hbc.ac.za<\/a><\/p>\n<hr \/>\n<h2>Argentina<\/h2>\n<p>Ellen G. White Research Center\u00a0(inaugurado em 09\/09\/1979)<\/p>\n<p>Universidad Adventista del Plata<\/p>\n<p>25 Little de Mayo<\/p>\n<p>3103 Villa Libertador San Martin<\/p>\n<p>Entre Rios, Argentina<\/p>\n<p>Diretor:\u00a0\u00a0 Dr. Daniel Plenc<\/p>\n<p>Telefone:\u00a0\u00a0 \u00a0\u00a0(54) 343-491-8000 ext. 1450 ou 1452<\/p>\n<p>FAX:\u00a0\u00a0\u00a0\u00a0\u00a0\u00a0\u00a0 (54) 343-491-8001<\/p>\n<p>E-mail:\u00a0\u00a0\u00a0\u00a0 <a href=\"mailto:cwhite@uapar.edu\">cwhite@uapar.edu<\/a><\/p>\n<p>Web site: <a href=\"http:\/\/centrowhite.uapar.edu\">http:\/\/centrowhite.uapar.edu<\/a><\/p>\n<hr \/>\n<h2><span style=\"color: #000000; font-size: 21px; font-weight: bold;\">Austr\u00e1lia<\/span><\/h2>\n<p>Ellen G. White Research Center\u00a0(inaugurado em 22\/02\/1976)<\/p>\n<p>Avondale College, Box 19<\/p>\n<p>Cooranbong, NSW 2265<\/p>\n<p>Australia<\/p>\n<p>Diretor:\u00a0 John Skrzypaszek<\/p>\n<p>Telefone:\u00a0\u00a0\u00a0 61 2 4980 2138<\/p>\n<p>FAX:\u00a0\u00a0\u00a0\u00a0\u00a0\u00a0 61 2 4980 2137<\/p>\n<p>E-mail:\u00a0\u00a0\u00a0 <a href=\"mailto:EGWRC@avondale.edu.au\">EGWRC@avondale.edu.au<\/a><\/p>\n<hr \/>\n<h2>Brasil<\/h2>\n<p><strong>Ellen G. White Research Center UNASP (since 06 dec 1987)<\/strong><\/p>\n<p>Centro Universit\u00e1rio Adventista de S\u00e3o Paulo<\/p>\n<p>CEP: 13448-900<\/p>\n<p>Engenheiro Coelho, SP &#8211; Brasil<\/p>\n<p>Diretor: Pr. Renato Stencel<\/p>\n<p>Telefone: +55 (19) 3858-9033<\/p>\n<p>FAX: +55 (19) 3858-9025<\/p>\n<p>E-mail:\u00a0<a href=\"mailto:centrowhite@unasp.edu.br\">centrowhite@unasp.edu.br<\/a><\/p>\n<p>Website:\u00a0<a href=\"http:\/\/www.centrowhite.org.br\/\">www.centrowhite.org.br<\/a><\/p>\n<p>&nbsp;<\/p>\n<p><strong>Ellen G. White Research Center FADBA (since 04 sep 2011)<\/strong><\/p>\n<p>Faculdade Adventista da Bahia<\/p>\n<p>Caixa Postal 18<\/p>\n<p>CEP: 44300-000<\/p>\n<p>Cachoeira, BA &#8211; Brasil<\/p>\n<p>Diretor: Pr. Gerson Rodrigues<\/p>\n<p>Telefone: +55 (75) 3425-8311<\/p>\n<p>Fax: +55 (75) 3425-8101<\/p>\n<p>E-mail:\u00a0<a href=\"mailto:centrowhite@adventista.edu.br\">centrowhite@adventista.edu.br<\/a><\/p>\n<hr \/>\n<h2>Cor\u00e9ia do Sul<\/h2>\n<p>Ellen G. White Research Center\u00a0(inaugurado em 21\/09\/1992)<\/p>\n<p>Sahmyook University<\/p>\n<p>Hwarangro 815 Nowon-go<\/p>\n<p>Seoul 139-742<\/p>\n<p>Korea<\/p>\n<p>Diretor:\u00a0 Un Bae Kim<\/p>\n<p>Telefone:\u00a0\u00a0\u00a0\u00a0 82 (2) 3399 3435\/3436<\/p>\n<p>FAX:\u00a0\u00a0\u00a0\u00a0\u00a0\u00a0\u00a0 82 (2) 3399-3437<\/p>\n<p>E-mail:\u00a0\u00a0\u00a0\u00a0 <a href=\"mailto:egw@syu.ac.kr\">egw@syu.ac.kr<\/a><\/p>\n<p>Web site: <a href=\"http:\/\/www.egw.or.kr\">http:\/\/www.egw.or.kr<\/a><\/p>\n<hr \/>\n<h2>Costa Rica<\/h2>\n<p>Ellen G. White Research Center<\/p>\n<p>Universidad Adventista de Centroamerica<\/p>\n<p>Apartado 138-4050<\/p>\n<p>La Ceiba, Alajuela 4050, Costa Rica<\/p>\n<p>Diretor: A. Benjamin Akyiano<\/p>\n<p>Telefone:\u00a0\u00a0\u00a0 (506) 2430-3329\/ 2430-3300<\/p>\n<p>FAX:\u00a0\u00a0\u00a0\u00a0\u00a0\u00a0 (506) 2441-3465\/ 2443-1702<\/p>\n<p>E-mail:\u00a0\u00a0\u00a0 <a href=\"mailto:centrowhiteunadeca@gmail.com\">centrowhiteunadeca@gmail.com<\/a><\/p>\n<p>ou\u00a0\u00a0 <a href=\"mailto:centrowhite@unadeca.net\">centrowhite@unadeca.net<\/a><\/p>\n<hr \/>\n<h2>Estados Unidos<\/h2>\n<p>Ellen G. White Research Center\u00a0(inaugurado em 26\/03\/2004)<\/p>\n<p>Southwestern Adventist University<\/p>\n<p>101 W. Magnolia<\/p>\n<p>PO Box 567<\/p>\n<p>Keene, Texas 76059<\/p>\n<p>Diretor: Alfredo Vergel (interim)<\/p>\n<p>Telefone:\u00a0\u00a0\u00a0 (817) 202-6604<\/p>\n<p>FAX:\u00a0\u00a0\u00a0\u00a0\u00a0\u00a0 (817) 556-4722<\/p>\n<p>E-mail:\u00a0\u00a0\u00a0 <a href=\"mailto:ellenwhiteresearch@swau.edu\">ellenwhiteresearch@swau.edu<\/a><\/p>\n<hr \/>\n<h2>Filipinas<\/h2>\n<p>Ellen G. White Research Center\u00a0(inaugurado em 24\/05\/1981)<\/p>\n<p>Adventist International Institute of Advanced Studies<\/p>\n<p>P.O. Box 038, 4118 Silang<\/p>\n<p>Cavite<\/p>\n<p>Philippines<\/p>\n<p>Diretor:\u00a0 Reuel U. Almocera<\/p>\n<p>Telefone: \u00a0\u00a0\u00a0[63] (46) 414-4314; 4315; 4300<\/p>\n<p>FAX:\u00a0\u00a0\u00a0\u00a0\u00a0\u00a0 [63] (46) 414-4310; 4320<\/p>\n<p>E-mail:\u00a0\u00a0\u00a0 <a href=\"mailto:egwhite@aiias.edu\">egwhite@aiias.edu<\/a><\/p>\n<hr \/>\n<h2>Fran\u00e7a<\/h2>\n<p>Ellen G. White Research Center\u00a0(inaugurado em 07\/11\/2002)<\/p>\n<p>Campus Adventiste du Saleve<\/p>\n<p>BP 74<\/p>\n<p>74165 Collonges-sous-Saleve, Cedex<\/p>\n<p>France<\/p>\n<p>Diretor:\u00a0\u00a0\u00a0 Jean-Luc Rolland<\/p>\n<p>Telefone:\u00a0\u00a0\u00a0\u00a0\u00a0 33 450 876809<\/p>\n<p>Fax:\u00a0\u00a0\u00a0\u00a0\u00a0\u00a0\u00a0\u00a0\u00a0 33 450 436580<\/p>\n<p>E-mail:\u00a0\u00a0\u00a0\u00a0\u00a0 <a href=\"mailto:whitecenter@campusadventiste.edu\">whitecenter@campusadventiste.edu<\/a><\/p>\n<p>Web site:\u00a0 <a href=\"http:\/\/www.ellenwhitecenter.org\">www.ellenwhitecenter.org<\/a><\/p>\n<hr \/>\n<h2>\u00cdndia<\/h2>\n<p>Ellen G. White Research Center\u00a0(inaugurado em 05\/09\/1985)<\/p>\n<p>Spicer Memorial College<\/p>\n<p>Aundh Road, Ganeshkhind Post<\/p>\n<p>Pune 411007, Maharashtra<\/p>\n<p>India<\/p>\n<p>Diretor:\u00a0 Chawngdinpuii Tlau<\/p>\n<p>Telefone:\u00a0\u00a0\u00a0 91 (20) 2580 7042<\/p>\n<p>FAX:\u00a0\u00a0\u00a0\u00a0\u00a0\u00a0 91 (20) 2569 8418<\/p>\n<p>E-mail:\u00a0\u00a0\u00a0 <a href=\"mailto:dynamo_din@yahoo.com\">dynamo_din@yahoo.com<\/a><\/p>\n<hr \/>\n<h2>Inglaterra<\/h2>\n<p>Ellen G. White Research Center\u00a0(inaugurado em 01\/04\/1974)<\/p>\n<p>Newbold College<\/p>\n<p>St Marks Rd, Binfield<\/p>\n<p>Bracknell, Berkshire RG42 4AN<\/p>\n<p>England<\/p>\n<p>Diretor:\u00a0 Radisa Antic<\/p>\n<p>Telefone:\u00a0\u00a0\u00a0 44 (1344) 407448<\/p>\n<p>FAX:\u00a0\u00a0\u00a0\u00a0\u00a0\u00a0 44 (1344) 484993<\/p>\n<p>E-mail:\u00a0\u00a0\u00a0 <a href=\"mailto:egwrc@newbold.ac.uk\">egwrc@newbold.ac.uk<\/a><\/p>\n<hr \/>\n<h2>Jamaica<\/h2>\n<p>Ellen G. White Research Center\u00a0(inaugurado em 12\/07\/2003)<\/p>\n<p>Northern Caribbean University<\/p>\n<p>P.O. Box 22<\/p>\n<p>Mandeville, Jamaica<\/p>\n<p>Diretor:\u00a0\u00a0 Basil A. Reid<\/p>\n<p>Telefone:\u00a0\u00a0\u00a0\u00a0 876 263-2446<\/p>\n<p>Fax:\u00a0\u00a0\u00a0\u00a0\u00a0\u00a0\u00a0\u00a0\u00a0 876 962-0075<\/p>\n<p>E-mail:\u00a0\u00a0\u00a0\u00a0 <a href=\"mailto:egwresource@ncu.edu.jm\">egwresource@ncu.edu.jm<\/a><\/p>\n<p>Web site: <a href=\"http:\/\/egw-sdaresearch.ncu.edu.jm\">http:\/\/egw-sdaresearch.ncu.edu.jm<\/a><\/p>\n<hr \/>\n<h2>Qu\u00eania<\/h2>\n<p>Ellen G. White Research Center\u00a0(inaugurado em 19\/05\/2001)<\/p>\n<p>University of Eastern Africa, Baraton<\/p>\n<p>P. O. Box 2500<\/p>\n<p>Eldoret<\/p>\n<p>Kenya<\/p>\n<p>Diretor:\u00a0 Beatrice M. Idowu<\/p>\n<p>Telefone:\u00a0\u00a0\u00a0 (254) 053 52625<\/p>\n<p>FAX:\u00a0\u00a0\u00a0\u00a0\u00a0\u00a0 (254) 053 52263<\/p>\n<p>E-mail:\u00a0\u00a0\u00a0 <a href=\"mailto:egwrc@ueab.ac.ke\">egwrc@ueab.ac.ke<\/a><\/p>\n<hr \/>\n<h2>M\u00e9xico<\/h2>\n<p>Ellen G. White Research Center\u00a0(inaugurado em 13\/11\/1978)<\/p>\n<p>Montemorelos University<\/p>\n<p>1001 10th Street, Suite G PMB 552<\/p>\n<p>McAllen TX 78501<\/p>\n<p>Mexico<\/p>\n<p>Diretor:\u00a0 Juan Jose Andrade<\/p>\n<p>Telefone:\u00a0\u00a0\u00a0 52 (826) 263 0900 ext. 1700\/1701<\/p>\n<p>FAX:\u00a0\u00a0\u00a0\u00a0\u00a0\u00a0 52 (826) 263 0901<\/p>\n<p>Website: <a href=\"http:\/\/www.centrowhite.org.mx\">www.centrowhite.org.mx<\/a><\/p>\n<hr \/>\n<h2>Nig\u00e9ria<\/h2>\n<p>Ellen G. White Research Center\u00a0(inaugurado em 24\/11\/1990)<\/p>\n<p>Babcock University<\/p>\n<p>Private Mail Bag 21244<\/p>\n<p>Ikeja, Lagos State<\/p>\n<p>Nigeria, West Africa<\/p>\n<p>Diretor:\u00a0 Philemon O. Amanze<\/p>\n<p>Telefone:\u00a0\u00a0\u00a0 234-037-630148 ou 432799<\/p>\n<p>FAX:\u00a0\u00a0\u00a0\u00a0\u00a0\u00a0 234-037-630532<\/p>\n<p>E-mail:\u00a0\u00a0\u00a0 <a href=\"mailto:egwsdarcbu2004@yahoo.com\">egwsdarcbu2004@yahoo.com<\/a><\/p>\n<hr \/>\n<h2>Per\u00fa<\/h2>\n<p>Ellen G. White Research Center\u00a0(inaugurado em 27\/09\/2009)<\/p>\n<p>Universidad Peruana Union<\/p>\n<p>Carretera Central Km 19, \u00d1a\u00f1a<\/p>\n<p>Lima 8, Peru<\/p>\n<p>Diretor:\u00a0 Gluder Quispe<\/p>\n<p>Telefone:\u00a0\u00a0\u00a0 (511) 618 6300, Ext. 3153, 3157<\/p>\n<p>Cell:\u00a0\u00a0\u00a0\u00a0\u00a0\u00a0\u00a0 (511) 989597383<\/p>\n<p>Fax:\u00a0\u00a0\u00a0\u00a0\u00a0\u00a0\u00a0 (511) 618 6339<\/p>\n<p>E-mail:\u00a0\u00a0 <a href=\"mailto:centrowhite@upeu.edu.pe\">centrowhite@upeu.edu.pe<\/a><\/p>\n<p>Web site: <a href=\"http:\/\/www.centrowhite.upeu.edu.pe\">www.centrowhite.upeu.edu.pe<\/a><\/p>\n<hr \/>\n<h2>Porto Rico<\/h2>\n<p>Ellen G. White Research Center<\/p>\n<p>Universidad Adventista de las Antillas<\/p>\n<p>P.O. Box 118<\/p>\n<p>Mayaguez, PR. 00681<\/p>\n<p>Diretor:\u00a0 Pedro L. Cort\u00e9s Burgos<\/p>\n<p>Telefone:\u00a0\u00a0\u00a0 (787) 834-9595<\/p>\n<p>E-mail:\u00a0\u00a0\u00a0 <a href=\"mailto:plcb511@yahoo.com\">plcb511@yahoo.com<\/a><\/p>\n<hr \/>\n<h2>R\u00fassia<\/h2>\n<p>Ellen G. White Research Center\u00a0(inaugurado em 28\/10\/1995)<\/p>\n<p>Zaokski Theological Seminary<\/p>\n<p>Rudneva, 43-A<\/p>\n<p>Zaokski, Tula Region 301000<\/p>\n<p>Russian Federation<\/p>\n<p>Diretor:\u00a0 Vsevolod Andrusiak<\/p>\n<p>Telefone:\u00a0\u00a0\u00a0 (7) (48734) 2 0410<\/p>\n<p>FAX:\u00a0\u00a0\u00a0\u00a0\u00a0\u00a0 (7) (48734) 2 0411<\/p>\n<p>E-mail:\u00a0\u00a0\u00a0 <a href=\"mailto:egwrc@zau.ru\">egwrc@zau.ru<\/a>\t\t<\/p>\n","protected":false},"excerpt":{"rendered":"<p>Escrit\u00f3rios Mundiais do Patrim\u00f4nio Liter\u00e1rio Ellen G. White Escrit\u00f3rio Central Ellen G. White Estate 12501 Old Columbia Pike Silver Spring, MD 20904-6600 U.S.A. Telefone: 301 680-6540 FAX: 301 680-6559 E-mail: mail@WhiteEstate.org Filiais Michigan Ellen G. White Estate Branch Office James White Library Andrews University Berrien Springs, MI 49104-1400 Diretor:\u00a0 Merlin Burt Telefone:\u00a0\u00a0\u00a0 269 471-3209 FAX:\u00a0\u00a0\u00a0\u00a0\u00a0\u00a0 [&hellip;]<\/p>\n","protected":false},"author":1,"featured_media":0,"parent":16127,"menu_order":0,"comment_status":"closed","ping_status":"closed","template":"page-no-title-no-indent.php","meta":{"footnotes":""},"class_list":["post-16128","page","type-page","status-publish","hentry"],"_links":{"self":[{"href":"https:\/\/brendolin.com.br\/centrowhite\/wp-json\/wp\/v2\/pages\/16128","targetHints":{"allow":["GET"]}}],"collection":[{"href":"https:\/\/brendolin.com.br\/centrowhite\/wp-json\/wp\/v2\/pages"}],"about":[{"href":"https:\/\/brendolin.com.br\/centrowhite\/wp-json\/wp\/v2\/types\/page"}],"author":[{"embeddable":true,"href":"https:\/\/brendolin.com.br\/centrowhite\/wp-json\/wp\/v2\/users\/1"}],"replies":[{"embeddable":true,"href":"https:\/\/brendolin.com.br\/centrowhite\/wp-json\/wp\/v2\/comments?post=16128"}],"version-history":[{"count":0,"href":"https:\/\/brendolin.com.br\/centrowhite\/wp-json\/wp\/v2\/pages\/16128\/revisions"}],"up":[{"embeddable":true,"href":"https:\/\/brendolin.com.br\/centrowhite\/wp-json\/wp\/v2\/pages\/16127"}],"wp:attachment":[{"href":"https:\/\/brendolin.com.br\/centrowhite\/wp-json\/wp\/v2\/media?parent=16128"}],"curies":[{"name":"wp","href":"https:\/\/api.w.org\/{rel}","templated":true}]}}