{"id":16133,"date":"2012-03-01T13:43:19","date_gmt":"2012-03-01T13:43:19","guid":{"rendered":"http:\/\/unasp-ec.educacao.ws\/centrowhite\/?page_id=96"},"modified":"2012-03-01T13:43:19","modified_gmt":"2012-03-01T13:43:19","slug":"mcw","status":"publish","type":"page","link":"https:\/\/brendolin.com.br\/centrowhite\/mcw\/","title":{"rendered":"Minicentros White"},"content":{"rendered":"<div class=\"links-icones\">\n<ul class=\"links-icones\">\n<li><a title=\"Descri\u00e7\u00e3o\" href=\"\/mcw\/descricao\/\"><img loading=\"lazy\" decoding=\"async\" class=\"alignnone size-full wp-image-3548\" src=\"http:\/\/centrowhite.org.br\/wp-content\/uploads\/2012\/03\/descricao.png\" alt=\"Descri\u00e7\u00e3o\" width=\"133\" height=\"143\" \/>Descri\u00e7\u00e3o do Projeto<\/a><\/li>\n<li><a title=\"Hist\u00f3rico\" href=\"\/mcw\/historico\/\"><img loading=\"lazy\" decoding=\"async\" class=\"alignnone size-full wp-image-3546\" src=\"http:\/\/centrowhite.org.br\/wp-content\/uploads\/2012\/03\/historico-minicentros.png\" alt=\"Historico\" width=\"133\" height=\"143\" \/>Hist\u00f3rico do Projeto<\/a><\/li>\n<li><a title=\"Implanta\u00e7\u00e3o\" href=\"\/mcw\/implantacao\/\"><img loading=\"lazy\" decoding=\"async\" class=\"alignnone size-full wp-image-3543\" src=\"http:\/\/centrowhite.org.br\/wp-content\/uploads\/2012\/03\/implementacao.png\" alt=\"Implanta\u00e7\u00e3o\" width=\"133\" height=\"143\" \/>Como Implantar<\/a><\/li>\n<li><a title=\"Credenciamento\" href=\"\/mcw\/credenciamento\/\"><img loading=\"lazy\" decoding=\"async\" class=\"alignnone size-full wp-image-3541\" src=\"http:\/\/centrowhite.org.br\/wp-content\/uploads\/2012\/03\/credenciamentos.png\" alt=\"Credenciamento\" width=\"133\" height=\"143\" \/>Certifica\u00e7\u00e3o Oficial<\/a><\/li>\n<li><a title=\"Mini Centros Cadastrados\" href=\"\/mcw\/credenciados\/\"><img loading=\"lazy\" decoding=\"async\" class=\"alignnone size-full wp-image-3544\" src=\"http:\/\/centrowhite.org.br\/wp-content\/uploads\/2012\/03\/minicentros-cadastrados1.png\" alt=\"Mini-Centros cadastrados\" width=\"133\" height=\"143\" \/>Minicentros White Oficiais<\/a><\/li>\n<li><a title=\"Manual para Coordenadores do Esp\u00edrito de Profecia\" href=\"https:\/\/deptos.adventistas.org\/espiritoprofecia\/Manual-Espirito_de_Profecia.pdf\" target=\"_blank\" rel=\"noopener\"><img loading=\"lazy\" decoding=\"async\" class=\"alignnone size-full wp-image-3541\" src=\"\/wp-content\/themes\/centro-white\/images\/manual_espirito-de-profecia.jpg\" alt=\"Manual para Coordenadores do Esp\u00edrito de Profecia\" width=\"133\" height=\"143\" \/>Manual para Coordenadores do Esp\u00edrito de Profecia<\/a><\/li>\n<li><a title=\"Recredenciamento\" href=\"\/mcw\/recredenciamento\/\"><img loading=\"lazy\" decoding=\"async\" class=\"alignnone size-full wp-image-3541\" src=\"http:\/\/centrowhite.org.br\/wp-content\/uploads\/2012\/03\/credenciamentos.png\" alt=\"Recredenciamento\" width=\"133\" height=\"143\" \/>Recredenciamento Anual (2021)<\/a><\/li>\n<\/ul>\n<\/div>\n","protected":false},"excerpt":{"rendered":"<p>Descri\u00e7\u00e3o do Projeto Hist\u00f3rico do Projeto Como Implantar Certifica\u00e7\u00e3o Oficial Minicentros White Oficiais Manual para Coordenadores do Esp\u00edrito de Profecia Recredenciamento Anual (2021)<\/p>\n","protected":false},"author":1,"featured_media":0,"parent":0,"menu_order":5,"comment_status":"closed","ping_status":"closed","template":"page-no-indent.php","meta":{"footnotes":""},"class_list":["post-16133","page","type-page","status-publish","hentry"],"_links":{"self":[{"href":"https:\/\/brendolin.com.br\/centrowhite\/wp-json\/wp\/v2\/pages\/16133","targetHints":{"allow":["GET"]}}],"collection":[{"href":"https:\/\/brendolin.com.br\/centrowhite\/wp-json\/wp\/v2\/pages"}],"about":[{"href":"https:\/\/brendolin.com.br\/centrowhite\/wp-json\/wp\/v2\/types\/page"}],"author":[{"embeddable":true,"href":"https:\/\/brendolin.com.br\/centrowhite\/wp-json\/wp\/v2\/users\/1"}],"replies":[{"embeddable":true,"href":"https:\/\/brendolin.com.br\/centrowhite\/wp-json\/wp\/v2\/comments?post=16133"}],"version-history":[{"count":0,"href":"https:\/\/brendolin.com.br\/centrowhite\/wp-json\/wp\/v2\/pages\/16133\/revisions"}],"wp:attachment":[{"href":"https:\/\/brendolin.com.br\/centrowhite\/wp-json\/wp\/v2\/media?parent=16133"}],"curies":[{"name":"wp","href":"https:\/\/api.w.org\/{rel}","templated":true}]}}