{"id":16135,"date":"2012-03-01T13:46:18","date_gmt":"2012-03-01T13:46:18","guid":{"rendered":"http:\/\/unasp-ec.educacao.ws\/centrowhite\/?page_id=100"},"modified":"2012-03-01T13:46:18","modified_gmt":"2012-03-01T13:46:18","slug":"descricao","status":"publish","type":"page","link":"https:\/\/brendolin.com.br\/centrowhite\/mcw\/descricao\/","title":{"rendered":"Descri\u00e7\u00e3o do Projeto Minicentros White"},"content":{"rendered":"<h1>Descri\u00e7\u00e3o do Projeto &#8220;Minicentros White&#8221;<\/h1>\n<h2>Defini\u00e7\u00e3o e Objetivos<\/h2>\n<p>Os Minicentros Ellen G. White s\u00e3o pequenos n\u00facleos estabelecidos para o estudo da B\u00edblia e dos escritos de Ellen G. White, com o prop\u00f3sito de fortalecer as congrega\u00e7\u00f5es locais da Igreja Adventista do S\u00e9timo Dia (IASD). Estes centros, que possuem um acervo de materiais principalmente em portugu\u00eas, foram idealizados para servirem \u00e0s igrejas locais e \u00e0s escolas da denomina\u00e7\u00e3o, assim como\u00a0o Ellen G. White Estate da Associa\u00e7\u00e3o Geral e os 21 Centros de Pesquisas Ellen G. White espalhados ao redor do mundo que ajudam a difundir os escritos de Ellen G. White para as treze Divis\u00f5es da IASD. A\u00a0rede de Minicentros Ellen G. White do Brasil permitir\u00e1 que a influ\u00eancia do Centro de Pesquisas Ellen G. White do Brasil seja transmitida, mais efetivamente, para as igrejas locais e institui\u00e7\u00f5es educacionais deste pa\u00eds.<\/p>\n<h2>Coordena\u00e7\u00e3o Geral<\/h2>\n<p>Toda a Rede de Minicentros Ellen G. White do Brasil est\u00e1 subordinada ao Centro de Pesquisas Ellen G. White do Brasil. \u00c9 responsabilidade deste Centro de Pesquisas (1) encorajar o estabelecimento de novos Minicentros Ellen G. White em igrejas adventistas e escolas no Brasil; (2) definir os materiais e equipamentos b\u00e1sicos para esses centros; (3) credenciar os Minicentros que preencherem os requisitos b\u00e1sicos; (4) notificar os novos materiais a serem acrescentados aos acervos dos Minicentros; e (5) cancelar o credenciamento dos centros que n\u00e3o seguirem estas &#8220;Normas e Diretrizes da Rede de Minicentros Ellen G. White do Brasil&#8221;, ou que n\u00e3o manifestarem um esp\u00edrito de lealdade doutrin\u00e1ria e \u00e9tica para com a IASD e sua lideran\u00e7a.<\/p>\n<p>O website do Centro de Pesquisas Ellen G. White do Brasil (<a href=\"http:\/\/www.centrowhite.org.br\/\" target=\"_blank\" rel=\"noopener\">www.centrowhite.org.br<\/a>) exibir\u00e1 e manter\u00e1 atualizado (1) estas &#8220;Normas e Diretrizes da Rede de Minicentros Ellen G. White do Brasil&#8221;; (2) a lista oficial dos Minicentros Ellen G. White reconhecidos pelo Centro de Pesquisas E. G. White do Brasil, incluindo o endere\u00e7o completo de cada um; e (3) uma lista de novos materiais que dever\u00e3o ser acrescentados ao acervo de cada centro.<\/p>\n<h2>Promo\u00e7\u00e3o e apoio<\/h2>\n<p>Essencial ao desenvolvimento da Rede de Minicentros Ellen G. White do Brasil \u00e9 o apoio administrativo do Departamento Ministerial, do Departamento de Educa\u00e7\u00e3o e do Coordenador do Esp\u00edrito de Profecia, em todos os n\u00edveis da estrutura organizacional: Divis\u00e3o Sul-Americana, Uni\u00f5es e Associa\u00e7\u00f5es\/Miss\u00f5es, bem como a lideran\u00e7a das igrejas locais e escolas.<\/p>\n<p>A abertura de Minicentros Ellen G. White certamente beneficiar\u00e1 a IASD no Brasil de v\u00e1rias formas. Sob fortes influ\u00eancias do existencialismo, do pluralismo e do ecumenismo, muitos membros est\u00e3o perdendo sua identidade adventista. Esses Minicentros prover\u00e3o a oportunidade para que os membros da Igreja fortale\u00e7am sua f\u00e9 e seu conhecimento da Palavra de Deus.<\/p>\n<p>Este \u00e9 um tempo em que os membros de nossas igrejas est\u00e3o sendo fortemente sacudidos pelos ventos de falsas doutrinas (Ef\u00e9sios 4:14) e pelas tempestades de todo tipo de cr\u00edticas \u00e0 Igreja. Tais desafios aumentar\u00e3o cada vez mais \u00e0 medida que nos aproximarmos do fim deste mundo. O estabelecimento de um Minicentro Ellen G. White ajudar\u00e1 os membros de nossas igrejas a melhor se prepararem para enfrentarem essas dificuldades, e para responderam de forma mais convincente \u00e0queles que indagarem sobre a raz\u00e3o de sua f\u00e9 e esperan\u00e7a (I Pedro 3:15).\t\t<\/p>\n","protected":false},"excerpt":{"rendered":"<p>Descri\u00e7\u00e3o do Projeto &#8220;Minicentros White&#8221; Defini\u00e7\u00e3o e Objetivos Os Minicentros Ellen G. White s\u00e3o pequenos n\u00facleos estabelecidos para o estudo da B\u00edblia e dos escritos de Ellen G. White, com o prop\u00f3sito de fortalecer as congrega\u00e7\u00f5es locais da Igreja Adventista do S\u00e9timo Dia (IASD). Estes centros, que possuem um acervo de materiais principalmente em portugu\u00eas, [&hellip;]<\/p>\n","protected":false},"author":1,"featured_media":0,"parent":16133,"menu_order":2,"comment_status":"closed","ping_status":"closed","template":"page-no-title-with-indent.php","meta":{"footnotes":""},"class_list":["post-16135","page","type-page","status-publish","hentry"],"_links":{"self":[{"href":"https:\/\/brendolin.com.br\/centrowhite\/wp-json\/wp\/v2\/pages\/16135","targetHints":{"allow":["GET"]}}],"collection":[{"href":"https:\/\/brendolin.com.br\/centrowhite\/wp-json\/wp\/v2\/pages"}],"about":[{"href":"https:\/\/brendolin.com.br\/centrowhite\/wp-json\/wp\/v2\/types\/page"}],"author":[{"embeddable":true,"href":"https:\/\/brendolin.com.br\/centrowhite\/wp-json\/wp\/v2\/users\/1"}],"replies":[{"embeddable":true,"href":"https:\/\/brendolin.com.br\/centrowhite\/wp-json\/wp\/v2\/comments?post=16135"}],"version-history":[{"count":0,"href":"https:\/\/brendolin.com.br\/centrowhite\/wp-json\/wp\/v2\/pages\/16135\/revisions"}],"up":[{"embeddable":true,"href":"https:\/\/brendolin.com.br\/centrowhite\/wp-json\/wp\/v2\/pages\/16133"}],"wp:attachment":[{"href":"https:\/\/brendolin.com.br\/centrowhite\/wp-json\/wp\/v2\/media?parent=16135"}],"curies":[{"name":"wp","href":"https:\/\/api.w.org\/{rel}","templated":true}]}}