{"id":16136,"date":"2012-03-01T13:48:37","date_gmt":"2012-03-01T13:48:37","guid":{"rendered":"http:\/\/unasp-ec.educacao.ws\/centrowhite\/?page_id=102"},"modified":"2012-03-01T13:48:37","modified_gmt":"2012-03-01T13:48:37","slug":"implantacao","status":"publish","type":"page","link":"https:\/\/brendolin.com.br\/centrowhite\/mcw\/implantacao\/","title":{"rendered":"Implanta\u00e7\u00e3o do Minicentro White"},"content":{"rendered":"<h1>Implanta\u00e7\u00e3o do Minicentro White<\/h1>\n<p style=\"text-align: justify;\">Para o estabelecimento de um Minicentro Ellen G. White \u00e9 necess\u00e1rio uma \u00e1rea espec\u00edfica para este prop\u00f3sito, um(a) diretor(a), e o material a ser disponibilizado aos visitantes e\/ou alunos. Cada um desses elementos \u00e9 descrito a seguir:<\/p>\n<p>&nbsp;<\/p>\n<h2>1. \u00c1rea Espec\u00edfica<\/h2>\n<p style=\"text-align: justify;\">Cada Minicentro deve possuir uma \u00e1rea espec\u00edfica (de prefer\u00eancia uma sala separada) para acomodar seus m\u00f3veis e equipamentos, incluindo estantes para livros, mesas, arquivos para documentos e, possivelmente, um computador para acesso aos websites dos escritos de Ellen G. White. Se o Minicentro est\u00e1 localizado em uma igreja, essa \u00e1rea seria dentro das instala\u00e7\u00f5es da pr\u00f3pria igreja. No caso das escolas, essa \u00e1rea espec\u00edfica deveria estar na biblioteca ou pr\u00f3ximo a ela.<\/p>\n<p>&nbsp;<\/p>\n<h2>2. Diretor e Comiss\u00e3o Administrativa<\/h2>\n<p style=\"text-align: justify;\">Se o Minicentro est\u00e1 localizado em uma igreja, o diretor desse centro deve ser indicado pela pr\u00f3pria igreja, em consulta com o Coordenador do Esp\u00edrito de Profecia da Associa\u00e7\u00e3o\/Miss\u00e3o local. A comiss\u00e3o administrativa do Minicentro deve ser a comiss\u00e3o da igreja local. Nesse caso, o presidente da comiss\u00e3o administrativa ser\u00e1 o mesmo presidente da comiss\u00e3o da igreja, que normalmente \u00e9 o pastor distrital. O Diretor do Centro de Pesquisas Ellen G. White do Brasil, bem como o Secret\u00e1rio Ministerial e o Coordenador do Esp\u00edrito de Profecia da Associa\u00e7\u00e3o\/Miss\u00e3o local s\u00e3o membros ex officio dessa comiss\u00e3o, sempre que participarem de suas reuni\u00f5es.<\/p>\n<p style=\"text-align: justify;\">Se o Minicentro est\u00e1 localizado em uma institui\u00e7\u00e3o educacional, o diretor do centro pode ser o pastor\/professor de B\u00edblia daquela institui\u00e7\u00e3o, o seu bibliotec\u00e1rio, ou outra pessoa qualificada para a fun\u00e7\u00e3o. A comiss\u00e3o administrativa do centro deve incluir o diretor da escola, o seu tesoureiro, bem como o(s) professor(es) de B\u00edblia da institui\u00e7\u00e3o, um ou mais pastores distritais, e pelo menos um membro da igreja. O presidente da comiss\u00e3o administrativa deve ser o diretor da escola, e o secret\u00e1rio dessa comiss\u00e3o deve ser o diretor do Minicentro. O Diretor do Centro de Pesquisas Ellen G. White do Brasil, bem como o Departamental de Educa\u00e7\u00e3o e o Coordenador do Esp\u00edrito de Profecia da Associa\u00e7\u00e3o\/Miss\u00e3o a qual a escola pertence, s\u00e3o membros ex-of\u00edcio dessa comiss\u00e3o, sempre que participarem de suas reuni\u00f5es.<\/p>\n<p>&nbsp;<\/p>\n<h2>3. N\u00edveis e Materiais<\/h2>\n<p style=\"text-align: justify;\">Os Minicentros Ellen G. White (denominados pela sigla MCW) ser\u00e3o classificados de acordo com o seu respectivo acervo de materiais, enquadrando-se em um dos tr\u00eas n\u00edveis mencionados a seguir:<\/p>\n<p style=\"text-align: justify;\"><strong>N\u00edvel 1 &#8211; B\u00e1sico:<\/strong>\u00a0possuir todos os livros de Ellen G. White dispon\u00edveis em portugu\u00eas + as obras de outros autores (<a href=\"http:\/\/www.centrowhite.org.br\/wp-content\/uploads\/2012\/03\/MCW-Lista-A-2021.pdf\" target=\"_blank\" rel=\"noopener\">Lista A<\/a>).<\/p>\n<p style=\"text-align: justify;\"><strong>N\u00edvel 2 &#8211; Intermedi\u00e1rio:<\/strong>\u00a0possuir todos os t\u00edtulos requisitados para o N\u00edvel 1 (Lista A) + os todos os t\u00edtulos requisitados para o N\u00edvel 2\u00a0(Lista B).<\/p>\n<p><strong>N\u00edvel 3 &#8211; Avan\u00e7ado:<\/strong>\u00a0possuir todos os t\u00edtulos requisitados no N\u00edvel 1 (Lista A) + todos os t\u00edtulos requisitados para os N\u00edveis 2 e 3\u00a0(Lista B) + computador com acesso \u00e0 internet + o livro <em>Mensageira do Senhor<\/em>.<\/p>\n<p><em><strong>Obras de Ellen G. White em portugu\u00eas:<\/strong>\u00a0Podem ser adquiridos atrav\u00e9s das Lojas SELS ou nas Livrarias CPB (h\u00e1 um desconto oferecido exclusivamente para Minicentros na compra da cole\u00e7\u00e3o dos livros de Ellen White na promo\u00e7\u00e3o semestral da Casa On-line.\u00a0Casa Publicadora Brasileira |\u00a0<a href=\"http:\/\/www.cpb.com.br\/\" target=\"_blank\" rel=\"noopener\">www.cpb.com.br<\/a><\/em><\/p>\n<p>&nbsp;<\/p>\n<h2>4. Recursos Financeiros<\/h2>\n<p style=\"text-align: justify;\">Os recursos financeiros para (1) a compra de equipamentos necess\u00e1rios, (2) a forma\u00e7\u00e3o do acervo de materiais, (3) os custos operacionais do centro e (4) a atualiza\u00e7\u00e3o do Minicentro s\u00e3o de inteira responsabilidade da respectiva igreja local ou da institui\u00e7\u00e3o educacional a qual o centro pertence.<\/p>\n","protected":false},"excerpt":{"rendered":"<p>Implanta\u00e7\u00e3o do Minicentro White Para o estabelecimento de um Minicentro Ellen G. White \u00e9 necess\u00e1rio uma \u00e1rea espec\u00edfica para este prop\u00f3sito, um(a) diretor(a), e o material a ser disponibilizado aos visitantes e\/ou alunos. Cada um desses elementos \u00e9 descrito a seguir: &nbsp; 1. \u00c1rea Espec\u00edfica Cada Minicentro deve possuir uma \u00e1rea espec\u00edfica (de prefer\u00eancia uma [&hellip;]<\/p>\n","protected":false},"author":1,"featured_media":0,"parent":16133,"menu_order":3,"comment_status":"closed","ping_status":"closed","template":"page-no-title-with-indent.php","meta":{"footnotes":""},"class_list":["post-16136","page","type-page","status-publish","hentry"],"_links":{"self":[{"href":"https:\/\/brendolin.com.br\/centrowhite\/wp-json\/wp\/v2\/pages\/16136","targetHints":{"allow":["GET"]}}],"collection":[{"href":"https:\/\/brendolin.com.br\/centrowhite\/wp-json\/wp\/v2\/pages"}],"about":[{"href":"https:\/\/brendolin.com.br\/centrowhite\/wp-json\/wp\/v2\/types\/page"}],"author":[{"embeddable":true,"href":"https:\/\/brendolin.com.br\/centrowhite\/wp-json\/wp\/v2\/users\/1"}],"replies":[{"embeddable":true,"href":"https:\/\/brendolin.com.br\/centrowhite\/wp-json\/wp\/v2\/comments?post=16136"}],"version-history":[{"count":0,"href":"https:\/\/brendolin.com.br\/centrowhite\/wp-json\/wp\/v2\/pages\/16136\/revisions"}],"up":[{"embeddable":true,"href":"https:\/\/brendolin.com.br\/centrowhite\/wp-json\/wp\/v2\/pages\/16133"}],"wp:attachment":[{"href":"https:\/\/brendolin.com.br\/centrowhite\/wp-json\/wp\/v2\/media?parent=16136"}],"curies":[{"name":"wp","href":"https:\/\/api.w.org\/{rel}","templated":true}]}}