{"id":16137,"date":"2012-03-01T13:53:35","date_gmt":"2012-03-01T13:53:35","guid":{"rendered":"http:\/\/unasp-ec.educacao.ws\/centrowhite\/?page_id=112"},"modified":"2012-03-01T13:53:35","modified_gmt":"2012-03-01T13:53:35","slug":"credenciamento","status":"publish","type":"page","link":"https:\/\/brendolin.com.br\/centrowhite\/mcw\/credenciamento\/","title":{"rendered":"Credenciamento do Minicentro White"},"content":{"rendered":"<h1>Credenciamento do Minicentro White<\/h1>\n<p>Se sua Igreja, Escola, Miss\u00e3o\/Associa\u00e7\u00e3o ou institui\u00e7\u00e3o possui um Mini Centro White, mas ele ainda n\u00e3o recebeu o Certificado Oficial de Credenciamento do Centro White Brasil, siga as instru\u00e7\u00f5es abaixo:<\/p>\n<p><strong>1.\u00a0Baixe o formul\u00e1rio de abertura de Minicentros Ellen G. White para igrejas (<a href=\"http:\/\/centrowhite.org.br\/wp-content\/uploads\/2012\/03\/1.-Formulario-para-Igrejas.doc\">Formul\u00e1rio para Igrejas<\/a>) ou escolas (<a href=\"http:\/\/centrowhite.org.br\/wp-content\/uploads\/2012\/03\/2.-Formulario-para-Instituicoes-Educacionais.doc\">Formul\u00e1rio para Escolas<\/a>).<\/strong><\/p>\n<p><strong>2. Envie o documento devidamente preenchido para <a href=\"mailto:minicentros.egw@unasp.edu.br\">minicentros.egw@unasp.edu.br<\/a>\u00a0ou\u00a0<a href=\"https:\/\/api.whatsapp.com\/send?phone=551938589033\" target=\"_blank\" rel=\"noopener\">(19) 3858-9033<\/a>\u00a0(Whatsapp), para a devida avalia\u00e7\u00e3o, aprova\u00e7\u00e3o e defini\u00e7\u00e3o do n\u00edvel que o Minicentro ser\u00e1 classificado (1, 2 ou 3).<\/strong><\/p>\n<p>Ap\u00f3s a aprova\u00e7\u00e3o do novo Minicentro, o Centro White enviar\u00e1 uma carta oficial, assinada pelo diretor do Centro de Pesquisas Ellen G. White, Dr. Renato Stencel, estendendo as boas-vindas e deixando o diretor ciente que esse Minicentro est\u00e1 oficialmente cadastrado e credenciado pelo Centro de Pesquisas Ellen G. White pelo prazo do ano vigente.<\/p>\n<p>Obs.: A solicita\u00e7\u00e3o de recredenciamento dever\u00e1 ser enviada pelo Minicentro no in\u00edcio do m\u00eas de novembro, juntamente com o relat\u00f3rio anual com informa\u00e7\u00f5es estat\u00edsticas espec\u00edficas a respeito de suas atividades para o Centro White e para o coordenador do Esp\u00edrito de Profecia da Associa\u00e7\u00e3o\/Miss\u00e3o local.<\/p>\n<p>Um certificado pass\u00edvel de ser emoldurado ser\u00e1 concedido pelo Centro de Pesquisas Ellen G. White do Brasil a todos os Minicentros que cumprirem as exig\u00eancias acima mencionadas. O nome e o endere\u00e7o de todos os Minicentros oficialmente credenciados ser\u00e3o listados no website do Centro\u00a0White (<a href=\"www.centrowhite.org.br\/mcw\"><span style=\"color: #666666;\">www.centrowhite.org.br\/mcw<\/span><\/a>).\t\t<\/p>\n","protected":false},"excerpt":{"rendered":"<p>Credenciamento do Minicentro White Se sua Igreja, Escola, Miss\u00e3o\/Associa\u00e7\u00e3o ou institui\u00e7\u00e3o possui um Mini Centro White, mas ele ainda n\u00e3o recebeu o Certificado Oficial de Credenciamento do Centro White Brasil, siga as instru\u00e7\u00f5es abaixo: 1.\u00a0Baixe o formul\u00e1rio de abertura de Minicentros Ellen G. White para igrejas (Formul\u00e1rio para Igrejas) ou escolas (Formul\u00e1rio para Escolas). 2. [&hellip;]<\/p>\n","protected":false},"author":1,"featured_media":0,"parent":16133,"menu_order":4,"comment_status":"closed","ping_status":"closed","template":"page-no-title-with-indent.php","meta":{"footnotes":""},"class_list":["post-16137","page","type-page","status-publish","hentry"],"_links":{"self":[{"href":"https:\/\/brendolin.com.br\/centrowhite\/wp-json\/wp\/v2\/pages\/16137","targetHints":{"allow":["GET"]}}],"collection":[{"href":"https:\/\/brendolin.com.br\/centrowhite\/wp-json\/wp\/v2\/pages"}],"about":[{"href":"https:\/\/brendolin.com.br\/centrowhite\/wp-json\/wp\/v2\/types\/page"}],"author":[{"embeddable":true,"href":"https:\/\/brendolin.com.br\/centrowhite\/wp-json\/wp\/v2\/users\/1"}],"replies":[{"embeddable":true,"href":"https:\/\/brendolin.com.br\/centrowhite\/wp-json\/wp\/v2\/comments?post=16137"}],"version-history":[{"count":0,"href":"https:\/\/brendolin.com.br\/centrowhite\/wp-json\/wp\/v2\/pages\/16137\/revisions"}],"up":[{"embeddable":true,"href":"https:\/\/brendolin.com.br\/centrowhite\/wp-json\/wp\/v2\/pages\/16133"}],"wp:attachment":[{"href":"https:\/\/brendolin.com.br\/centrowhite\/wp-json\/wp\/v2\/media?parent=16137"}],"curies":[{"name":"wp","href":"https:\/\/api.w.org\/{rel}","templated":true}]}}