{"id":16140,"date":"2012-03-01T17:20:23","date_gmt":"2012-03-01T17:20:23","guid":{"rendered":"http:\/\/unasp-ec.educacao.ws\/centrowhite\/?page_id=148"},"modified":"2012-03-01T17:20:23","modified_gmt":"2012-03-01T17:20:23","slug":"sermoes","status":"publish","type":"page","link":"https:\/\/brendolin.com.br\/centrowhite\/downloads\/sermoes\/","title":{"rendered":"Serm\u00f5es"},"content":{"rendered":"<h1 style=\"text-align: center;\">Serm\u00f5es<\/h1>\n<h3 style=\"text-align: center;\"><\/h3>\n<div class=\"links-icones\">\n<ul class=\"links-icones\">\n<li><a title=\"Serm\u00f5es em \u00c1udio\" href=\"http:\/\/centrowhite.org.br\/downloads\/sermoes\/sermoes-em-audio\/\"><img loading=\"lazy\" decoding=\"async\" class=\"alignnone size-full wp-image-3553\" src=\"http:\/\/centrowhite.org.br\/wp-content\/uploads\/2013\/01\/audio.png\" alt=\"Audio\" width=\"133\" height=\"143\" \/>Serm\u00f5es em \u00c1udio<\/a><\/li>\n<li><a title=\"Serm\u00f5es em V\u00eddeo\" href=\"http:\/\/centrowhite.org.br\/downloads\/sermoes\/sermoes-em-video\/\"><img loading=\"lazy\" decoding=\"async\" class=\"alignnone size-full wp-image-3553\" src=\"http:\/\/centrowhite.org.br\/wp-content\/uploads\/2012\/02\/videos.png\" alt=\"Audio\" width=\"133\" height=\"143\" \/>Serm\u00f5es em V\u00eddeo<\/a><\/li>\n<\/ul>\n<\/div>\n<hr \/>\n<h2><span style=\"font-size: 20px;\">Outros serm\u00f5es<\/span><\/h2>\n<p><a href=\"#\">Serm\u00f5es em Portugu\u00eas<\/a><\/p>\n<p><a href=\"https:\/\/www.audioverse.org\/english\/\" target=\"_blank\" rel=\"noopener\">Serm\u00f5es em Ingl\u00eas (Audio Verse)<\/a>\t\t<\/p>\n","protected":false},"excerpt":{"rendered":"<p>Serm\u00f5es Serm\u00f5es em \u00c1udio Serm\u00f5es em V\u00eddeo Outros serm\u00f5es Serm\u00f5es em Portugu\u00eas Serm\u00f5es em Ingl\u00eas (Audio Verse)<\/p>\n","protected":false},"author":1,"featured_media":0,"parent":2142,"menu_order":0,"comment_status":"closed","ping_status":"closed","template":"page-no-title-no-indent.php","meta":{"footnotes":""},"class_list":["post-16140","page","type-page","status-publish","hentry"],"_links":{"self":[{"href":"https:\/\/brendolin.com.br\/centrowhite\/wp-json\/wp\/v2\/pages\/16140","targetHints":{"allow":["GET"]}}],"collection":[{"href":"https:\/\/brendolin.com.br\/centrowhite\/wp-json\/wp\/v2\/pages"}],"about":[{"href":"https:\/\/brendolin.com.br\/centrowhite\/wp-json\/wp\/v2\/types\/page"}],"author":[{"embeddable":true,"href":"https:\/\/brendolin.com.br\/centrowhite\/wp-json\/wp\/v2\/users\/1"}],"replies":[{"embeddable":true,"href":"https:\/\/brendolin.com.br\/centrowhite\/wp-json\/wp\/v2\/comments?post=16140"}],"version-history":[{"count":0,"href":"https:\/\/brendolin.com.br\/centrowhite\/wp-json\/wp\/v2\/pages\/16140\/revisions"}],"up":[{"embeddable":true,"href":"https:\/\/brendolin.com.br\/centrowhite\/wp-json\/wp\/v2\/pages\/2142"}],"wp:attachment":[{"href":"https:\/\/brendolin.com.br\/centrowhite\/wp-json\/wp\/v2\/media?parent=16140"}],"curies":[{"name":"wp","href":"https:\/\/api.w.org\/{rel}","templated":true}]}}