{"id":16142,"date":"2012-03-01T18:03:17","date_gmt":"2012-03-01T18:03:17","guid":{"rendered":"http:\/\/unasp-ec.educacao.ws\/centrowhite\/?page_id=174"},"modified":"2012-03-01T18:03:17","modified_gmt":"2012-03-01T18:03:17","slug":"organizacao-da-iasd","status":"publish","type":"page","link":"https:\/\/brendolin.com.br\/centrowhite\/iasd\/organizacao-da-iasd\/","title":{"rendered":"Links IASD"},"content":{"rendered":"<h1>Organiza\u00e7\u00e3o da Igreja Adventista do S\u00e9timo Dia<\/h1>\n<h2><strong>ASSOCIA\u00c7\u00c3O GERAL<\/strong><\/h2>\n<p>Associa\u00e7\u00e3o Geral da Igreja Adventista do S\u00e9timo Dia &#8211; <a href=\"http:\/\/www.adventist.org\/\" target=\"_blank\" rel=\"noopener\">www.adventist.org<\/a><br \/>\nDiret\u00f3rio Adventista &#8211; <a href=\"http:\/\/www.sidadventist.org\/\" target=\"_blank\" rel=\"noopener\">www.sidadventist.org<\/a><br \/>\nDiret\u00f3rio de Organiza\u00e7\u00f5es Adventistas &#8211; <a href=\"http:\/\/www.adventist.org\/directory_of_organizations.html\" target=\"_blank\" rel=\"noopener\">www.adventist.org\/directory_of_organizations.html<\/a><br \/>\nAdra International &#8211; <a href=\"http:\/\/www.adra.org\/site\/PageServer\" target=\"_blank\" rel=\"noopener\">www.adra.org\/site\/PageServer<\/a><\/p>\n<h2><strong>DIVIS\u00d5ES MUNDIAIS<\/strong><\/h2>\n<p>Divis\u00e3o Sul-Americana &#8211; <a href=\"http:\/\/www.portaladventista.com\/\" target=\"_blank\" rel=\"noopener\">www.portaladventista.com<\/a><br \/>\nDivis\u00e3o Interamericana &#8211; <a href=\"http:\/\/www.interamerica.org\/\" target=\"_blank\" rel=\"noopener\">www.interamerica.org<\/a><br \/>\nDivis\u00e3o Norte-Americana &#8211; <a href=\"http:\/\/www.nadadventist.org\/\" target=\"_blank\" rel=\"noopener\">www.nadadventist.org<\/a><br \/>\nDivis\u00e3o Trans-Europ\u00e9ia &#8211; <a href=\"http:\/\/www.ted-adventist.org\/\" target=\"_blank\" rel=\"noopener\">www.ted-adventist.org<\/a><br \/>\nDivis\u00e3o \u00c1frica Oceano \u00cdndico &#8211; <a href=\"http:\/\/www.sidadventist.org\/\" target=\"_blank\" rel=\"noopener\">www.sidadventist.org<\/a><br \/>\nDivis\u00e3o Euro-Africana &#8211; <a href=\"http:\/\/www.euroafrica.org\/\" target=\"_blank\" rel=\"noopener\">www.euroafrica.org<\/a><br \/>\nDivis\u00e3o Euro-Asi\u00e1tica &#8211; <a href=\"http:\/\/www.euroafrica.org\/\" target=\"_blank\" rel=\"noopener\">www.adventist.ru<\/a> (russo) &#8211; <a href=\"http:\/\/www.tagnet.org\/esd\" target=\"_blank\" rel=\"noopener\">www.tagnet.org\/esd<\/a> (ingl\u00eas)<br \/>\nDivis\u00e3o \u00c1frica Centro Oriental &#8211; <a href=\"http:\/\/www.ecd.adventist.org\/\" target=\"_blank\" rel=\"noopener\">www.ecd.adventist.org<\/a><br \/>\nDivis\u00e3o Asia-Pac\u00edfico Norte &#8211; <a href=\"http:\/\/www.nsdadventist.org\/\" target=\"_blank\" rel=\"noopener\">www.nsdadventist.org<\/a><br \/>\nDivis\u00e3o Asia-Pac\u00edfico Sul &#8211; <a href=\"http:\/\/www.ssd.org\/\" target=\"_blank\" rel=\"noopener\">www.ssd.org<\/a><br \/>\nDivis\u00e3o Sul do Pac\u00edfico &#8211; <a href=\"http:\/\/www.adventist.org.au\/\" target=\"_blank\" rel=\"noopener\">www.adventist.org.au<\/a><\/p>\n<h2><strong>DIVIS\u00c3O SUL-AMERICANA<\/strong><\/h2>\n<p>Uni\u00e3o Central Brasileira &#8211; <a href=\"http:\/\/www%20ucb.org.br\/\" target=\"_blank\" rel=\"noopener\">www ucb.org.br<\/a><br \/>\nUni\u00e3o Centro-Oeste Brasileira &#8211; <a href=\"http:\/\/www.ucob.org.br\/\" target=\"_blank\" rel=\"noopener\">www.ucob.org.br<\/a><br \/>\nUni\u00e3o Este Brasileira &#8211; <a href=\"http:\/\/www.ueb.org.br\/\" target=\"_blank\" rel=\"noopener\">www.ueb.org.br<\/a><br \/>\nUni\u00e3o Nordeste Brasileira &#8211; <a href=\"http:\/\/www.uneb.org.br\/\" target=\"_blank\" rel=\"noopener\">www.uneb.org.br<\/a><br \/>\nUni\u00e3o Norte Brasileira &#8211; <a href=\"http:\/\/www.unb.org.br\/\" target=\"_blank\" rel=\"noopener\">www.unb.org.br<\/a><br \/>\nUni\u00e3o Sul Brasileira &#8211; <a href=\"http:\/\/www.unb.org.br\/\" target=\"_blank\" rel=\"noopener\">www.usb.org.br<\/a><br \/>\nUni\u00e3o Austral &#8211; <a href=\"http:\/\/www.unb.org.br\/\" target=\"_blank\" rel=\"noopener\">www.adventistas.org.ar<\/a><br \/>\nUni\u00e3o Boliviana &#8211; <a href=\"http:\/\/www.unb.org.br\/\" target=\"_blank\" rel=\"noopener\">www.uab.org.bo<\/a><br \/>\nUni\u00e3o Chilena &#8211; <a href=\"http:\/\/www.unb.org.br\/\" target=\"_blank\" rel=\"noopener\">www.adventistas.cl<\/a><br \/>\nUni\u00e3o Ecuatoriana &#8211; <a href=\"http:\/\/www.unb.org.br\/\" target=\"_blank\" rel=\"noopener\">www.adventistas.ec<\/a><br \/>\nUni\u00e3o Peruana do Norte &#8211; <a href=\"http:\/\/www.upn.org.pe\/\" target=\"_blank\" rel=\"noopener\">www.upn.org.pe<\/a><br \/>\nUni\u00e3o Peruana do Sul &#8211; <a href=\"http:\/\/www.upn.org.pe\/\" target=\"_blank\" rel=\"noopener\">www.union.org.pe<\/a><\/p>\n<hr \/>\n<h1><strong>ASSOCIA\u00c7\u00d5ES E MISS\u00d5ES NO BRASIL<\/strong><\/h1>\n<h3><strong>UNI\u00c3O CENTRAL BRASILEIRA<\/strong><\/h3>\n<p>Associa\u00e7\u00e3o Paulistana &#8211; <a href=\"http:\/\/www.paulistana.org.br\/\" target=\"_blank\" rel=\"noopener\">www.paulistana.org.br<\/a><br \/>\nAssocia\u00e7\u00e3o Paulista Central &#8211; <a href=\"http:\/\/www.apac.org.br\/\" target=\"_blank\" rel=\"noopener\">www.apac.org.br<\/a><br \/>\nAssocia\u00e7\u00e3o Paulista Leste &#8211; <a href=\"http:\/\/www.apl.org.br\/\" target=\"_blank\" rel=\"noopener\">www.apl.org.br<\/a><br \/>\nAssocia\u00e7\u00e3o Paulista Oeste &#8211; <a href=\"http:\/\/www.apo.org.br\/\" target=\"_blank\" rel=\"noopener\">www.apo.org.br<\/a><br \/>\nAssocia\u00e7\u00e3o Paulista Sul &#8211; <a href=\"http:\/\/www.paulistasul.org.br\/\" target=\"_blank\" rel=\"noopener\">www.paulistasul.org.br<\/a><br \/>\nMiss\u00e3o Paulista do Vale &#8211; <a href=\"http:\/\/www.paulistadovale.org.br\/\" target=\"_blank\" rel=\"noopener\">www.paulistadovale.org.br<\/a><\/p>\n<h3><strong>UNI\u00c3O CENTRO-OESTE BRASILEIRA<\/strong><\/h3>\n<p>Associa\u00e7\u00e3o Planalto Central &#8211; <a href=\"http:\/\/www.aplac.org.br\/\" target=\"_blank\" rel=\"noopener\">www.aplac.org.br<\/a><br \/>\nAssocia\u00e7\u00e3o Brasil Central &#8211; <a href=\"http:\/\/www.abciasd.org.br\/\" target=\"_blank\" rel=\"noopener\">www.abciasd.org.br<\/a><br \/>\nAssocia\u00e7\u00e3o Mato Grossense &#8211; <a href=\"http:\/\/www.amt.org.br\/\" target=\"_blank\" rel=\"noopener\">www.amt.org.br<\/a><br \/>\nAssocia\u00e7\u00e3o Sul Mato Grossense &#8211; <a href=\"http:\/\/www.asm.org.br\/\" target=\"_blank\" rel=\"noopener\">www.asm.org.br<\/a><br \/>\nMiss\u00e3o do Tocantins &#8211; <a href=\"http:\/\/www.mto.org.br\/\" target=\"_blank\" rel=\"noopener\">www.mto.org.br<\/a><\/p>\n<h3><strong>UNI\u00c3O ESTE BRASILEIRA<\/strong><\/h3>\n<p>Associa\u00e7\u00e3o Rio de Janeiro &#8211; <a href=\"http:\/\/www.arj.org.br\/\" target=\"_blank\" rel=\"noopener\">www.arj.org.br<\/a><br \/>\nAssocia\u00e7\u00e3o Rio de Janeiro Sul &#8211; <a href=\"http:\/\/www.arjsul.org.br\/\" target=\"_blank\" rel=\"noopener\">www.arjsul.org.br<\/a><br \/>\nAssocia\u00e7\u00e3o Rio Fluminense &#8211; <a href=\"http:\/\/www.arf-ueb.org.br\/\" target=\"_blank\" rel=\"noopener\">www.arf-ueb.org.br<\/a><br \/>\nAssocia\u00e7\u00e3o Mineira Central &#8211; <a href=\"http:\/\/www.mineiracentral.org.br\/\" target=\"_blank\" rel=\"noopener\">www.mineiracentral.org.br<\/a><br \/>\nAssocia\u00e7\u00e3o Mineira Leste &#8211; <a href=\"http:\/\/www.aml.org.br\/\" target=\"_blank\" rel=\"noopener\">www.aml.org.br<\/a><br \/>\nAssocia\u00e7\u00e3o Mineira Sul &#8211; <a href=\"http:\/\/www.amsul.org.br\/\" target=\"_blank\" rel=\"noopener\">www.amsul.org.br<\/a><br \/>\nAssocia\u00e7\u00e3o Esp\u00edrito Santense &#8211; <a href=\"http:\/\/www.aes.org.br\/\" target=\"_blank\" rel=\"noopener\">www.aes.org.br<\/a><\/p>\n<h3><strong>UNI\u00c3O NORDESTE BRASILEIRA<\/strong><\/h3>\n<p>Associa\u00e7\u00e3o Bahia &#8211; <a href=\"http:\/\/www.adventistabahia.org.br\/\" target=\"_blank\" rel=\"noopener\">www.adventistabahia.org.br<\/a><br \/>\nAssocia\u00e7\u00e3o Bahia Sul &#8211; <a href=\"http:\/\/www.bahiasul.org.br\/\" target=\"_blank\" rel=\"noopener\">www.bahiasul.org.br<\/a><br \/>\nAssocia\u00e7\u00e3o Bahia Central &#8211; <a href=\"http:\/\/www.mbc-uneb.org.br\/\" target=\"_blank\" rel=\"noopener\">www.mbc-uneb.org.br<\/a><br \/>\nAssocia\u00e7\u00e3o Pernambucana &#8211; <a href=\"http:\/\/www.ape.org.br\/\" target=\"_blank\" rel=\"noopener\">www.ape.org.br<\/a><br \/>\nMiss\u00e3o Bahia Sudoeste &#8211; <a href=\"http:\/\/www.mbs.org.br\/\" target=\"_blank\" rel=\"noopener\">www.mbs.org.br<\/a><br \/>\nMiss\u00e3o Pernambucana Central &#8211; <a href=\"http:\/\/www.mpec.org.br\/\" target=\"_blank\" rel=\"noopener\">www.mpec.org.br<\/a><br \/>\nMiss\u00e3o Costa Norte &#8211; <a href=\"http:\/\/www.costanorte.org.br\/\" target=\"_blank\" rel=\"noopener\">www.costanorte.org.br<\/a><br \/>\nMiss\u00e3o Nordeste &#8211; <a href=\"http:\/\/www.missaonordeste.org.br\/\" target=\"_blank\" rel=\"noopener\">www.missaonordeste.org.br<\/a><br \/>\nMiss\u00e3o Sergipe Alagoas &#8211; <a href=\"http:\/\/www.sergipealagoas.org.br\/\" target=\"_blank\" rel=\"noopener\">www.sergipealagoas.org.br<\/a><\/p>\n<h3><strong>UNI\u00c3O NORTE BRASILEIRA<\/strong><\/h3>\n<p>Associa\u00e7\u00e3o Amazonas Roraima &#8211; <a href=\"http:\/\/www.aamar.org.br\/\" target=\"_blank\" rel=\"noopener\">www.aamar.org.br<\/a><br \/>\nAssocia\u00e7\u00e3o Amaz\u00f4nia Ocidental &#8211; <a href=\"http:\/\/www.aamo.org.br\/\" target=\"_blank\" rel=\"noopener\">www.aamo.org.br<\/a><br \/>\nAssocia\u00e7\u00e3o Baixo Amazonas &#8211; <a href=\"http:\/\/www.aba.org.br\/\" target=\"_blank\" rel=\"noopener\">www.aba.org.br<\/a><br \/>\nAssocia\u00e7\u00e3o Central Amazonas &#8211; <a href=\"http:\/\/www.aceam.org.br\/\" target=\"_blank\" rel=\"noopener\">www.aceam.org.br<\/a><br \/>\nAssocia\u00e7\u00e3o Sul de Rond\u00f4nia &#8211; <a href=\"http:\/\/www.asur.org.br\/\" target=\"_blank\" rel=\"noopener\">www.asur.org.br<\/a><br \/>\nAssocia\u00e7\u00e3o Sul do Par\u00e1 &#8211; <a href=\"http:\/\/www.aspa.org.br\/\" target=\"_blank\" rel=\"noopener\">www.aspa.org.br<\/a><br \/>\nMiss\u00e3o Maranhense &#8211; <a href=\"http:\/\/www.mma.org.br\/\" target=\"_blank\" rel=\"noopener\">www.mma.org.br<\/a><br \/>\nMiss\u00e3o Sul Maranhense &#8211; <a href=\"http:\/\/www.msma.org.br\/\" target=\"_blank\" rel=\"noopener\">www.msma.org.br<\/a><\/p>\n<h3><strong>UNI\u00c3O SUL BRASILEIRA<\/strong><\/h3>\n<p>Associa\u00e7\u00e3o Catarinense &#8211; <a href=\"http:\/\/www.ac.org.br\/\" target=\"_blank\" rel=\"noopener\">www.ac.org.br<\/a><br \/>\nAssocia\u00e7\u00e3o Sul Parananense &#8211; <a href=\"http:\/\/www.asp.org.br\/\" target=\"_blank\" rel=\"noopener\">www.asp.org.br<\/a><br \/>\nAssocia\u00e7\u00e3o Norte Paranaense &#8211; <a href=\"http:\/\/www.anp.org.br\/\" target=\"_blank\" rel=\"noopener\">www.anp.org.br<\/a><br \/>\nAssocia\u00e7\u00e3o Central Sul Riograndense &#8211; <a href=\"http:\/\/www.acsr.org.br\/\" target=\"_blank\" rel=\"noopener\">www.acsr.org.br<\/a><br \/>\nAssocia\u00e7\u00e3o Sulriograndense &#8211; <a href=\"http:\/\/www.asr.org.br\/\" target=\"_blank\" rel=\"noopener\">www.asr.org.br<\/a><br \/>\nMiss\u00e3o Ocidental Sul Riograndense &#8211; <a href=\"http:\/\/www.mosr.org.br\/\" target=\"_blank\" rel=\"noopener\">www.mosr.org.br<\/a>\t\t<\/p>\n","protected":false},"excerpt":{"rendered":"<p>Organiza\u00e7\u00e3o da Igreja Adventista do S\u00e9timo Dia ASSOCIA\u00c7\u00c3O GERAL Associa\u00e7\u00e3o Geral da Igreja Adventista do S\u00e9timo Dia &#8211; www.adventist.org Diret\u00f3rio Adventista &#8211; www.sidadventist.org Diret\u00f3rio de Organiza\u00e7\u00f5es Adventistas &#8211; www.adventist.org\/directory_of_organizations.html Adra International &#8211; www.adra.org\/site\/PageServer DIVIS\u00d5ES MUNDIAIS Divis\u00e3o Sul-Americana &#8211; www.portaladventista.com Divis\u00e3o Interamericana &#8211; www.interamerica.org Divis\u00e3o Norte-Americana &#8211; www.nadadventist.org Divis\u00e3o Trans-Europ\u00e9ia &#8211; www.ted-adventist.org Divis\u00e3o \u00c1frica Oceano \u00cdndico [&hellip;]<\/p>\n","protected":false},"author":1,"featured_media":0,"parent":498,"menu_order":2,"comment_status":"closed","ping_status":"closed","template":"page-no-title-no-indent.php","meta":{"footnotes":""},"class_list":["post-16142","page","type-page","status-publish","hentry"],"_links":{"self":[{"href":"https:\/\/brendolin.com.br\/centrowhite\/wp-json\/wp\/v2\/pages\/16142","targetHints":{"allow":["GET"]}}],"collection":[{"href":"https:\/\/brendolin.com.br\/centrowhite\/wp-json\/wp\/v2\/pages"}],"about":[{"href":"https:\/\/brendolin.com.br\/centrowhite\/wp-json\/wp\/v2\/types\/page"}],"author":[{"embeddable":true,"href":"https:\/\/brendolin.com.br\/centrowhite\/wp-json\/wp\/v2\/users\/1"}],"replies":[{"embeddable":true,"href":"https:\/\/brendolin.com.br\/centrowhite\/wp-json\/wp\/v2\/comments?post=16142"}],"version-history":[{"count":0,"href":"https:\/\/brendolin.com.br\/centrowhite\/wp-json\/wp\/v2\/pages\/16142\/revisions"}],"up":[{"embeddable":true,"href":"https:\/\/brendolin.com.br\/centrowhite\/wp-json\/wp\/v2\/pages\/498"}],"wp:attachment":[{"href":"https:\/\/brendolin.com.br\/centrowhite\/wp-json\/wp\/v2\/media?parent=16142"}],"curies":[{"name":"wp","href":"https:\/\/api.w.org\/{rel}","templated":true}]}}