{"id":2534,"date":"2013-01-30T20:26:14","date_gmt":"2013-01-30T20:26:14","guid":{"rendered":"http:\/\/centrowhite.org.br\/?page_id=2534"},"modified":"2013-01-30T20:26:14","modified_gmt":"2013-01-30T20:26:14","slug":"ebooks","status":"publish","type":"page","link":"https:\/\/brendolin.com.br\/centrowhite\/downloads\/ebooks\/","title":{"rendered":"e-Books | Ellen G. White"},"content":{"rendered":"<h1>Livros Digitais | Ellen G. White<\/h1>\n<p class=\"center\">Para Smartfones, Tablets e Computadores<\/p>\n<p class=\"center\"><img loading=\"lazy\" decoding=\"async\" class=\"alignleft  wp-image-3598\" src=\"http:\/\/centrowhite.org.br\/wp-content\/uploads\/2012\/03\/ebooks.png\" alt=\"Ebooks\" width=\"80\" height=\"86\" \/><\/p>\n<p class=\"center\">O\u00a0<strong>Centro White<\/strong>\u00a0est\u00e1 disponibilizando dezenas de escritos de Ellen G. White em formato e-Book.<\/p>\n<p class=\"center\">Existem quase 100 livros em portugu\u00eas. Pode-se consultar muitos outros livros, em quase 60 l\u00ednguas no site\u00a0<a title=\"Livros de Ellen G. White\" href=\"http:\/\/www.egwwritings.org\/\" target=\"_blank\" rel=\"noopener\">www.EGWescritos.org<\/a><\/p>\n<hr \/>\n<h1>Formatos Dispon\u00edveis<\/h1>\n<p class=\"left\" style=\"padding-left: 230px;\"><strong>ePub:<\/strong> Formato para Android, Tablets e iOS (iPad, iPhone) &#8211;\u00a0<a href=\"\/files\/ebooks\/zip\/Ebooks%20EGW%20(epub).zip\">ZIP<\/a><br \/>\n<strong>Mobi:<\/strong> Formato para Kindle (Amazon) &#8211;\u00a0<a href=\"\/files\/ebooks\/zip\/Ebooks%20EGW%20(mobi).zip\">ZIP<\/a><br \/>\n<strong>PDF:<\/strong> Formato para leitura no computador e aparelhos compat\u00edveis &#8211;\u00a0<a href=\"\/files\/ebooks\/zip\/Ebooks%20EGW%20(pdf).zip\">ZIP<\/a><\/p>\n<hr \/>\n<p>[lista caminho=&#8221;files\/ebooks\/egw&#8221;]\t\t<\/p>\n","protected":false},"excerpt":{"rendered":"<p>Livros Digitais | Ellen G. White Para Smartfones, Tablets e Computadores O\u00a0Centro White\u00a0est\u00e1 disponibilizando dezenas de escritos de Ellen G. White em formato e-Book. Existem quase 100 livros em portugu\u00eas. Pode-se consultar muitos outros livros, em quase 60 l\u00ednguas no site\u00a0www.EGWescritos.org Formatos Dispon\u00edveis ePub: Formato para Android, Tablets e iOS (iPad, iPhone) &#8211;\u00a0ZIP Mobi: Formato [&hellip;]<\/p>\n","protected":false},"author":1,"featured_media":0,"parent":2142,"menu_order":0,"comment_status":"closed","ping_status":"open","template":"page-no-title-no-indent.php","meta":{"footnotes":""},"class_list":["post-2534","page","type-page","status-publish","hentry"],"_links":{"self":[{"href":"https:\/\/brendolin.com.br\/centrowhite\/wp-json\/wp\/v2\/pages\/2534","targetHints":{"allow":["GET"]}}],"collection":[{"href":"https:\/\/brendolin.com.br\/centrowhite\/wp-json\/wp\/v2\/pages"}],"about":[{"href":"https:\/\/brendolin.com.br\/centrowhite\/wp-json\/wp\/v2\/types\/page"}],"author":[{"embeddable":true,"href":"https:\/\/brendolin.com.br\/centrowhite\/wp-json\/wp\/v2\/users\/1"}],"replies":[{"embeddable":true,"href":"https:\/\/brendolin.com.br\/centrowhite\/wp-json\/wp\/v2\/comments?post=2534"}],"version-history":[{"count":0,"href":"https:\/\/brendolin.com.br\/centrowhite\/wp-json\/wp\/v2\/pages\/2534\/revisions"}],"up":[{"embeddable":true,"href":"https:\/\/brendolin.com.br\/centrowhite\/wp-json\/wp\/v2\/pages\/2142"}],"wp:attachment":[{"href":"https:\/\/brendolin.com.br\/centrowhite\/wp-json\/wp\/v2\/media?parent=2534"}],"curies":[{"name":"wp","href":"https:\/\/api.w.org\/{rel}","templated":true}]}}