{"id":36,"date":"2012-02-29T20:41:45","date_gmt":"2012-02-29T20:41:45","guid":{"rendered":"http:\/\/unasp-ec.educacao.ws\/centrowhite\/?page_id=36"},"modified":"2012-02-29T20:41:45","modified_gmt":"2012-02-29T20:41:45","slug":"ellen-g-white","status":"publish","type":"page","link":"https:\/\/brendolin.com.br\/centrowhite\/ellen-g-white\/","title":{"rendered":"Ellen G. White"},"content":{"rendered":"<div class=\"links-icones\">\n<ul class=\"links-icones\">\n<li><a title=\"Biografia\" href=\"\/ellen-g-white\/biografia-de-ellen-g-white-1827-1915\/\"><img loading=\"lazy\" decoding=\"async\" class=\"alignnone size-full wp-image-3683\" src=\"http:\/\/centrowhite.org.br\/wp-content\/uploads\/2012\/02\/ellen-g-white.png\" alt=\"\" width=\"133\" height=\"143\" \/>Biografia<\/a><\/li>\n<li><a title=\"Escritos Online (EGWescritos.org)\" href=\"https:\/\/egwwritings.org\/\" target=\"_blank\" rel=\"noopener\"><img loading=\"lazy\" decoding=\"async\" class=\"alignnone size-full wp-image-3692\" src=\"http:\/\/centrowhite.org.br\/wp-content\/uploads\/2012\/02\/escritos-online.png\" alt=\"Escritos Online (EGWescritos.org)\" width=\"133\" height=\"143\" \/>Escritos Online (EGWescritos.org)<\/a><\/li>\n<li><a title=\"Cronologia da Vida\" href=\"\/ellen-g-white\/cronologia-ellen-g-white\/\"><img loading=\"lazy\" decoding=\"async\" class=\"alignnone size-full wp-image-3685\" src=\"\/wp-content\/themes\/centro-white\/images\/icone-cronologia-vida.jpg\" alt=\"\" width=\"133\" height=\"143\" \/>Cronologia da Vida<\/a><\/li>\n<li><a title=\"Cronologia dos Escritos\" href=\"\/ellen-g-white\/cronologia-escritos-ellen-g-white\/\"><img loading=\"lazy\" decoding=\"async\" class=\"alignnone size-full wp-image-3685\" src=\"\/wp-content\/themes\/centro-white\/images\/icone-cronologia-escritos.png\" alt=\"\" width=\"133\" height=\"143\" \/>Cronologia dos Escritos<\/a><\/li>\n<li><a title=\"Livros de Ellen G. White\" href=\"http:\/\/centrowhite.org.br\/ellen-g-white\/publicacoes\/\"><img loading=\"lazy\" decoding=\"async\" class=\"alignnone size-full wp-image-3686\" src=\"http:\/\/centrowhite.org.br\/wp-content\/uploads\/2012\/02\/livros-publicados.png\" alt=\"Livros Publicados de Ellen G. White\" width=\"133\" height=\"143\" \/>Livros Publicados<\/a><\/li>\n<li><a title=\"Rela\u00e7\u00e3o de t\u00edtulos Portugu\u00eas-Ingl\u00eas dos livros de Ellen G. White\" href=\"http:\/\/centrowhite.org.br\/ellen-g-white\/relacao-de-titulos-portugues-ingles-dos-livros-de-ellen-g-white\/\"><img loading=\"lazy\" decoding=\"async\" class=\"alignnone size-full wp-image-3686\" src=\"http:\/\/centrowhite.org.br\/wp-content\/uploads\/2012\/02\/livros-publicados.png\" alt=\"Livros Publicados de Ellen G. White\" width=\"133\" height=\"143\" \/>Rela\u00e7\u00e3o de Livros (Portugu\u00eas-Ingl\u00eas)<\/a><\/li>\n<li><a title=\"V\u00eddeos\" href=\"http:\/\/centrowhite.org.br\/ellen-g-white\/videos\/\"><img loading=\"lazy\" decoding=\"async\" class=\"alignnone size-full wp-image-3688\" src=\"http:\/\/centrowhite.org.br\/wp-content\/uploads\/2012\/02\/videos.png\" alt=\"Videos\" width=\"133\" height=\"143\" \/>V\u00eddeos<\/a><\/li>\n<li><a title=\"Testamento\" href=\"http:\/\/centrowhite.org.br\/ellen-g-white\/testamento-de-ellen-g-white-09021912\/\"><img loading=\"lazy\" decoding=\"async\" class=\"alignnone size-full wp-image-3688\" src=\"http:\/\/centrowhite.org.br\/wp-content\/uploads\/2012\/02\/videos.png\" alt=\"Videos\" width=\"133\" height=\"143\" \/><img loading=\"lazy\" decoding=\"async\" class=\"alignnone size-full wp-image-3687\" src=\"http:\/\/centrowhite.org.br\/wp-content\/uploads\/2012\/02\/testamento.png\" alt=\"Testamento\" width=\"133\" height=\"143\" \/>Testamento<\/a><\/li>\n<li><a title=\"Ellen G. White e A Pessoa de Cristo\" href=\"\/ellen-g-white\/ellen-g-white-e-a-pessoa-de-cristo\/\"><img loading=\"lazy\" decoding=\"async\" class=\"alignnone size-full wp-image-3685\" src=\"\/wp-content\/themes\/centro-white\/images\/icone-pessoa-cristo.png\" alt=\"\" width=\"133\" height=\"143\" \/>Ellen G. White e A Pessoa de Cristo<\/a><\/li>\n<\/ul>\n<\/div>\n","protected":false},"excerpt":{"rendered":"<p>Biografia Escritos Online (EGWescritos.org) Cronologia da Vida Cronologia dos Escritos Livros Publicados Rela\u00e7\u00e3o de Livros (Portugu\u00eas-Ingl\u00eas) V\u00eddeos Testamento Ellen G. White e A Pessoa de Cristo<\/p>\n","protected":false},"author":1,"featured_media":0,"parent":0,"menu_order":0,"comment_status":"closed","ping_status":"closed","template":"page-no-title-no-indent.php","meta":{"footnotes":""},"class_list":["post-36","page","type-page","status-publish","hentry"],"_links":{"self":[{"href":"https:\/\/brendolin.com.br\/centrowhite\/wp-json\/wp\/v2\/pages\/36","targetHints":{"allow":["GET"]}}],"collection":[{"href":"https:\/\/brendolin.com.br\/centrowhite\/wp-json\/wp\/v2\/pages"}],"about":[{"href":"https:\/\/brendolin.com.br\/centrowhite\/wp-json\/wp\/v2\/types\/page"}],"author":[{"embeddable":true,"href":"https:\/\/brendolin.com.br\/centrowhite\/wp-json\/wp\/v2\/users\/1"}],"replies":[{"embeddable":true,"href":"https:\/\/brendolin.com.br\/centrowhite\/wp-json\/wp\/v2\/comments?post=36"}],"version-history":[{"count":0,"href":"https:\/\/brendolin.com.br\/centrowhite\/wp-json\/wp\/v2\/pages\/36\/revisions"}],"wp:attachment":[{"href":"https:\/\/brendolin.com.br\/centrowhite\/wp-json\/wp\/v2\/media?parent=36"}],"curies":[{"name":"wp","href":"https:\/\/api.w.org\/{rel}","templated":true}]}}