{"id":44,"date":"2012-03-01T11:33:10","date_gmt":"2012-03-01T11:33:10","guid":{"rendered":"http:\/\/unasp-ec.educacao.ws\/centrowhite\/?page_id=44"},"modified":"2012-03-01T11:33:10","modified_gmt":"2012-03-01T11:33:10","slug":"testamento-de-ellen-g-white-09021912","status":"publish","type":"page","link":"https:\/\/brendolin.com.br\/centrowhite\/ellen-g-white\/testamento-de-ellen-g-white-09021912\/","title":{"rendered":"Testamento"},"content":{"rendered":"<h1 align=\"center\">Testamento e \u00daltima Vontade de Ellen G. White<\/h1>\n<p style=\"text-align: justify;\" align=\"left\"><strong>NO NOME DE DEUS, AM\u00c9M.<\/strong><\/p>\n<p style=\"text-align: justify;\" align=\"left\">Eu, Ellen G. White (vi\u00fava), domiciliada em\u00a0Sanitarium, Condado de Napa, Calif\u00f3rnia, com a idade de oitenta e quatro (84) anos e estando nesta data no pleno uso das faculdades mentais e n\u00e3o agindo sob coa\u00e7\u00e3o, amea\u00e7a, fraude ou indevida influ\u00eancia de toda e qualquer esp\u00e9cie, redijo, publico e declaro esta minha\u00a0\u00faltima vontade e testamento, na maneira como segue, a saber:<\/p>\n<p style=\"text-align: justify;\"><strong>PRIMEIRO:<\/strong>\u00a0Determino que meu corpo seja sepultado com as devidas cerim\u00f4nias religiosas da Igreja Adventista do S\u00e9timo Dia, sem aparato ou ostenta\u00e7\u00e3o.<\/p>\n<p style=\"text-align: justify;\"><strong>SEGUNDO:<\/strong>\u00a0Desejo e determino que, t\u00e3o logo seja poss\u00edvel, se fa\u00e7am os pagamentos das despesas decorrentes de minha\u00a0\u00faltima enfermidade e dos funerais. A fim de que nenhum bem pertencente a meu acervo seja alienado ou vendido com perda ou preju\u00edzo, solicito encarecidamente a todos os meus credores a abrirem m\u00e3o e renunciarem a qualquer arresto de meus bens, e aceitarem o pagamento de seus cr\u00e9ditos com os recursos descritos a seguir, que ser\u00e3o liquidados por meio de rendas de meus bens a cargo dos deposit\u00e1rios.<\/p>\n<p style=\"text-align: justify;\"><strong>TERCEIRO:<\/strong>\u00a0Pelo presente instrumento, fa\u00e7o doa\u00e7\u00e3o e legado a meu filho James Edson White, domiciliado atualmente em Marshall, Michigan, a quantia de tr\u00eas mil d\u00f3lares (U$3.000).<\/p>\n<p style=\"text-align: justify;\"><strong>QUARTO:<\/strong>\u00a0Pelo presente instrumento, fa\u00e7o doa\u00e7\u00e3o e legado a meu filho, William C. White, domiciliado atualmente em\u00a0Sanitarium, Calif\u00f3rnia, todos os meus direitos, t\u00edtulos e vantagens em direitos autorais e estere\u00f3tipos em todas as l\u00ednguas dos livros intitulados\u00a0<em>The Coming King<\/em>\u00a0e\u00a0<em>Past, Present and Future<\/em>,\u00a0bem como todos os originais (e o direito para public\u00e1-los) dos seguintes livros publicados ou a publicar:<\/p>\n<ul>\n<li><em style=\"font-size: 17px;\">Life Sketches of Elder James White and Ellen G. White<\/em><\/li>\n<li><em style=\"font-size: 17px;\">Life Incidents of Elder James White<\/em><\/li>\n<li><em style=\"font-size: 17px;\">Spiritual Gifts<\/em><span style=\"font-size: 17px;\">, volumes 1-4<\/span><\/li>\n<li><em style=\"font-size: 17px;\">Facts\u00a0of Faith<\/em><\/li>\n<li><em style=\"font-size: 17px;\">How\u00a0to Live<\/em><\/li>\n<li><em style=\"font-size: 17px;\">Appeal to\u00a0Youth<\/em><\/li>\n<li><em style=\"font-size: 17px;\">Experience of Ellen G. White in Connection with the Health\u00a0Reform\u00a0Movement\u00a0Among\u00a0Seventh-day\u00a0Adventists<\/em><\/li>\n<li><em style=\"font-size: 17px;\">Story\u00a0of Mrs.\u00a0White&#8217;s\u00a0European\u00a0Travels<\/em><\/li>\n<li><em style=\"font-size: 17px;\">Story\u00a0of Mrs.\u00a0White&#8217;s\u00a0Autralasian\u00a0Travels<\/em><\/li>\n<li><em style=\"font-size: 17px;\">Mrs.\u00a0White&#8217;s\u00a0Letters\u00a0to\u00a0Mothers\u00a0and\u00a0Children<\/em><\/li>\n<li><em style=\"font-size: 17px;\">Youth&#8217;s\u00a0Life of Christ<\/em><\/li>\n<li><em style=\"font-size: 17px;\">The Southern\u00a0Work<\/em><\/li>\n<li><em style=\"font-size: 17px;\">Educa\u00e7\u00e3o<\/em><\/li>\n<li><em style=\"font-size: 17px;\">Fundamentos da Educa\u00e7\u00e3o Crist\u00e3<\/em><\/li>\n<li><em style=\"font-size: 17px;\">Special\u00a0Testimonies on\u00a0Education<\/em><\/li>\n<li><em style=\"font-size: 17px;\">Bible\u00a0Sanctification<\/em><\/li>\n<li><span style=\"font-size: 17px;\">Tamb\u00e9m minha biblioteca particular e todos os manuscritos, cartas, di\u00e1rios e demais escritos aqui n\u00e3o inventariados.<\/span><\/li>\n<\/ul>\n<p style=\"text-align: justify;\"><strong>QUINTO:<\/strong>\u00a0Pelo presente instrumento, fa\u00e7o doa\u00e7\u00e3o e legado a William C. White, Clarence C.\u00a0Crisler, Charles H. Jones, Arthur G. Daniells e Frank M. Wilcox de todos os bens im\u00f3veis que porventura eu tenha o direito de possuir ou possua ao morrer, todos os meus animais, ferramentas agr\u00edcolas, acess\u00f3rios, todas as notas e contas a receber, e tamb\u00e9m todos os direitos, t\u00edtulos e proventos dos direitos autorais e estere\u00f3tipos em todas as l\u00ednguas, das seguintes publica\u00e7\u00f5es:<\/p>\n<ul>\n<li><em style=\"font-size: 17px;\">O Desejado de Todas as Na\u00e7\u00f5es<\/em><\/li>\n<li><em style=\"font-size: 17px;\">Patriarcas e Profetas<\/em><\/li>\n<li><em style=\"font-size: 17px;\">Atos dos Ap\u00f3stolos<\/em><\/li>\n<li><em style=\"font-size: 17px;\">O Grande Conflito<\/em><\/li>\n<li><em style=\"font-size: 17px;\">Primeiros Escritos<\/em><\/li>\n<li><em style=\"font-size: 17px;\">Testemunhos Para a Igreja<\/em><span style=\"font-size: 17px;\">,\u00a0volumes 1-9, inclusive\u00a0<\/span><em style=\"font-size: 17px;\">Obreiros Evang\u00e9licos<\/em><\/li>\n<li><em style=\"font-size: 17px;\">Christian\u00a0Temperance\u00a0and Bible\u00a0Hygiene<\/em><\/li>\n<li><em style=\"font-size: 17px;\">Par\u00e1bolas de Jesus<\/em><\/li>\n<li><em style=\"font-size: 17px;\">A Ci\u00eancia do Bom Viver<\/em><\/li>\n<li><em style=\"font-size: 17px;\">Caminho a Cristo<\/em><\/li>\n<li><em style=\"font-size: 17px;\">O Maior Discurso de Cristo<\/em><\/li>\n<li><em style=\"font-size: 17px;\">Vida de Jesus<\/em><\/li>\n<li><em style=\"font-size: 17px;\">Conselhos Sobre Escola Sabatina<\/em><\/li>\n<li><em style=\"font-size: 17px;\">Manual for\u00a0Canvassers<\/em><\/li>\n<li><em style=\"font-size: 17px;\">Special\u00a0Testimonies<\/em><\/li>\n<\/ul>\n<p style=\"text-align: justify;\">E tamb\u00e9m meu arquivo geral de manuscritos e todos os\u00a0\u00edndices referentes a ele; bem como a mob\u00edlia e a biblioteca do meu escrit\u00f3rio. Do mesmo modo, quer em conjunto ou individualmente, a casa de moradia, os bens transmiss\u00edveis e seus pertences, ou os que de algum modo s\u00e3o entregues em cust\u00f3dia, embora para os fins e prop\u00f3sitos descritos a seguir. S\u00c3O CEDIDOS os referidos bens m\u00f3veis e im\u00f3veis aos mencionados deposit\u00e1rios e a seus sucessores, vinculados a esta cust\u00f3dia, para promoverem o devido registro e tomarem posse dessas ditas propriedades, para cobrarem e receberem as rendas, edi\u00e7\u00f5es e lucros que deles derivarem; administrarem e controlarem as referidas propriedades; alugarem-nas, arrendarem-nas ou venderem-nas no todo ou em parte, com exce\u00e7\u00e3o dos\u00a0direitos autorais dos livros, com o prop\u00f3sito de fazerem novos investimentos em outras propriedades a serem incorporadas na mesma cust\u00f3dia, depois de pagos os impostos, taxas,\u00a0\u00f4nus e encargos que sobre eles venham a incidir, bem como despesas de repara\u00e7\u00e3o, administra\u00e7\u00e3o, conserva\u00e7\u00e3o e prote\u00e7\u00e3o dos supracitados bens im\u00f3veis e o manuseio dos bens m\u00f3veis, publica\u00e7\u00e3o e venda dos referidos livros e originais bem como dirigindo os neg\u00f3cios a eles pertinentes; distribu\u00edrem, pagarem e aplicarem os rendimentos l\u00edquidos provenientes dos arrendamentos e lucros dos referidos bens imobili\u00e1rios e do neg\u00f3cio da publica\u00e7\u00e3o e venda dos mencionados livros e propriedades na maneira como segue, a saber:<\/p>\n<ol style=\"list-style-type: lower-alpha; margin-left: 15px;\">\n<li>Pagar a meu filho James Edson White, anualmente, durante toda a sua vida dez (10) por cento dos rendimentos l\u00edquidos das referidas propriedades para seu exclusivo usufruto e benef\u00edcio, e, no caso da morte dele, a Emma L. White, sua esposa, durante o restante da vida dela, caso sobreviva a ele.<\/li>\n<li>Pagar a meu filho William C. White, anualmente, para seu exclusivo usufruto e benef\u00edcio, dez (10) por cento dos rendimentos l\u00edquidos das supracitadas propriedades durante toda a sua vida; e, vindo ele a morrer, a\u00a0Ethel\u00a0M. White, sua esposa, durante o restante da vida dela, caso sobreviva a ele.<\/li>\n<li>Pagar anualmente a William C. White,\u00a0Ethel\u00a0M. White e Dores E. Robinson, na qualidade de deposit\u00e1rios, cinco (5) por cento dos rendimentos l\u00edquidos dos supracitados direitos de propriedade a serem dedicados\u00a0\u00e0\u00a0educa\u00e7\u00e3o de meus netos, bisnetos e outras pessoas dignas.<\/li>\n<li>Os mencionados deposit\u00e1rios empregar\u00e3o o restante desses rendimentos l\u00edquidos nos seguintes prop\u00f3sitos:<\/li>\n<\/ol>\n<ol style=\"list-style-type: number; margin-left: 30px;\">\n<li><span style=\"text-align: justify;\">Para o pagamento de credores com juros acumulados sobre o principal da d\u00edvida at\u00e9\u00a0que meus credores concordem em renunciar a qualquer arresto de meus bens; esses pagamentos provenientes dos referidos rendimentos l\u00edquidos devem continuar sendo efetuados at\u00e9\u00a0que todas as d\u00edvidas restantes acrescidas dos juros tenham sido inteiramente pagas.<\/span><\/li>\n<li><span style=\"text-align: justify;\">Se todo o restante dos referidos rendimentos l\u00edquidos oriundos das propriedades mencionadas for mais do que suficiente para pagar minhas supracitadas d\u00edvidas acrescidas dos juros, de modo que meus credores concordem em receber o pagamento de seus respectivos cr\u00e9ditos, ent\u00e3o meus referidos deposit\u00e1rios aplicar\u00e3o o excedente na difus\u00e3o dos livros e originais que lhes s\u00e3o entregues em cust\u00f3dia e aqui fornecidos; na impress\u00e3o de novas tradu\u00e7\u00f5es; na impress\u00e3o de compila\u00e7\u00f5es dos meus originais; na obra mission\u00e1ria em geral da denomina\u00e7\u00e3o adventista do s\u00e9timo dia; no patroc\u00ednio das escolas mission\u00e1rias sob a lideran\u00e7a do\u00a0<\/span><em style=\"text-align: justify;\">Departamento de Assist\u00eancia aos Negros da Associa\u00e7\u00e3o Geral dos Adventistas do S\u00e9timo Dia<\/em><span style=\"text-align: justify;\">;\u00a0no patroc\u00ednio das escolas mission\u00e1rias para brancos analfabetos nos Estados do Sul; entendendo, contudo, que os referidos deposit\u00e1rios t\u00eam, pelo presente instrumento, poder e autoridade para vender meus bens im\u00f3veis ou tanto quanto possa ser necess\u00e1rio para as seguintes quantias:\u00a0\u00e0\u00a0minha neta Ella May Robinson, domiciliada atualmente em\u00a0Sanitarium, Calif\u00f3rnia, a quantia de quinhentos d\u00f3lares (U$500);\u00a0\u00e0\u00a0minha neta Mabel E.\u00a0Workman, que agora reside emLoma\u00a0Linda, Calif\u00f3rnia, a quantia de quinhentos d\u00f3lares (U$500);\u00a0\u00e0\u00a0minha fiel amiga e colaboradora, Sara\u00a0McEnterfer, agora residindo em\u00a0Sanitarium, Calif\u00f3rnia, a quantia de quinhentos d\u00f3lares (U$500); a May\u00a0Walling, domiciliada atualmente emSanitarium, Calif\u00f3rnia, a quantia de quinhentos d\u00f3lares (U$500); e a meu fiel amigo e colaborador Clarence C.\u00a0Crisler, a quantia de quinhentos d\u00f3lares (U$500).<\/span><\/li>\n<\/ol>\n<p style=\"text-align: justify;\"><strong>SEXTO:<\/strong>\u00a0Ap\u00f3s a morte de James Edson White e de sua esposa, meus supracitados deposit\u00e1rios t\u00eam, pelo presente instrumento, poder e autoridade para aplicar a quantia prescrita na subdivis\u00e3o (a) do par\u00e1grafo QUINTO no pagamento de qualquer demanda legal contra o patrim\u00f4nio do supracitado James Edson White e, depois da plena quita\u00e7\u00e3o de todas essas demandas, a supracitada quantia mencionada na subdivis\u00e3o (a) ser\u00e1\u00a0aplicada na manuten\u00e7\u00e3o da escola mission\u00e1ria para negros dirigida atualmente pelo\u00a0<em>Departamento de Assist\u00eancia aos Negros da Associa\u00e7\u00e3o Geral dos Adventistas do S\u00e9timo Dia<\/em>.<\/p>\n<p style=\"text-align: justify;\"><strong>S\u00c9TIMO:<\/strong>\u00a0Ap\u00f3s a morte de William C. White e de sua esposa, meus supracitados deposit\u00e1rios t\u00eam, pelo presente instrumento, poder e autoridade para pagar aos filhos sobreviventes deste casal ou aos netos, se houver, as respectivas quantias prescritas na subdivis\u00e3o (b) do par\u00e1grafo QUINTO deste testamento; caso n\u00e3o haja filhos nem netos de meu supracitado filho, ent\u00e3o as referidas quantias respectivas dever\u00e3o ser dedicadas e empregadas para os prop\u00f3sitos descritos na subdivis\u00e3o (d) do supracitado par\u00e1grafo QUINTO deste testamento.<\/p>\n<p style=\"text-align: justify;\"><strong>OITAVO:<\/strong>\u00a0Ao termo da cust\u00f3dia, criada e descrita neste testamento, qualquer que seja a causa, fa\u00e7o doa\u00e7\u00e3o e legado de todas as propriedades mobili\u00e1rias e imobili\u00e1rias mencionadas no par\u00e1grafo QUINTO ou o que delas se possa desonerar e liberar, a meu referido filho, William C. White; ou, caso ele n\u00e3o esteja vivo, a seus herdeiros por direito.<\/p>\n<p style=\"text-align: justify;\"><strong>NONO:<\/strong>\u00a0Minha mob\u00edlia dom\u00e9stica, pratos, tapetes, quadros, fotografias e roupas, fa\u00e7o doa\u00e7\u00e3o e legado em partes iguais a meus filhos: James Edson White e William C. White.<\/p>\n<p style=\"text-align: justify;\"><strong>D\u00c9CIMO:<\/strong>\u00a0Todo o restante, res\u00edduo e remanescente de meu patrim\u00f4nio, mobili\u00e1rio, imobili\u00e1rio e misto que porventura eu tenha o direito de possuir ou possua ao morrer, fa\u00e7o doa\u00e7\u00e3o e legado a meu filho William C. White.<\/p>\n<p style=\"text-align: justify;\"><strong>D\u00c9CIMO PRIMEIRO:<\/strong>\u00a0Pelo presente instrumento aponto William C. White e Charles H. Jones como os executores desta minha\u00a0\u00faltima vontade e testamento sem fian\u00e7a e os autorizo a venderem qualquer propriedade de meu patrim\u00f4nio sem ordem judicial, em venda p\u00fablica ou particular, com ou sem notifica\u00e7\u00e3o, de acordo com a determina\u00e7\u00e3o dos executores. Tamb\u00e9m determino que n\u00e3o se exija nenhuma fian\u00e7a de qualquer dos deposit\u00e1rios nomeados ou seus sucessores.<\/p>\n<p style=\"text-align: justify;\"><strong>D\u00c9CIMO SEGUNDO:<\/strong>\u00a0Se, por qualquer motivo, ocorrer vaga entre os mencionados deposit\u00e1rios ou seus sucessores, a maioria dos deposit\u00e1rios sobreviventes ou remanescentes tem, pelo presente instrumento, poder e autoridade para preencher a vaga nomeando uma pessoa id\u00f4nea, e, caso aconte\u00e7a de a maioria n\u00e3o chegar a um acordo a respeito da nomea\u00e7\u00e3o, ent\u00e3o a vaga ser\u00e1\u00a0preenchida pela Comiss\u00e3o Executiva da Associa\u00e7\u00e3o Geral dos Adventistas do S\u00e9timo Dia; e o novo deposit\u00e1rio ou deposit\u00e1rios assim nomeados ter\u00e3o o mesmo poder que os deposit\u00e1rios originais aqui nomeados no tocante\u00a0\u00e0\u00a0supracitada cust\u00f3dia e na execu\u00e7\u00e3o da mesma.<\/p>\n<p style=\"text-align: justify;\" align=\"left\"><strong>D\u00c9CIMO TERCEIRO:<\/strong>\u00a0Pelo presente instrumento revogo todos os testamentos anteriores feitos por mim.<\/p>\n<p style=\"text-align: justify;\" align=\"left\"><strong>EM TESTEMUNHO DESSAS COISAS<\/strong>,\u00a0assino com o pr\u00f3prio punho e selo neste dia 9 de fevereiro de 1912.<\/p>\n<p align=\"left\">[Assinado]\u00a0<strong>ELLEN G. WHITE<\/strong><\/p>\n","protected":false},"excerpt":{"rendered":"<p>Testamento e \u00daltima Vontade de Ellen G. White NO NOME DE DEUS, AM\u00c9M. Eu, Ellen G. White (vi\u00fava), domiciliada em\u00a0Sanitarium, Condado de Napa, Calif\u00f3rnia, com a idade de oitenta e quatro (84) anos e estando nesta data no pleno uso das faculdades mentais e n\u00e3o agindo sob coa\u00e7\u00e3o, amea\u00e7a, fraude ou indevida influ\u00eancia de toda [&hellip;]<\/p>\n","protected":false},"author":1,"featured_media":0,"parent":36,"menu_order":2,"comment_status":"closed","ping_status":"closed","template":"page-no-title-with-indent.php","meta":{"footnotes":""},"class_list":["post-44","page","type-page","status-publish","hentry"],"_links":{"self":[{"href":"https:\/\/brendolin.com.br\/centrowhite\/wp-json\/wp\/v2\/pages\/44","targetHints":{"allow":["GET"]}}],"collection":[{"href":"https:\/\/brendolin.com.br\/centrowhite\/wp-json\/wp\/v2\/pages"}],"about":[{"href":"https:\/\/brendolin.com.br\/centrowhite\/wp-json\/wp\/v2\/types\/page"}],"author":[{"embeddable":true,"href":"https:\/\/brendolin.com.br\/centrowhite\/wp-json\/wp\/v2\/users\/1"}],"replies":[{"embeddable":true,"href":"https:\/\/brendolin.com.br\/centrowhite\/wp-json\/wp\/v2\/comments?post=44"}],"version-history":[{"count":0,"href":"https:\/\/brendolin.com.br\/centrowhite\/wp-json\/wp\/v2\/pages\/44\/revisions"}],"up":[{"embeddable":true,"href":"https:\/\/brendolin.com.br\/centrowhite\/wp-json\/wp\/v2\/pages\/36"}],"wp:attachment":[{"href":"https:\/\/brendolin.com.br\/centrowhite\/wp-json\/wp\/v2\/media?parent=44"}],"curies":[{"name":"wp","href":"https:\/\/api.w.org\/{rel}","templated":true}]}}