{"id":5358,"date":"2013-02-25T15:08:05","date_gmt":"2013-02-25T15:08:05","guid":{"rendered":"http:\/\/centrowhite.org.br\/?page_id=5358"},"modified":"2013-02-25T15:08:05","modified_gmt":"2013-02-25T15:08:05","slug":"equipe","status":"publish","type":"page","link":"https:\/\/brendolin.com.br\/centrowhite\/centro-white\/equipe\/","title":{"rendered":"Equipe Atual"},"content":{"rendered":"<table border=\"0\" width=\"100%\" cellspacing=\"0\" cellpadding=\"0\">\n<tbody>\n<tr>\n<td width=\"25%\">\n<div align=\"center\"><span class=\"style3\"><img loading=\"lazy\" decoding=\"async\" class=\"aligncenter wp-image-12345 size-full\" style=\"color: #000000;\" src=\"http:\/\/www.centrowhite.org.br\/wp-content\/uploads\/2020\/01\/WhatsApp-Image-2020-01-30-at-09.45.59.jpeg\" alt=\"\" width=\"150\" height=\"200\" \/><\/span><\/div>\n<\/td>\n<td width=\"25%\">\n<div align=\"center\"><span class=\"style3\"><img loading=\"lazy\" decoding=\"async\" class=\"aligncenter wp-image-14128 size-full\" style=\"color: #000000;\" src=\"http:\/\/www.centrowhite.org\/wp-content\/uploads\/2013\/02\/Foto-JCR-CW-2021.jpg\" alt=\"\" width=\"150\" height=\"200\" \/><\/span><\/div>\n<\/td>\n<td width=\"25%\">\n<div align=\"center\"><span class=\"style3\"><img loading=\"lazy\" decoding=\"async\" class=\"aligncenter wp-image-14130 size-full\" style=\"color: #000000;\" src=\"http:\/\/www.centrowhite.org\/wp-content\/uploads\/2013\/02\/Foto-Julia-CW-2021.jpg\" alt=\"\" width=\"150\" height=\"200\" \/><\/span><\/div>\n<\/td>\n<td width=\"25%\">\n<div align=\"center\"><span class=\"style3\"><img loading=\"lazy\" decoding=\"async\" class=\"aligncenter wp-image-6095 size-full\" style=\"color: #000000;\" src=\"https:\/\/cdn1.unasp.br\/ec\/sites\/centrowhite\/wp-content\/uploads\/2013\/02\/08100526\/foto-janaina1.jpg\" alt=\"\" width=\"150\" height=\"200\" \/><\/span><\/div>\n<\/td>\n<\/tr>\n<tr>\n<td width=\"25%\">\n<div align=\"center\"><strong>Pr. Renato Stencel<\/strong><\/div>\n<\/td>\n<td width=\"25%\">\n<div align=\"center\"><strong>Pr. Julio Cesar Ribeiro<\/strong><\/div>\n<\/td>\n<td width=\"25%\">\n<div align=\"center\"><strong>Prof\u00aa. Maria J\u00falia Galvani<\/strong><\/div>\n<\/td>\n<td width=\"25%\">\n<div align=\"center\"><strong>Prof\u00aa. Janaina Xavier<\/strong><\/div>\n<\/td>\n<\/tr>\n<tr>\n<td width=\"25%\">\n<div align=\"center\"><em>Diretor<\/em><\/div>\n<\/td>\n<td width=\"25%\">\n<div align=\"center\"><em>Assistente<\/em><\/div>\n<\/td>\n<td width=\"25%\">\n<div align=\"center\"><em>Secret\u00e1ria<\/em><\/div>\n<\/td>\n<td width=\"25%\">\n<div align=\"center\"><em>Muse\u00f3loga<\/em><\/div>\n<\/td>\n<\/tr>\n<tr>\n<td width=\"25%\">\n<div align=\"center\">renato.stencel@ucb.org.br<\/div>\n<\/td>\n<td width=\"25%\">\n<div align=\"center\">julio.ribeiro@ucb.org.br<\/div>\n<\/td>\n<td width=\"25%\">\n<div align=\"center\">mariajulia.galvani@ucb.org.br<\/div>\n<\/td>\n<td width=\"25%\">\n<div align=\"center\">janaina.xavier@ucb.org.br<\/div>\n<\/td>\n<\/tr>\n<tr>\n<td width=\"25%\"><\/td>\n<td width=\"25%\"><\/td>\n<td width=\"25%\"><\/td>\n<td width=\"25%\"><\/td>\n<\/tr>\n<tr>\n<td width=\"25%\">\n<div align=\"center\"><em>Doutor em Educa\u00e7\u00e3o<\/em><\/div>\n<\/td>\n<td width=\"25%\">\n<div align=\"center\"><em>Mestre em Teologia <\/em><\/div>\n<\/td>\n<td width=\"25%\">\n<div align=\"center\"><em>Licenciada em Letras<\/em><\/div>\n<\/td>\n<td width=\"25%\">\n<div align=\"center\"><em>Doutora em Artes Visuais <\/em><\/div>\n<\/td>\n<\/tr>\n<tr>\n<td width=\"25%\">\n<div align=\"center\"><a href=\"http:\/\/lattes.cnpq.br\/0120976634741394\" target=\"_blank\" rel=\"noopener\">Curr\u00edculo Lattes<\/a><\/div>\n<\/td>\n<td width=\"25%\">\n<div align=\"center\"><a href=\"http:\/\/lattes.cnpq.br\/0633631949541501\" target=\"_blank\" rel=\"noopener\">Curr\u00edculo Lattes<\/a><\/div>\n<\/td>\n<td width=\"25%\">\n<div align=\"center\"><a href=\"http:\/\/lattes.cnpq.br\/5569150796204212\" target=\"_blank\" rel=\"noopener\">Curr\u00edculo Lattes<\/a><\/div>\n<\/td>\n<td width=\"25%\">\n<div align=\"center\"><a href=\"http:\/\/lattes.cnpq.br\/2806036468323078\" target=\"_blank\" rel=\"noopener\">Curr\u00edculo Lattes<\/a><\/div>\n<\/td>\n<\/tr>\n<\/tbody>\n<\/table>\n<p>&nbsp;<\/p>\n<p><strong>Equipe Auxiliar (Alunos)<\/strong><\/p>\n<p>Em breve\t\t<\/p>\n","protected":false},"excerpt":{"rendered":"<p>Pr. Renato Stencel Pr. Julio Cesar Ribeiro Prof\u00aa. Maria J\u00falia Galvani Prof\u00aa. Janaina Xavier Diretor Assistente Secret\u00e1ria Muse\u00f3loga renato.stencel@ucb.org.br julio.ribeiro@ucb.org.br mariajulia.galvani@ucb.org.br janaina.xavier@ucb.org.br Doutor em Educa\u00e7\u00e3o Mestre em Teologia Licenciada em Letras Doutora em Artes Visuais Curr\u00edculo Lattes Curr\u00edculo Lattes Curr\u00edculo Lattes Curr\u00edculo Lattes &nbsp; Equipe Auxiliar (Alunos) Em breve<\/p>\n","protected":false},"author":1,"featured_media":0,"parent":16127,"menu_order":0,"comment_status":"closed","ping_status":"open","template":"page-no-indent.php","meta":{"footnotes":""},"class_list":["post-5358","page","type-page","status-publish","hentry"],"_links":{"self":[{"href":"https:\/\/brendolin.com.br\/centrowhite\/wp-json\/wp\/v2\/pages\/5358","targetHints":{"allow":["GET"]}}],"collection":[{"href":"https:\/\/brendolin.com.br\/centrowhite\/wp-json\/wp\/v2\/pages"}],"about":[{"href":"https:\/\/brendolin.com.br\/centrowhite\/wp-json\/wp\/v2\/types\/page"}],"author":[{"embeddable":true,"href":"https:\/\/brendolin.com.br\/centrowhite\/wp-json\/wp\/v2\/users\/1"}],"replies":[{"embeddable":true,"href":"https:\/\/brendolin.com.br\/centrowhite\/wp-json\/wp\/v2\/comments?post=5358"}],"version-history":[{"count":0,"href":"https:\/\/brendolin.com.br\/centrowhite\/wp-json\/wp\/v2\/pages\/5358\/revisions"}],"up":[{"embeddable":true,"href":"https:\/\/brendolin.com.br\/centrowhite\/wp-json\/wp\/v2\/pages\/16127"}],"wp:attachment":[{"href":"https:\/\/brendolin.com.br\/centrowhite\/wp-json\/wp\/v2\/media?parent=5358"}],"curies":[{"name":"wp","href":"https:\/\/api.w.org\/{rel}","templated":true}]}}