{"id":63,"date":"2012-03-01T12:28:05","date_gmt":"2012-03-01T12:28:05","guid":{"rendered":"http:\/\/unasp-ec.educacao.ws\/centrowhite\/?page_id=63"},"modified":"2012-03-01T12:28:05","modified_gmt":"2012-03-01T12:28:05","slug":"historico-e-objetivo","status":"publish","type":"page","link":"https:\/\/brendolin.com.br\/centrowhite\/centro-white\/historico-e-objetivo\/","title":{"rendered":"Hist\u00f3rico e Objetivos"},"content":{"rendered":"<h2>Breve Hist\u00f3rico<\/h2>\n<p style=\"text-align: justify;\">O Centro de Pesquisas Ellen G. White do Brasil \u00e9 o d\u00e9cimo centro estabelecido no mundo (atualmente h\u00e1 21). Em setembro de 1979 uma pequena sala no Semin\u00e1rio de Teologia do Instituto Adventista de Ensino, em S\u00e3o Paulo, foi destinada \u00e0 pesquisa de assuntos denominacionais, na esperan\u00e7a de um dia transformar-se num centro oficial. As negocia\u00e7\u00f5es com a Associa\u00e7\u00e3o Geral prosseguiram at\u00e9 que o acalentado sonho tornou-se realidade. Inaugurado em 6 de dezembro de 1987, o Centro de Pesquisas Ellen G. White \u00e9 diretamente ligado ao Patrim\u00f4nio Liter\u00e1rio Ellen G. White da Associa\u00e7\u00e3o Geral, com o prop\u00f3sito de servir a igreja no Brasil.<\/p>\n<h2>Objetivos<\/h2>\n<p style=\"text-align: justify;\">Traduzir e preparar materiais em l\u00edngua portuguesa, responder indaga\u00e7\u00f5es, incentivar o estudo e a pesquisa da vida e dos escritos de Ellen G. White, bem como da hist\u00f3ria e do pensamento denominacional da Igreja Adventista do S\u00e9timo Dia, s\u00e3o algumas das suas principais metas.<\/p>\n<hr \/>\n<h2 style=\"text-align: center;\">Tour Virtual<\/h2>\n<p class=\"center\">Fa\u00e7a uma visita virtual ao Centro de Pesquisas Ellen G. White, Brasil.<\/p>\n<div style=\"text-align: center;\"><iframe loading=\"lazy\" src=\"http:\/\/www.youtube.com\/embed\/Po99tKmI_wg\" height=\"480\" width=\"640\" allowfullscreen=\"\" frameborder=\"0\"><\/iframe><\/div>\n<p class=\"center\"><a href=\"http:\/\/www.youtube.com\/watch?v=Po99tKmI_wg&amp;feature=player_embedded\">CENTRO WHITE<\/a><\/p>\n","protected":false},"excerpt":{"rendered":"<p>Breve Hist\u00f3rico O Centro de Pesquisas Ellen G. White do Brasil \u00e9 o d\u00e9cimo centro estabelecido no mundo (atualmente h\u00e1 21). Em setembro de 1979 uma pequena sala no Semin\u00e1rio de Teologia do Instituto Adventista de Ensino, em S\u00e3o Paulo, foi destinada \u00e0 pesquisa de assuntos denominacionais, na esperan\u00e7a de um dia transformar-se num centro [&hellip;]<\/p>\n","protected":false},"author":1,"featured_media":0,"parent":16127,"menu_order":1,"comment_status":"closed","ping_status":"closed","template":"","meta":{"footnotes":""},"class_list":["post-63","page","type-page","status-publish","hentry"],"_links":{"self":[{"href":"https:\/\/brendolin.com.br\/centrowhite\/wp-json\/wp\/v2\/pages\/63","targetHints":{"allow":["GET"]}}],"collection":[{"href":"https:\/\/brendolin.com.br\/centrowhite\/wp-json\/wp\/v2\/pages"}],"about":[{"href":"https:\/\/brendolin.com.br\/centrowhite\/wp-json\/wp\/v2\/types\/page"}],"author":[{"embeddable":true,"href":"https:\/\/brendolin.com.br\/centrowhite\/wp-json\/wp\/v2\/users\/1"}],"replies":[{"embeddable":true,"href":"https:\/\/brendolin.com.br\/centrowhite\/wp-json\/wp\/v2\/comments?post=63"}],"version-history":[{"count":0,"href":"https:\/\/brendolin.com.br\/centrowhite\/wp-json\/wp\/v2\/pages\/63\/revisions"}],"up":[{"embeddable":true,"href":"https:\/\/brendolin.com.br\/centrowhite\/wp-json\/wp\/v2\/pages\/16127"}],"wp:attachment":[{"href":"https:\/\/brendolin.com.br\/centrowhite\/wp-json\/wp\/v2\/media?parent=63"}],"curies":[{"name":"wp","href":"https:\/\/api.w.org\/{rel}","templated":true}]}}