{"id":6529,"date":"2013-03-05T12:07:21","date_gmt":"2013-03-05T12:07:21","guid":{"rendered":"http:\/\/centrowhite.org.br\/?page_id=6529"},"modified":"2013-03-05T12:07:21","modified_gmt":"2013-03-05T12:07:21","slug":"materiais-academicos","status":"publish","type":"page","link":"https:\/\/brendolin.com.br\/centrowhite\/pesquisa\/materiais-academicos\/","title":{"rendered":"Materiais Acad\u00eamicos"},"content":{"rendered":"<h1>Materiais Acad\u00eamicos Adventistas<\/h1>\n<p><a title=\"Revista Parousia\" href=\"http:\/\/circle.adventist.org\/browse\/?browse_node=751\" target=\"_blank\" rel=\"noopener\">Parousia<\/a><\/p>\n<p><a title=\"CIRCLE.adventist.org\" href=\"http:\/\/circle.adventist.org\/\" target=\"_blank\" rel=\"noopener\">CIRCLE<\/a><\/p>\n<p><a title=\"Revista Di\u00e1logo Universit\u00e1rio\" href=\"http:\/\/dialogue.adventist.org\/index_p.htm\" target=\"_blank\" rel=\"noopener\">Di\u00e1logo Universit\u00e1rio<\/a><\/p>\n<p><a title=\"Journal of Adventist Education\" href=\"http:\/\/jae.adventist.org\/\" target=\"_blank\" rel=\"noopener\">Journal of Adventist Education<\/a> (JAE) Ingl\u00eas<\/p>\n<p><a title=\"Biblical Research Institute\" href=\"https:\/\/adventistbiblicalresearch.org\/\" target=\"_blank\" rel=\"noopener\">Biblical Research Institute<\/a>\u00a0(BRI) Ingl\u00eas<\/p>\n<p><a title=\"Adventist Theological Society\" href=\"http:\/\/www.atsjats.org\/\" target=\"_blank\" rel=\"noopener\">Adventist Theological Society<\/a>\u00a0(ATS) Ingl\u00eas<\/p>\n<p><a title=\"AIIAS\" href=\"http:\/\/internationalforum.aiias.edu\/\" target=\"_blank\" rel=\"noopener\">Interdisciplinary Journal<\/a> (AIIAS) Ingl\u00eas<\/p>\n<p><a title=\"Origins (GRI)\" href=\"http:\/\/www.grisda.org\/origins\/index.htm\" target=\"_blank\" rel=\"noopener\">Origins<\/a> (Geoscience Research Institute) Ingl\u00eas\t\t<\/p>\n","protected":false},"excerpt":{"rendered":"<p>Materiais Acad\u00eamicos Adventistas Parousia CIRCLE Di\u00e1logo Universit\u00e1rio Journal of Adventist Education (JAE) Ingl\u00eas Biblical Research Institute\u00a0(BRI) Ingl\u00eas Adventist Theological Society\u00a0(ATS) Ingl\u00eas Interdisciplinary Journal (AIIAS) Ingl\u00eas Origins (Geoscience Research Institute) Ingl\u00eas<\/p>\n","protected":false},"author":1,"featured_media":0,"parent":5581,"menu_order":0,"comment_status":"closed","ping_status":"open","template":"page-no-title-with-indent.php","meta":{"footnotes":""},"class_list":["post-6529","page","type-page","status-publish","hentry"],"_links":{"self":[{"href":"https:\/\/brendolin.com.br\/centrowhite\/wp-json\/wp\/v2\/pages\/6529","targetHints":{"allow":["GET"]}}],"collection":[{"href":"https:\/\/brendolin.com.br\/centrowhite\/wp-json\/wp\/v2\/pages"}],"about":[{"href":"https:\/\/brendolin.com.br\/centrowhite\/wp-json\/wp\/v2\/types\/page"}],"author":[{"embeddable":true,"href":"https:\/\/brendolin.com.br\/centrowhite\/wp-json\/wp\/v2\/users\/1"}],"replies":[{"embeddable":true,"href":"https:\/\/brendolin.com.br\/centrowhite\/wp-json\/wp\/v2\/comments?post=6529"}],"version-history":[{"count":0,"href":"https:\/\/brendolin.com.br\/centrowhite\/wp-json\/wp\/v2\/pages\/6529\/revisions"}],"up":[{"embeddable":true,"href":"https:\/\/brendolin.com.br\/centrowhite\/wp-json\/wp\/v2\/pages\/5581"}],"wp:attachment":[{"href":"https:\/\/brendolin.com.br\/centrowhite\/wp-json\/wp\/v2\/media?parent=6529"}],"curies":[{"name":"wp","href":"https:\/\/api.w.org\/{rel}","templated":true}]}}