{"id":782,"date":"2013-01-14T18:08:31","date_gmt":"2013-01-14T18:08:31","guid":{"rendered":"http:\/\/centrowhite.org.br\/?page_id=782"},"modified":"2013-01-14T18:08:31","modified_gmt":"2013-01-14T18:08:31","slug":"audiobooks","status":"publish","type":"page","link":"https:\/\/brendolin.com.br\/centrowhite\/downloads\/audiobooks\/","title":{"rendered":"Audiolivros | Ellen G. White"},"content":{"rendered":"<h1>Audiolivros | Ellen G. White<\/h1>\n<p><img loading=\"lazy\" decoding=\"async\" class=\"alignleft  wp-image-1227\" src=\"http:\/\/centrowhite.org.br\/wp-content\/uploads\/2013\/01\/stockfresh_1625681_phone-and-headphone-on-white-background-isolated-3d-image_sizeXS_8f0d5a-cortada-small-281x300.jpg\" alt=\"iPod com Headfone ao redor\" width=\"118\" height=\"126\" \/><\/p>\n<p>&nbsp;<\/p>\n<p>Ou\u00e7a dezenas de livros de Ellen G. White. Aqui voc\u00ea pode baixar a narra\u00e7\u00e3o dos livros para seu computador, para seu carro, ou aparelho de mp3.<\/p>\n<hr \/>\n<p>&nbsp;<\/p>\n<ul class=\"pagina-audiobooks\">\n<li><a title=\"Atos dos Ap\u00f3stolos\" href=\"http:\/\/centrowhite.org.br\/downloads\/audiobooks\/atos-dos-apostolos\/\"><img loading=\"lazy\" decoding=\"async\" class=\"size-thumbnail wp-image-941 alignnone\" src=\"http:\/\/centrowhite.org.br\/wp-content\/uploads\/2013\/01\/Atos-dos-Apostolos-150x150.jpg\" alt=\"Atos dos Apostolos\" width=\"150\" height=\"150\" \/>Atos dos Ap\u00f3stolos<\/a><\/li>\n<li><a title=\"Benefic\u00eancia Social\" href=\"http:\/\/centrowhite.org.br\/downloads\/audiobooks\/beneficencia-social\/\"><img loading=\"lazy\" decoding=\"async\" class=\"aligncenter wp-image-14239 size-full\" src=\"http:\/\/www.centrowhite.org\/wp-content\/uploads\/2013\/01\/folder-e1616480910603.jpg\" alt=\"\" width=\"150\" height=\"150\" \/>Benefic\u00eancia Social<\/a><\/li>\n<li><a title=\"Caminho a Cristo\" href=\"http:\/\/centrowhite.org.br\/downloads\/audiobooks\/caminho-a-cristo\/\"><img loading=\"lazy\" decoding=\"async\" class=\"alignnone size-thumbnail wp-image-942\" src=\"http:\/\/centrowhite.org.br\/wp-content\/uploads\/2013\/01\/Caminho-a-Cristo-150x150.jpg\" alt=\"Caminho a Cristo\" width=\"150\" height=\"150\" \/>Caminho a Cristo<\/a><\/li>\n<li><a title=\"A Ci\u00eancia do Bom Viver\" href=\"http:\/\/centrowhite.org.br\/downloads\/audiobooks\/a-ciencia-do-bom-viver\/\"><img loading=\"lazy\" decoding=\"async\" class=\"alignnone size-thumbnail wp-image-943\" src=\"http:\/\/centrowhite.org.br\/wp-content\/uploads\/2013\/01\/Ciencia-do-Bom-Viver-150x150.jpg\" alt=\"A Ci\u00eancia do Bom Viver\" width=\"150\" height=\"150\" \/>A Ci\u00eancia do Bom Viver<\/a><\/li>\n<li><a title=\"Conselhos sobre o Regime Alimentar\" href=\"http:\/\/centrowhite.org.br\/downloads\/audiobooks\/conselhos-sobre-o-regime-alimentar\/\"><img loading=\"lazy\" decoding=\"async\" class=\"alignnone size-thumbnail wp-image-944\" src=\"http:\/\/centrowhite.org.br\/wp-content\/uploads\/2013\/01\/Conselhos-sobre-o-Regime-Alimentar-150x150.jpg\" alt=\"Conselhos sobre o Regime Alimentar\" width=\"150\" height=\"150\" \/>Conselhos sobre o Regime Alimentar<\/a><\/li>\n<li><a title=\"Conselhos sobre Sa\u00fade\" href=\"http:\/\/centrowhite.org.br\/downloads\/audiobooks\/conselhos-sobre-saude\/\"><img loading=\"lazy\" decoding=\"async\" class=\"aligncenter wp-image-14243 size-full\" src=\"http:\/\/www.centrowhite.org\/wp-content\/uploads\/2013\/01\/folder1-e1616481344833.jpg\" alt=\"\" width=\"150\" height=\"150\" \/>Conselhos sobre Sa\u00fade<\/a><\/li>\n<li><a title=\"O Desejado de Todas as Na\u00e7\u00f5es\" href=\"http:\/\/centrowhite.org.br\/downloads\/audiobooks\/o-desejado-de-todas-as-nacoes\/\"><img loading=\"lazy\" decoding=\"async\" class=\"alignnone size-thumbnail wp-image-949\" src=\"http:\/\/centrowhite.org.br\/wp-content\/uploads\/2013\/01\/O-Desejado-de-Todas-as-Nacoes-150x150.jpg\" alt=\"O Desejado de Todas as Nacoes\" width=\"150\" height=\"150\" \/>O Desejado de Todas as Na\u00e7\u00f5es<\/a><\/li>\n<li><a title=\"No Deserto da Tenta\u00e7\u00e3o\" href=\"http:\/\/centrowhite.org.br\/downloads\/audiobooks\/no-deserto-da-tentacao\/\"><img loading=\"lazy\" decoding=\"async\" class=\"aligncenter size-full wp-image-11236\" src=\"http:\/\/centrowhite.org.br\/wp-content\/uploads\/2013\/01\/no-deserto-da-tentacao-150x150.jpg\" alt=\"No Deserto da Tenta\u00e7\u00e3o\" width=\"150\" height=\"150\" \/>No Deserto da Tenta\u00e7\u00e3o<\/a><\/li>\n<li><a title=\"Educa\u00e7\u00e3o\" href=\"http:\/\/centrowhite.org.br\/downloads\/audiobooks\/educacao\/\"><img loading=\"lazy\" decoding=\"async\" class=\"aligncenter wp-image-14263 size-full\" src=\"http:\/\/www.centrowhite.org\/wp-content\/uploads\/2013\/01\/folder2-e1616484431811.jpg\" alt=\"\" width=\"150\" height=\"150\" \/>Educa\u00e7\u00e3o<\/a><\/li>\n<li><a title=\"Eventos Finais\" href=\"http:\/\/centrowhite.org.br\/downloads\/audiobooks\/eventos-finais\/\"><img loading=\"lazy\" decoding=\"async\" class=\"alignnone size-thumbnail wp-image-945\" src=\"http:\/\/centrowhite.org.br\/wp-content\/uploads\/2013\/01\/Eventos-Finais-150x150.jpg\" alt=\"Eventos Finais\" width=\"150\" height=\"150\" \/>Eventos Finais<\/a><\/li>\n<li><a title=\"F\u00e9 e Obras\" href=\"http:\/\/centrowhite.org.br\/downloads\/audiobooks\/fe-e-obras\/\"><img loading=\"lazy\" decoding=\"async\" class=\"alignnone size-thumbnail wp-image-946\" src=\"http:\/\/centrowhite.org.br\/wp-content\/uploads\/2013\/01\/Fe-e-Obras-150x150.jpg\" alt=\"Fe e Obras\" width=\"150\" height=\"150\" \/>F\u00e9 e Obras<\/a><\/li>\n<li><a title=\"Filhas de Deus\" href=\"http:\/\/centrowhite.org.br\/downloads\/audiobooks\/filhas-de-deus\/\"><img loading=\"lazy\" decoding=\"async\" class=\"alignnone size-thumbnail wp-image-956\" src=\"http:\/\/centrowhite.org.br\/files\/audiobooks\/FD\/folder.jpg\" alt=\"Filhas de Deus\" width=\"150\" height=\"150\" \/>Filhas de Deus<\/a><\/li>\n<li><a title=\"O Grande Conflito\" href=\"http:\/\/centrowhite.org.br\/downloads\/audiobooks\/o-grande-conflito\/\"><img loading=\"lazy\" decoding=\"async\" class=\"alignnone size-thumbnail wp-image-950\" src=\"http:\/\/centrowhite.org.br\/wp-content\/uploads\/2013\/01\/O-Grande-Conflito-150x150.jpg\" alt=\"O Grande Conflito\" width=\"150\" height=\"150\" \/>O Grande Conflito<\/a><\/li>\n<li><a title=\"Hist\u00f3ria da Reden\u00e7\u00e3o\" href=\"http:\/\/centrowhite.org.br\/downloads\/audiobooks\/historia-da-redencao\/\"><img loading=\"lazy\" decoding=\"async\" class=\"alignnone size-thumbnail wp-image-947\" src=\"http:\/\/centrowhite.org.br\/wp-content\/uploads\/2013\/01\/Historia-da-Redencao-150x150.jpg\" alt=\"Historia da Redencao\" width=\"150\" height=\"150\" \/>Hist\u00f3ria da Reden\u00e7\u00e3o<\/a><\/li>\n<li><a title=\"O Lar Adventista\" href=\"http:\/\/centrowhite.org.br\/downloads\/audiobooks\/o-lar-adventista\/\"><img loading=\"lazy\" decoding=\"async\" class=\"alignnone size-thumbnail wp-image-956\" src=\"http:\/\/centrowhite.org.br\/files\/audiobooks\/LA\/folder.jpg\" alt=\"O Lar Adventista\" width=\"150\" height=\"150\" \/>O Lar Adventista<\/a><\/li>\n<li><a title=\"Li\u00e7\u00f5es da Vida de Neemias\" href=\"http:\/\/centrowhite.org.br\/downloads\/audiobooks\/licoes-da-vida-de-neemias\/\"><img loading=\"lazy\" decoding=\"async\" class=\"alignnone size-thumbnail wp-image-956\" src=\"http:\/\/centrowhite.org.br\/files\/audiobooks\/LVN\/folder.jpg\" alt=\"Li\u00e7\u00f5es da Vida de Neemias\" width=\"150\" height=\"150\" \/>Li\u00e7\u00f5es da Vida de Neemias<\/a><\/li>\n<li><a title=\"O Maior Discurso de Cristo\" href=\"http:\/\/centrowhite.org.br\/downloads\/audiobooks\/o-maior-discurso-de-cristo\/\"><img loading=\"lazy\" decoding=\"async\" class=\"alignnone size-thumbnail wp-image-956\" src=\"http:\/\/centrowhite.org.br\/files\/audiobooks\/MDC\/folder.jpg\" alt=\"O Maior Discurso de Cristo\" width=\"150\" height=\"150\" \/>O Maior Discurso de Cristo<\/a><\/li>\n<li><a title=\"Mensagens aos Jovens\" href=\"http:\/\/centrowhite.org.br\/downloads\/audiobooks\/mensagens-aos-jovens\/\"><img loading=\"lazy\" decoding=\"async\" class=\"alignnone size-thumbnail wp-image-948\" src=\"http:\/\/centrowhite.org.br\/wp-content\/uploads\/2013\/01\/Mensagens-aos-Jovens-150x150.jpg\" alt=\"Mensagens aos Jovens\" width=\"150\" height=\"150\" \/>Mensagens aos Jovens<\/a><\/li>\n<li><a title=\"Mente, Car\u00e1ter e Personalidade - v. 1\" href=\"http:\/\/centrowhite.org.br\/downloads\/audiobooks\/mente-carater-e-personalidade-1\/\"><img loading=\"lazy\" decoding=\"async\" class=\"alignnone size-thumbnail wp-image-956\" src=\"http:\/\/centrowhite.org.br\/files\/audiobooks\/MCP1\/folder.jpg\" alt=\"Mente, Car\u00e1ter e Personalidade - v. 1\" width=\"150\" height=\"150\" \/>Mente, Car\u00e1ter e Personalidade &#8211; v. 1<\/a><\/li>\n<li><a title=\"M\u00fasica - Sua Influ\u00eancia na Vida do Crist\u00e3o\" href=\"http:\/\/centrowhite.org.br\/downloads\/audiobooks\/musica-sua-influencia-na-vida-do-cristao\/\"><img loading=\"lazy\" decoding=\"async\" class=\"alignnone size-thumbnail wp-image-956\" src=\"http:\/\/centrowhite.org.br\/files\/audiobooks\/MI\/folder.jpg\" alt=\"M\u00fasica - Sua Influ\u00eancia na Vida do Crist\u00e3o\" width=\"150\" height=\"150\" \/>M\u00fasica &#8211; Sua Influ\u00eancia na Vida do Crist\u00e3o<\/a><\/li>\n<li><a title=\"Obreiros Evang\u00e9licos\" href=\"http:\/\/centrowhite.org.br\/downloads\/audiobooks\/obreiros-evangelicos\/\"><img loading=\"lazy\" decoding=\"async\" class=\"alignnone size-thumbnail wp-image-956\" src=\"http:\/\/centrowhite.org.br\/files\/audiobooks\/OE\/folder.jpg\" alt=\"Obreiros Evang\u00e9licos\" width=\"150\" height=\"150\" \/>Obreiros Evang\u00e9licos<\/a><\/li>\n<li><a title=\"Orienta\u00e7\u00e3o da Crian\u00e7a\" href=\"http:\/\/centrowhite.org.br\/downloads\/audiobooks\/orientacao-da-crianca\/\"><img loading=\"lazy\" decoding=\"async\" class=\"alignnone size-thumbnail wp-image-956\" src=\"http:\/\/centrowhite.org.br\/files\/audiobooks\/OC\/folder.jpg\" alt=\"Orienta\u00e7\u00e3o da Crian\u00e7a\" width=\"150\" height=\"150\" \/>Orienta\u00e7\u00e3o da Crian\u00e7a<\/a><\/li>\n<li><a title=\"Par\u00e1bolas de Jesus\" href=\"http:\/\/centrowhite.org.br\/downloads\/audiobooks\/parabolas-de-jesus\/\"><img loading=\"lazy\" decoding=\"async\" class=\"alignnone size-thumbnail wp-image-951\" src=\"http:\/\/centrowhite.org.br\/wp-content\/uploads\/2013\/01\/Parabolas-de-Jesus-150x150.jpg\" alt=\"Parabolas de Jesus\" width=\"150\" height=\"150\" \/>Par\u00e1bolas de Jesus<\/a><\/li>\n<li><a title=\"Patriarcas e Profetas\" href=\"http:\/\/centrowhite.org.br\/downloads\/audiobooks\/patriarcas-e-profetas\/\"><img loading=\"lazy\" decoding=\"async\" class=\"alignnone size-thumbnail wp-image-952\" src=\"http:\/\/centrowhite.org.br\/wp-content\/uploads\/2013\/01\/Patriarcas-e-Profetas-150x150.jpg\" alt=\"Patriarcas e Profetas\" width=\"150\" height=\"150\" \/>Patriarcas e Profetas<\/a><\/li>\n<li><a title=\"Paulo \u2013 O Ap\u00f3stolo da F\u00e9 e da Coragem (Escritos da Vida de Paulo)\" href=\"http:\/\/centrowhite.org.br\/downloads\/audiobooks\/paulo\/\"><img loading=\"lazy\" decoding=\"async\" class=\"alignnone size-thumbnail wp-image-956\" src=\"http:\/\/centrowhite.org.br\/files\/audiobooks\/PAFC\/folder.jpg\" alt=\"Paulo \u2013 O Ap\u00f3stolo da F\u00e9 e da Coragem (Escritos da Vida de Paulo)\" width=\"150\" height=\"150\" \/>Paulo \u2013 O Ap\u00f3stolo da F\u00e9 e da Coragem (Escritos da Vida de Paulo)<\/a><\/li>\n<li><a title=\"Primeiros Escritos\" href=\"http:\/\/centrowhite.org.br\/downloads\/audiobooks\/obreiros-evangelicos\/\"><img loading=\"lazy\" decoding=\"async\" class=\"alignnone size-thumbnail wp-image-956\" src=\"http:\/\/centrowhite.org.br\/files\/audiobooks\/PE\/folder.jpg\" alt=\"Prineiros Escritos\" width=\"150\" height=\"150\" \/>Primeiros Escritos<\/a><\/li>\n<li><a title=\"Profetas e Reis\" href=\"http:\/\/centrowhite.org.br\/downloads\/audiobooks\/profetas-e-reis\/\"><img loading=\"lazy\" decoding=\"async\" class=\"alignnone size-thumbnail wp-image-954\" src=\"http:\/\/centrowhite.org.br\/wp-content\/uploads\/2013\/01\/Profetas-e-Reis-150x150.jpg\" alt=\"Profetas e Reis\" width=\"150\" height=\"150\" \/>Profetas e Reis<\/a><\/li>\n<li><a title=\"Santifica\u00e7\u00e3o\" href=\"http:\/\/centrowhite.org.br\/downloads\/audiobooks\/santificacao\/\"><img loading=\"lazy\" decoding=\"async\" class=\"aligncenter wp-image-14268 size-full\" src=\"http:\/\/www.centrowhite.org\/wp-content\/uploads\/2013\/01\/folder-1-e1616485075660.jpg\" alt=\"\" width=\"150\" height=\"150\" \/>Santifica\u00e7\u00e3o<\/a><\/li>\n<li><a title=\"Servi\u00e7o Crist\u00e3o\" href=\"http:\/\/centrowhite.org.br\/downloads\/audiobooks\/servico-cristao\/\"><img loading=\"lazy\" decoding=\"async\" class=\"alignnone size-thumbnail wp-image-955\" src=\"http:\/\/centrowhite.org.br\/wp-content\/uploads\/2013\/01\/Servico-Cristao-150x150.jpg\" alt=\"Servico Cristao\" width=\"150\" height=\"150\" \/>Servi\u00e7o Crist\u00e3o<\/a><\/li>\n<li><a title=\"Testemunhos para a Igreja - v. 1\" href=\"http:\/\/centrowhite.org.br\/downloads\/audiobooks\/testemunhos-para-a-igreja-1\/\"><img loading=\"lazy\" decoding=\"async\" class=\"alignnone size-thumbnail wp-image-956\" src=\"http:\/\/centrowhite.org.br\/files\/audiobooks\/TI1\/folder.jpg\" alt=\"Testemunhos para a Igreja 1\" width=\"150\" height=\"150\" \/>Testemunhos para a Igreja &#8211; v. 1<\/a><\/li>\n<li><a title=\"Testemunhos para a Igreja - v. 2\" href=\"http:\/\/centrowhite.org.br\/downloads\/audiobooks\/testemunhos-para-a-igreja-2\/\"><img loading=\"lazy\" decoding=\"async\" class=\"alignnone size-thumbnail wp-image-956\" src=\"http:\/\/centrowhite.org.br\/files\/audiobooks\/TI2\/folder.jpg\" alt=\"Testemunhos para a Igreja 2\" width=\"150\" height=\"150\" \/>Testemunhos para a Igreja &#8211; v. 2<\/a><\/li>\n<li><a title=\"Testemunhos para a Igreja - v. 3\" href=\"http:\/\/centrowhite.org.br\/downloads\/audiobooks\/testemunhos-para-a-igreja-3\/\"><img loading=\"lazy\" decoding=\"async\" class=\"alignnone size-thumbnail wp-image-956\" src=\"http:\/\/centrowhite.org.br\/files\/audiobooks\/TI3\/folder.jpg\" alt=\"Testemunhos para a Igreja 3\" width=\"150\" height=\"150\" \/>Testemunhos para a Igreja &#8211; v. 3<\/a><\/li>\n<li><a title=\"Testemunhos para a Igreja - v. 4\" href=\"http:\/\/centrowhite.org.br\/downloads\/audiobooks\/testemunhos-para-a-igreja-4\/\"><img loading=\"lazy\" decoding=\"async\" class=\"alignnone size-thumbnail wp-image-956\" src=\"http:\/\/centrowhite.org.br\/files\/audiobooks\/TI4\/folder.jpg\" alt=\"Testemunhos para a Igreja 4\" width=\"150\" height=\"150\" \/>Testemunhos para a Igreja &#8211; v. 4<\/a><\/li>\n<li><a title=\"Testemunhos para a Igreja - v. 5\" href=\"http:\/\/centrowhite.org.br\/downloads\/audiobooks\/testemunhos-para-a-igreja-5\/\"><img loading=\"lazy\" decoding=\"async\" class=\"alignnone size-thumbnail wp-image-956\" src=\"http:\/\/centrowhite.org.br\/files\/audiobooks\/TI5\/folder.jpg\" alt=\"Testemunhos para a Igreja 5\" width=\"150\" height=\"150\" \/>Testemunhos para a Igreja &#8211; v. 5<\/a><\/li>\n<li><a title=\"Testemunhos para a Igreja - v. 6\" href=\"http:\/\/centrowhite.org.br\/downloads\/audiobooks\/testemunhos-para-a-igreja-6\/\"><img loading=\"lazy\" decoding=\"async\" class=\"alignnone size-thumbnail wp-image-956\" src=\"http:\/\/centrowhite.org.br\/files\/audiobooks\/TI6\/folder.jpg\" alt=\"Testemunhos para a Igreja 6\" width=\"150\" height=\"150\" \/>Testemunhos para a Igreja &#8211; v. 6<\/a><\/li>\n<li><a title=\"Testemunhos para a Igreja - v. 7\" href=\"http:\/\/centrowhite.org.br\/downloads\/audiobooks\/testemunhos-para-a-igreja-7\/\"><img loading=\"lazy\" decoding=\"async\" class=\"alignnone size-thumbnail wp-image-956\" src=\"http:\/\/centrowhite.org.br\/files\/audiobooks\/TI7\/folder.jpg\" alt=\"Testemunhos para a Igreja 7\" width=\"150\" height=\"150\" \/>Testemunhos para a Igreja &#8211; v. 7<\/a><\/li>\n<li><a title=\"Testemunhos para a Igreja - v. 8\" href=\"http:\/\/centrowhite.org.br\/downloads\/audiobooks\/testemunhos-para-a-igreja-8\/\"><img loading=\"lazy\" decoding=\"async\" class=\"alignnone size-thumbnail wp-image-956\" src=\"http:\/\/centrowhite.org.br\/files\/audiobooks\/TI8\/folder.jpg\" alt=\"Testemunhos para a Igreja 8\" width=\"150\" height=\"150\" \/>Testemunhos para a Igreja &#8211; v. 8<\/a><\/li>\n<li><a title=\"Testemunhos para a Igreja - v. 9\" href=\"http:\/\/centrowhite.org.br\/downloads\/audiobooks\/testemunhos-para-a-igreja-9\/\"><img loading=\"lazy\" decoding=\"async\" class=\"alignnone size-thumbnail wp-image-956\" src=\"http:\/\/centrowhite.org.br\/files\/audiobooks\/TI9\/folder.jpg\" alt=\"Testemunhos para a Igreja 9\" width=\"150\" height=\"150\" \/>Testemunhos para a Igreja &#8211; v. 9<\/a><\/li>\n<li><a title=\"Testemunhos para Ministros e Obreiros Evang\u00e9licos\" href=\"http:\/\/centrowhite.org.br\/downloads\/audiobooks\/testemunhos-para-ministros-e-obreiros-evangelicos\/\"><img loading=\"lazy\" decoding=\"async\" class=\"alignnone size-thumbnail wp-image-956\" src=\"http:\/\/centrowhite.org.br\/files\/audiobooks\/TM\/folder.jpg\" alt=\"Testemunhos para Ministros e Obreiros Evang\u00e9licos\" width=\"150\" height=\"150\" \/>Testemunhos para Ministros e Obreiros Evang\u00e9licos<\/a><\/li>\n<li><a title=\"Vida no Campo\" href=\"http:\/\/centrowhite.org.br\/downloads\/audiobooks\/vida-no-campo\/\"><img loading=\"lazy\" decoding=\"async\" class=\"alignnone size-thumbnail wp-image-957\" src=\"http:\/\/centrowhite.org.br\/wp-content\/uploads\/2013\/01\/Vida-no-Campo-150x150.jpg\" alt=\"Vida no Campo\" width=\"150\" height=\"150\" \/>Vida no Campo<\/a><\/li>\n<li><a title=\"Vis\u00f5es do C\u00e9u\" href=\"http:\/\/centrowhite.org.br\/downloads\/audiobooks\/visoes-do-ceu\/\"><img loading=\"lazy\" decoding=\"async\" class=\"aligncenter wp-image-14266 size-full\" src=\"http:\/\/www.centrowhite.org\/wp-content\/uploads\/2013\/01\/folder3-e1616485010564.jpg\" alt=\"\" width=\"150\" height=\"150\" \/>Vis\u00f5es do C\u00e9u<\/a><\/li>\n<\/ul>\n<hr \/>\n<p class=\"center\"><strong>Fonte:<\/strong> <a title=\"Site do Ellen G. White Estate\" href=\"http:\/\/www.egwwritings.org\" target=\"_blank\" rel=\"noopener\">Ellen G. White Estate<\/a> e <a title=\"Site do EllenWhiteAudio.org\" href=\"http:\/\/www.ellenwhiteaudio.org\" target=\"_blank\" rel=\"noopener\">EllenWhiteAudio.org<\/a><\/p>\n<p><!-- FINAL FORMULARIO BOTAO PAGSEGURO -->\t\t<\/p>\n","protected":false},"excerpt":{"rendered":"<p>Audiolivros | Ellen G. White &nbsp; Ou\u00e7a dezenas de livros de Ellen G. White. Aqui voc\u00ea pode baixar a narra\u00e7\u00e3o dos livros para seu computador, para seu carro, ou aparelho de mp3. &nbsp; Atos dos Ap\u00f3stolos Benefic\u00eancia Social Caminho a Cristo A Ci\u00eancia do Bom Viver Conselhos sobre o Regime Alimentar Conselhos sobre Sa\u00fade O [&hellip;]<\/p>\n","protected":false},"author":1,"featured_media":0,"parent":2142,"menu_order":0,"comment_status":"closed","ping_status":"open","template":"page-no-title-no-indent.php","meta":{"footnotes":""},"class_list":["post-782","page","type-page","status-publish","hentry"],"_links":{"self":[{"href":"https:\/\/brendolin.com.br\/centrowhite\/wp-json\/wp\/v2\/pages\/782","targetHints":{"allow":["GET"]}}],"collection":[{"href":"https:\/\/brendolin.com.br\/centrowhite\/wp-json\/wp\/v2\/pages"}],"about":[{"href":"https:\/\/brendolin.com.br\/centrowhite\/wp-json\/wp\/v2\/types\/page"}],"author":[{"embeddable":true,"href":"https:\/\/brendolin.com.br\/centrowhite\/wp-json\/wp\/v2\/users\/1"}],"replies":[{"embeddable":true,"href":"https:\/\/brendolin.com.br\/centrowhite\/wp-json\/wp\/v2\/comments?post=782"}],"version-history":[{"count":0,"href":"https:\/\/brendolin.com.br\/centrowhite\/wp-json\/wp\/v2\/pages\/782\/revisions"}],"up":[{"embeddable":true,"href":"https:\/\/brendolin.com.br\/centrowhite\/wp-json\/wp\/v2\/pages\/2142"}],"wp:attachment":[{"href":"https:\/\/brendolin.com.br\/centrowhite\/wp-json\/wp\/v2\/media?parent=782"}],"curies":[{"name":"wp","href":"https:\/\/api.w.org\/{rel}","templated":true}]}}