{"id":6,"date":"2022-08-26T18:52:20","date_gmt":"2022-08-26T21:52:20","guid":{"rendered":"https:\/\/brendolin.com.br\/orizon\/?page_id=6"},"modified":"2022-10-28T14:18:14","modified_gmt":"2022-10-28T17:18:14","slug":"elementor-6","status":"publish","type":"page","link":"https:\/\/brendolin.com.br\/orizon\/","title":{"rendered":"In\u00edcio"},"content":{"rendered":"\t\t<div data-elementor-type=\"wp-post\" data-elementor-id=\"6\" class=\"elementor elementor-6\">\n\t\t\t\t\t\t\t\t\t<section class=\"elementor-section elementor-top-section elementor-element elementor-element-4835f30 elementor-section-full_width elementor-section-stretched elementor-section-height-default elementor-section-height-default\" data-id=\"4835f30\" data-element_type=\"section\" data-settings=\"{&quot;stretch_section&quot;:&quot;section-stretched&quot;}\">\n\t\t\t\t\t\t<div class=\"elementor-container elementor-column-gap-default\">\n\t\t\t\t\t<div class=\"elementor-column elementor-col-100 elementor-top-column elementor-element elementor-element-efa4895\" data-id=\"efa4895\" data-element_type=\"column\">\n\t\t\t<div class=\"elementor-widget-wrap elementor-element-populated\">\n\t\t\t\t\t\t\t\t<div class=\"elementor-element elementor-element-aefc05a elementor-widget elementor-widget-slider_revolution\" data-id=\"aefc05a\" data-element_type=\"widget\" data-widget_type=\"slider_revolution.default\">\n\t\t\t\t<div class=\"elementor-widget-container\">\n\t\t\t\n\t\t<div class=\"wp-block-themepunch-revslider\">\n\t\t\t<!-- START Slider 1 REVOLUTION SLIDER 6.5.11 --><p class=\"rs-p-wp-fix\"><\/p>\n\t\t\t<rs-module-wrap id=\"rev_slider_1_1_wrapper\" data-source=\"gallery\" style=\"visibility:hidden;background:transparent;padding:0;margin:0px auto;margin-top:0;margin-bottom:0;\">\n\t\t\t\t<rs-module id=\"rev_slider_1_1\" style=\"\" data-version=\"6.5.11\">\n\t\t\t\t\t<rs-slides>\n\t\t\t\t\t\t<rs-slide style=\"position: absolute;\" data-key=\"rs-1\" data-title=\"Slide\" data-in=\"o:0;\" data-out=\"a:false;\">\n\t\t\t\t\t\t\t<img decoding=\"async\" src=\"\/\/brendolin.com.br\/orizon\/wp-content\/plugins\/revslider\/public\/assets\/assets\/dummy.png\" title=\"In\u00edcio\" class=\"rev-slidebg tp-rs-img rs-lazyload\" data-lazyload=\"\/\/img.youtube.com\/vi\/AzTeZb0qvkk\/sddefault.jpg\" data-no-retina>\n\t\t\t\t\t\t\t<rs-bgvideo \n\t\t\t\t\t\t\t\tdata-video=\"vc:none;w:100%;h:100%;nse:false;l:true;ptimer:false;\"\n\t\t\t\t\t\t\t\tdata-ytid=\"P0BzProJjzo\"\n\t\t\t\t\t\t\t\tdata-vatr=\"version=3&amp;enablejsapi=1&amp;html5=1&amp;hd=1&amp;wmode=opaque&amp;showinfo=0&amp;rel=0&amp;origin=https:\/\/brendolin.com.br;\"\n\t\t\t\t\t\t\t><\/rs-bgvideo>\n<!---->\t\t\t\t\t\t<\/rs-slide>\n\t\t\t\t\t<\/rs-slides>\n\t\t\t\t<\/rs-module>\n\t\t\t\t<script type=\"text\/javascript\">\n\t\t\t\t\tsetREVStartSize({c: 'rev_slider_1_1',rl:[1240,1024,778,480],el:[720,768,960,720],gw:[1240,1024,778,480],gh:[720,540,460,390],type:'standard',justify:'',layout:'fullwidth',mh:\"0\"});if (window.RS_MODULES!==undefined && window.RS_MODULES.modules!==undefined && window.RS_MODULES.modules[\"revslider11\"]!==undefined) {window.RS_MODULES.modules[\"revslider11\"].once = false;window.revapi1 = undefined;if (window.RS_MODULES.checkMinimal!==undefined) window.RS_MODULES.checkMinimal()}\n\t\t\t\t<\/script>\n\t\t\t\t<script src=\"https:\/\/www.youtube.com\/iframe_api\"><\/script>\n\t\t\t<\/rs-module-wrap>\n\t\t\t<!-- END REVOLUTION SLIDER -->\n<\/div>\n\n\t\t\t\t<\/div>\n\t\t\t\t<\/div>\n\t\t\t\t\t<\/div>\n\t\t<\/div>\n\t\t\t\t\t\t\t<\/div>\n\t\t<\/section>\n\t\t\t\t<section class=\"elementor-section elementor-top-section elementor-element elementor-element-acfc71e elementor-section-boxed elementor-section-height-default elementor-section-height-default\" data-id=\"acfc71e\" data-element_type=\"section\">\n\t\t\t\t\t\t<div class=\"elementor-container elementor-column-gap-default\">\n\t\t\t\t\t<div class=\"elementor-column elementor-col-100 elementor-top-column elementor-element elementor-element-742156f\" data-id=\"742156f\" data-element_type=\"column\">\n\t\t\t<div class=\"elementor-widget-wrap elementor-element-populated\">\n\t\t\t\t\t\t\t\t<div class=\"elementor-element elementor-element-f5bb3da elementor-absolute elementor-widget elementor-widget-heading\" data-id=\"f5bb3da\" data-element_type=\"widget\" id=\"titulo-nossa-atuacao\" data-settings=\"{&quot;_position&quot;:&quot;absolute&quot;}\" data-widget_type=\"heading.default\">\n\t\t\t\t<div class=\"elementor-widget-container\">\n\t\t\t<style>\/*! elementor - v3.7.4 - 31-08-2022 *\/\n.elementor-heading-title{padding:0;margin:0;line-height:1}.elementor-widget-heading .elementor-heading-title[class*=elementor-size-]>a{color:inherit;font-size:inherit;line-height:inherit}.elementor-widget-heading .elementor-heading-title.elementor-size-small{font-size:15px}.elementor-widget-heading .elementor-heading-title.elementor-size-medium{font-size:19px}.elementor-widget-heading .elementor-heading-title.elementor-size-large{font-size:29px}.elementor-widget-heading .elementor-heading-title.elementor-size-xl{font-size:39px}.elementor-widget-heading .elementor-heading-title.elementor-size-xxl{font-size:59px}<\/style><h2 class=\"elementor-heading-title elementor-size-default\">NOSSA ATUA\u00c7\u00c3O<\/h2>\t\t<\/div>\n\t\t\t\t<\/div>\n\t\t\t\t<div class=\"elementor-element elementor-element-620564f elementor-widget elementor-widget-html\" data-id=\"620564f\" data-element_type=\"widget\" data-widget_type=\"html.default\">\n\t\t\t\t<div class=\"elementor-widget-container\">\n\t\t\t<div class=\"swiper nossa-atuacao\">\r\n    <div class=\"swiper-wrapper\">\r\n        <div class=\"swiper-slide\">\r\n            <a href=\"#\">\r\n                <h3 data-aos=\"fade-up\" >\r\n                    <span>01.<\/span>\r\n                    Ecoparques:\r\n                    Destina\u00e7\u00e3o de\r\n                    res\u00edduos s\u00f3lidos\r\n                <\/h3>\r\n            <\/a>\r\n        <\/div>\r\n\r\n        <div class=\"swiper-slide\">\r\n            <a href=\"#\">\r\n            <h3 data-aos=\"fade-up\" >\r\n                    <span>02.<\/span>\r\n                    Gera\u00e7\u00e3o de Energia e G\u00e1s Renov\u00e1vel\r\n                <\/h3>\r\n            <\/a>\r\n        <\/div>\r\n\r\n        <div class=\"swiper-slide\">\r\n            <a href=\"#\">\r\n            <h3 data-aos=\"fade-up\">\r\n                    <span>03.<\/span>\r\n                    Produ\u00e7\u00e3o de Recicl\u00e1veis\r\n                <\/h3>\r\n            <\/a>\r\n        <\/div>\r\n\r\n        <div class=\"swiper-slide\">\r\n            <a href=\"#\">\r\n            <h3 data-aos=\"fade-up\" >\r\n                    <span>04.<\/span>\r\n                    Produ\u00e7\u00e3o de\r\n                    Fertilizantes\r\n                    verdes\r\n                <\/h3>\r\n            <\/a>\r\n        <\/div>\r\n\r\n        <div class=\"swiper-slide\">\r\n            <a href=\"#\">\r\n            <h3 data-aos=\"fade-up\" >\r\n                    <span>05.<\/span>\r\n                    UNIDADE DE\r\n                    RECUPERA\u00c7\u00c3O\r\n                    ENERG\u00c9TICA\r\n                <\/h3>\r\n            <\/a>\r\n        <\/div>\r\n\r\n\r\n    <\/div>\r\n<\/div>\t\t<\/div>\n\t\t\t\t<\/div>\n\t\t\t\t\t<\/div>\n\t\t<\/div>\n\t\t\t\t\t\t\t<\/div>\n\t\t<\/section>\n\t\t\t\t<section class=\"elementor-section elementor-top-section elementor-element elementor-element-92f71e2 nosso-modelo elementor-section-boxed elementor-section-height-default elementor-section-height-default\" data-id=\"92f71e2\" data-element_type=\"section\" id=\"nosso-modelo\">\n\t\t\t\t\t\t<div class=\"elementor-container elementor-column-gap-default\">\n\t\t\t\t\t<div class=\"elementor-column elementor-col-100 elementor-top-column elementor-element elementor-element-217c408\" data-id=\"217c408\" data-element_type=\"column\">\n\t\t\t<div class=\"elementor-widget-wrap elementor-element-populated\">\n\t\t\t\t\t\t\t\t<section class=\"elementor-section elementor-inner-section elementor-element elementor-element-948c9cd opening-text elementor-section-boxed elementor-section-height-default elementor-section-height-default\" data-id=\"948c9cd\" data-element_type=\"section\">\n\t\t\t\t\t\t<div class=\"elementor-container elementor-column-gap-default\">\n\t\t\t\t\t<div class=\"elementor-column elementor-col-50 elementor-inner-column elementor-element elementor-element-e920f74\" data-id=\"e920f74\" data-element_type=\"column\">\n\t\t\t<div class=\"elementor-widget-wrap elementor-element-populated\">\n\t\t\t\t\t\t\t\t<div class=\"elementor-element elementor-element-8da6beb elementor-widget elementor-widget-heading\" data-id=\"8da6beb\" data-element_type=\"widget\" data-widget_type=\"heading.default\">\n\t\t\t\t<div class=\"elementor-widget-container\">\n\t\t\t<h2 class=\"elementor-heading-title elementor-size-default\">Nosso modelo de neg\u00f3cio<\/h2>\t\t<\/div>\n\t\t\t\t<\/div>\n\t\t\t\t\t<\/div>\n\t\t<\/div>\n\t\t\t\t<div class=\"elementor-column elementor-col-50 elementor-inner-column elementor-element elementor-element-b9806cb\" data-id=\"b9806cb\" data-element_type=\"column\">\n\t\t\t<div class=\"elementor-widget-wrap elementor-element-populated\">\n\t\t\t\t\t\t\t\t<div class=\"elementor-element elementor-element-3971beb elementor-widget elementor-widget-text-editor\" data-id=\"3971beb\" data-element_type=\"widget\" data-widget_type=\"text-editor.default\">\n\t\t\t\t<div class=\"elementor-widget-container\">\n\t\t\t<style>\/*! elementor - v3.7.4 - 31-08-2022 *\/\n.elementor-widget-text-editor.elementor-drop-cap-view-stacked .elementor-drop-cap{background-color:#818a91;color:#fff}.elementor-widget-text-editor.elementor-drop-cap-view-framed .elementor-drop-cap{color:#818a91;border:3px solid;background-color:transparent}.elementor-widget-text-editor:not(.elementor-drop-cap-view-default) .elementor-drop-cap{margin-top:8px}.elementor-widget-text-editor:not(.elementor-drop-cap-view-default) .elementor-drop-cap-letter{width:1em;height:1em}.elementor-widget-text-editor .elementor-drop-cap{float:left;text-align:center;line-height:1;font-size:50px}.elementor-widget-text-editor .elementor-drop-cap-letter{display:inline-block}<\/style>\t\t\t\t<p>Acreditamos no desenvolvimento sustent\u00e1vel das cidades, investindo em inova\u00e7\u00e3o e tecnologia.<\/p>\t\t\t\t\t\t<\/div>\n\t\t\t\t<\/div>\n\t\t\t\t\t<\/div>\n\t\t<\/div>\n\t\t\t\t\t\t\t<\/div>\n\t\t<\/section>\n\t\t\t\t<section class=\"elementor-section elementor-inner-section elementor-element elementor-element-2be5df6 nosso_modelo_circulo elementor-section-boxed elementor-section-height-default elementor-section-height-default\" data-id=\"2be5df6\" data-element_type=\"section\">\n\t\t\t\t\t\t<div class=\"elementor-container elementor-column-gap-default\">\n\t\t\t\t\t<div class=\"elementor-column elementor-col-100 elementor-inner-column elementor-element elementor-element-3ce9aec\" data-id=\"3ce9aec\" data-element_type=\"column\" id=\"modelos\">\n\t\t\t<div class=\"elementor-widget-wrap elementor-element-populated\">\n\t\t\t\t\t\t\t\t<div class=\"elementor-element elementor-element-875b72b active elementor-widget elementor-widget-text-editor\" data-id=\"875b72b\" data-element_type=\"widget\" data-widget_type=\"text-editor.default\">\n\t\t\t\t<div class=\"elementor-widget-container\">\n\t\t\t\t\t\t\t<ul>\n \t<li>\n<h6>Energia\nrenov\u00e1vel\n<em>Gera\u00e7\u00e3o de Energia Renov\u00e1vel a partir do Biog\u00e1s e Biometano.<\/em><\/h6>\n<img loading=\"lazy\" decoding=\"async\" class=\"alignnone size-full wp-image-680\" src=\"https:\/\/brendolin.com.br\/orizon\/wp-content\/uploads\/2022\/10\/energia_renovavel.png\" alt=\"\" width=\"262\" height=\"242\" \/><\/li>\n \t<li>\n<h6>Biog\u00e1s<em>Capta\u00e7\u00e3o e aproveitamento do Biog\u00e1s em todos os Ecoparques.<\/em><\/h6>\n<img loading=\"lazy\" decoding=\"async\" class=\"alignnone size-full wp-image-681\" src=\"https:\/\/brendolin.com.br\/orizon\/wp-content\/uploads\/2022\/10\/biogas.png\" alt=\"\" width=\"262\" height=\"242\" \/><\/li>\n \t<li>\n<h6>Biometano\n<em>Gera\u00e7\u00e3o de Biometano a partir da purifica\u00e7\u00e3o do Biog\u00e1s.<\/em><\/h6>\n<img loading=\"lazy\" decoding=\"async\" class=\"alignnone size-full wp-image-682\" src=\"https:\/\/brendolin.com.br\/orizon\/wp-content\/uploads\/2022\/10\/biometano.png\" alt=\"\" width=\"262\" height=\"242\" \/><\/li>\n \t<li>\n<h6>Produtos Recicl\u00e1veis\n<em>Triagem e reaproveitamento de materiais recicl\u00e1veis.<\/em><\/h6>\n<img loading=\"lazy\" decoding=\"async\" class=\"alignnone size-full wp-image-683\" src=\"https:\/\/brendolin.com.br\/orizon\/wp-content\/uploads\/2022\/10\/reciclados.png\" width=\"262\" height=\"242\" \/><\/li>\n \t<li>\n<h6>Cr\u00e9ditos\nde Carbono\n<em>Gera\u00e7\u00e3o de Cr\u00e9ditos de Carbono ao evitar a emiss\u00e3o do G\u00e1s Metano na Atmosfera.<\/em><\/h6>\n<img loading=\"lazy\" decoding=\"async\" class=\"alignnone size-full wp-image-684\" src=\"https:\/\/brendolin.com.br\/orizon\/wp-content\/uploads\/2022\/10\/credito_carbono.png\" width=\"262\" height=\"242\" \/><\/li>\n<\/ul>\n<ul>\n \t<li>\n<h6>Cr\u00e9ditos\nde Reciclagem\n<em>Gera\u00e7\u00e3o de Cr\u00e9ditos de Reciclagem.<\/em><\/h6>\n<img loading=\"lazy\" decoding=\"async\" class=\"alignnone size-full wp-image-684\" src=\"https:\/\/brendolin.com.br\/orizon\/wp-content\/uploads\/2022\/10\/credito_reciclagem.png\" width=\"262\" height=\"242\" \/><\/li>\n \t<li>\n<h6>Pl\u00e1stico Verde\n<em>Gera\u00e7\u00e3o de produtos a partir da recupera\u00e7\u00e3o de res\u00edduos.<\/em><\/h6>\n<img loading=\"lazy\" decoding=\"async\" class=\"alignnone size-full wp-image-684\" src=\"https:\/\/brendolin.com.br\/orizon\/wp-content\/uploads\/2022\/10\/plastico_verde.png\" width=\"262\" height=\"242\" \/><\/li>\n<li>\n<h6>CDR\n<em>Gera\u00e7\u00e3o de Combust\u00edvel Derivado de Res\u00edduo.<\/em><\/h6>\n<img loading=\"lazy\" decoding=\"async\" class=\"alignnone size-full wp-image-684\" src=\"https:\/\/brendolin.com.br\/orizon\/wp-content\/uploads\/2022\/10\/combustivel_residuos.png\" width=\"262\" height=\"242\" \/><\/li>\n\n \t<li>\n<h6>\u00c1gua de reuso\n<em>Tratamento do chorume para transforma\u00e7\u00e3o em \u00e1gua de reuso.<\/em><\/h6>\n<img loading=\"lazy\" decoding=\"async\" class=\"alignnone size-full wp-image-684\" src=\"https:\/\/brendolin.com.br\/orizon\/wp-content\/uploads\/2022\/10\/agua_reuso.png\" width=\"262\" height=\"242\" \/><\/li>\n \t<li>\n<h6>Fertilizante Verde\n<em>Compostagem de res\u00edduos para produ\u00e7\u00e3o de fertilizante organomineral.<\/em><\/h6>\n<img loading=\"lazy\" decoding=\"async\" class=\"alignnone size-full wp-image-684\" src=\"https:\/\/brendolin.com.br\/orizon\/wp-content\/uploads\/2022\/10\/fertilizantes.png\" width=\"262\" height=\"242\" \/><\/li>\n<\/ul>\t\t\t\t\t\t<\/div>\n\t\t\t\t<\/div>\n\t\t\t\t\t<\/div>\n\t\t<\/div>\n\t\t\t\t\t\t\t<\/div>\n\t\t<\/section>\n\t\t\t\t<section class=\"elementor-section elementor-inner-section elementor-element elementor-element-fc39bd6 ecoparque elementor-section-boxed elementor-section-height-default elementor-section-height-default\" data-id=\"fc39bd6\" data-element_type=\"section\">\n\t\t\t\t\t\t<div class=\"elementor-container elementor-column-gap-default\">\n\t\t\t\t\t<div class=\"elementor-column elementor-col-33 elementor-inner-column elementor-element elementor-element-0ff538a ecoparque-controller\" data-id=\"0ff538a\" data-element_type=\"column\">\n\t\t\t<div class=\"elementor-widget-wrap elementor-element-populated\">\n\t\t\t\t\t\t\t\t<div class=\"elementor-element elementor-element-0d53f73 elementor-widget elementor-widget-button\" data-id=\"0d53f73\" data-element_type=\"widget\" data-widget_type=\"button.default\">\n\t\t\t\t<div class=\"elementor-widget-container\">\n\t\t\t\t\t<div class=\"elementor-button-wrapper\">\n\t\t\t<a href=\"#\" class=\"elementor-button-link elementor-button elementor-size-sm\" role=\"button\" id=\"rotate-left\">\n\t\t\t\t\t\t<span class=\"elementor-button-content-wrapper\">\n\t\t\t\t\t\t<span class=\"elementor-button-text\">Clique aqui<\/span>\n\t\t<\/span>\n\t\t\t\t\t<\/a>\n\t\t<\/div>\n\t\t\t\t<\/div>\n\t\t\t\t<\/div>\n\t\t\t\t\t<\/div>\n\t\t<\/div>\n\t\t\t\t<div class=\"elementor-column elementor-col-33 elementor-inner-column elementor-element elementor-element-fcc7b4c ecoparque-image\" data-id=\"fcc7b4c\" data-element_type=\"column\">\n\t\t\t<div class=\"elementor-widget-wrap elementor-element-populated\">\n\t\t\t\t\t\t\t\t<div class=\"elementor-element elementor-element-2401020 elementor-widget elementor-widget-image\" data-id=\"2401020\" data-element_type=\"widget\" data-widget_type=\"image.default\">\n\t\t\t\t<div class=\"elementor-widget-container\">\n\t\t\t<style>\/*! elementor - v3.7.4 - 31-08-2022 *\/\n.elementor-widget-image{text-align:center}.elementor-widget-image a{display:inline-block}.elementor-widget-image a img[src$=\".svg\"]{width:48px}.elementor-widget-image img{vertical-align:middle;display:inline-block}<\/style>\t\t\t\t\t\t\t\t\t\t\t\t<img decoding=\"async\" src=\"https:\/\/brendolin.com.br\/orizon\/wp-content\/uploads\/2022\/10\/circulo-ecoparque.png\" title=\"circulo-ecoparque\" alt=\"circulo-ecoparque\" \/>\t\t\t\t\t\t\t\t\t\t\t\t\t\t\t<\/div>\n\t\t\t\t<\/div>\n\t\t\t\t\t<\/div>\n\t\t<\/div>\n\t\t\t\t<div class=\"elementor-column elementor-col-33 elementor-inner-column elementor-element elementor-element-fb44101 ecoparque-controller\" data-id=\"fb44101\" data-element_type=\"column\">\n\t\t\t<div class=\"elementor-widget-wrap elementor-element-populated\">\n\t\t\t\t\t\t\t\t<div class=\"elementor-element elementor-element-0e95297 elementor-widget elementor-widget-button\" data-id=\"0e95297\" data-element_type=\"widget\" data-widget_type=\"button.default\">\n\t\t\t\t<div class=\"elementor-widget-container\">\n\t\t\t\t\t<div class=\"elementor-button-wrapper\">\n\t\t\t<a href=\"#\" class=\"elementor-button-link elementor-button elementor-size-sm\" role=\"button\" id=\"rotate-right\">\n\t\t\t\t\t\t<span class=\"elementor-button-content-wrapper\">\n\t\t\t\t\t\t<span class=\"elementor-button-text\">Clique aqui<\/span>\n\t\t<\/span>\n\t\t\t\t\t<\/a>\n\t\t<\/div>\n\t\t\t\t<\/div>\n\t\t\t\t<\/div>\n\t\t\t\t\t<\/div>\n\t\t<\/div>\n\t\t\t\t\t\t\t<\/div>\n\t\t<\/section>\n\t\t\t\t\t<\/div>\n\t\t<\/div>\n\t\t\t\t\t\t\t<\/div>\n\t\t<\/section>\n\t\t\t\t<section class=\"elementor-section elementor-top-section elementor-element elementor-element-8858283 elementor-section-full_width row-antes-e-depois elementor-section-height-default elementor-section-height-default\" data-id=\"8858283\" data-element_type=\"section\">\n\t\t\t\t\t\t<div class=\"elementor-container elementor-column-gap-default\">\n\t\t\t\t\t<div class=\"elementor-column elementor-col-100 elementor-top-column elementor-element elementor-element-5834e28 row-relativa\" data-id=\"5834e28\" data-element_type=\"column\">\n\t\t\t<div class=\"elementor-widget-wrap elementor-element-populated\">\n\t\t\t\t\t\t\t\t<div class=\"elementor-element elementor-element-f643376 elementor-absolute titulo-hover mundo-queremos elementor-widget elementor-widget-text-editor\" data-id=\"f643376\" data-element_type=\"widget\" data-settings=\"{&quot;_position&quot;:&quot;absolute&quot;}\" data-aos=\"fade-up\" data-widget_type=\"text-editor.default\">\n\t\t\t\t<div class=\"elementor-widget-container\">\n\t\t\t\t\t\t\t<h2 style=\"text-align: center;\">\u00a0<\/h2><p>\u00a0<\/p><p style=\"text-align: center;\"><a href=\"#\">Saiba mais<\/a><\/p>\t\t\t\t\t\t<\/div>\n\t\t\t\t<\/div>\n\t\t\t\t<div class=\"elementor-element elementor-element-7e0838c elementor-widget elementor-widget-beaf-slider\" data-id=\"7e0838c\" data-element_type=\"widget\" data-widget_type=\"beaf-slider.default\">\n\t\t\t\t<div class=\"elementor-widget-container\">\n\t\t\t\r\n        \t\r\n\t<style>\r\n\t\t.slider-info-229.bafg-slider-info .bafg-slider-title {\r\n\t\t\t\t\t\tfont-size: 22px;\r\n\t\t\t\t\t\t\r\n\t\t\t\r\n\t\t\t\t\t}\r\n\r\n\t\t.slider-info-229.bafg-slider-info .bafg-slider-description {\r\n\t\t\t\r\n\t\t\t\r\n\t\t\t\t\t}\r\n\r\n\t\t.slider-info-229.bafg-slider-info .bafg_slider_readmore_button {\r\n\t\t\t\r\n\t\t\t\r\n\t\t\t\r\n\t\t\t\r\n\t\t\t\r\n\t\t\ttext-align: center;\r\n\r\n\t\t\t\r\n\t\t\t\r\n\t\t\t\r\n\t\t\t\r\n\t\t\t\r\n\t\t\t\r\n\t\t\t\t\t}\r\n\r\n\t\t.slider-info-229.bafg-slider-info .bafg_slider_readmore_button:hover {\r\n\r\n\t\t\t\r\n\t\t\t\r\n\t\t\t\t\t}\r\n\r\n\t<\/style>\r\n\t\r\n        <div class=\"bafg-twentytwenty-container slider-229 \" bafg-orientation=\"horizontal\" bafg-default-offset=\"0.3\" bafg-before-label=\"Before\" bafg-after-label=\"After\" bafg-overlay=\"yes\" bafg-move-slider-on-hover=\"no\" bafg-click-to-move=\"no\">\r\n        \r\n            <img decoding=\"async\" class=\"skip-lazy\" data-skip-lazy src=\"https:\/\/brendolin.com.br\/orizon\/wp-content\/uploads\/2022\/10\/antes-e-depois_1_com_frase.jpg\" alt=\"\">\r\n            <img decoding=\"async\" class=\"skip-lazy\" data-skip-lazy src=\"https:\/\/brendolin.com.br\/orizon\/wp-content\/uploads\/2022\/10\/antes-e-depois_2_com_frase.jpg\" alt=\"\">\r\n            \r\n        <\/div>\r\n\r\n        \t<div class=\"bafg-slider-info-wraper\">\r\n\t\t<div style=\"\" class=\"slider-info-229 bafg-slider-info\">\r\n\t\t\t\t\t<\/div>\r\n\t<\/div>\r\n\t\r\n        <style>\r\n            \r\n        <\/style>\r\n        \t\t<\/div>\n\t\t\t\t<\/div>\n\t\t\t\t\t<\/div>\n\t\t<\/div>\n\t\t\t\t\t\t\t<\/div>\n\t\t<\/section>\n\t\t\t\t\t\t\t<\/div>\n\t\t","protected":false},"excerpt":{"rendered":"<p>NOSSA ATUA\u00c7\u00c3O 01. Ecoparques: Destina\u00e7\u00e3o de res\u00edduos s\u00f3lidos 02. Gera\u00e7\u00e3o de Energia e G\u00e1s Renov\u00e1vel 03. Produ\u00e7\u00e3o de Recicl\u00e1veis 04. Produ\u00e7\u00e3o de Fertilizantes verdes 05. UNIDADE DE RECUPERA\u00c7\u00c3O ENERG\u00c9TICA Nosso modelo de neg\u00f3cio Acreditamos no desenvolvimento sustent\u00e1vel das cidades, investindo em inova\u00e7\u00e3o e tecnologia. Energia renov\u00e1vel Gera\u00e7\u00e3o de Energia Renov\u00e1vel a partir do Biog\u00e1s e [&hellip;]<\/p>\n","protected":false},"author":1,"featured_media":0,"parent":0,"menu_order":0,"comment_status":"closed","ping_status":"closed","template":"","meta":{"footnotes":""},"class_list":["post-6","page","type-page","status-publish","hentry"],"_links":{"self":[{"href":"https:\/\/brendolin.com.br\/orizon\/index.php?rest_route=\/wp\/v2\/pages\/6"}],"collection":[{"href":"https:\/\/brendolin.com.br\/orizon\/index.php?rest_route=\/wp\/v2\/pages"}],"about":[{"href":"https:\/\/brendolin.com.br\/orizon\/index.php?rest_route=\/wp\/v2\/types\/page"}],"author":[{"embeddable":true,"href":"https:\/\/brendolin.com.br\/orizon\/index.php?rest_route=\/wp\/v2\/users\/1"}],"replies":[{"embeddable":true,"href":"https:\/\/brendolin.com.br\/orizon\/index.php?rest_route=%2Fwp%2Fv2%2Fcomments&post=6"}],"version-history":[{"count":488,"href":"https:\/\/brendolin.com.br\/orizon\/index.php?rest_route=\/wp\/v2\/pages\/6\/revisions"}],"predecessor-version":[{"id":731,"href":"https:\/\/brendolin.com.br\/orizon\/index.php?rest_route=\/wp\/v2\/pages\/6\/revisions\/731"}],"wp:attachment":[{"href":"https:\/\/brendolin.com.br\/orizon\/index.php?rest_route=%2Fwp%2Fv2%2Fmedia&parent=6"}],"curies":[{"name":"wp","href":"https:\/\/api.w.org\/{rel}","templated":true}]}}